{"id":78625,"date":"2026-03-14T23:29:59","date_gmt":"2026-03-14T23:29:59","guid":{"rendered":"https:\/\/joutia.shop\/product\/waipu-telecommande-tv-avec-boutons-de-selection-rapide-pour-cle-waipu-tv-4k-2\/"},"modified":"2026-03-14T23:29:59","modified_gmt":"2026-03-14T23:29:59","slug":"waipu-telecommande-tv-avec-boutons-de-selection-rapide-pour-cle-waipu-tv-4k-2","status":"publish","type":"product","link":"https:\/\/joutia.shop\/en\/product\/waipu-telecommande-tv-avec-boutons-de-selection-rapide-pour-cle-waipu-tv-4k-2\/","title":{"rendered":"waipu. T\u00e9l\u00e9commande TV avec boutons de s\u00e9lection rapide pour cl\u00e9 waipu.tv 4K"},"content":{"rendered":"<h2>Samsung TV Crystal UHD 4K 2024 98DU9005 Smart TV de 98&Prime; avec des Couleurs Incroyables, Le Meilleur Smart TV, Pied \u00e0 Hauteur R\u00e9glable et Tous Les Haut-parleurs Simultan\u00e9ment avec Q-Symphony<\/h2>\n<p>Le produit <strong>Samsung TV Crystal UHD 4K 2024 98DU9005 Smart TV de 98&Prime; avec des Couleurs Incroyables, Le Meilleur Smart TV, Pied \u00e0 Hauteur R\u00e9glable et Tous Les Haut-parleurs Simultan\u00e9ment avec Q-Symphony<\/strong> est con\u00e7u pour offrir performance, fiabilit\u00e9 et confort d&rsquo;utilisation.<\/p>\n<p>Ce produit est id\u00e9al pour une utilisation quotidienne et r\u00e9pond parfaitement aux besoins des utilisateurs recherchant qualit\u00e9 et efficacit\u00e9.<\/p>\n<h3>Caract\u00e9ristiques principales<\/h3>\n<ul>\n<li>Conception robuste et durable<\/li>\n<li>Utilisation simple et intuitive<\/li>\n<li>Performance fiable<\/li>\n<li>Excellent rapport qualit\u00e9-prix<\/li>\n<\/ul>","protected":false},"excerpt":{"rendered":"<p>Samsung TV Crystal UHD 4K 2024 98DU9005 Smart TV de 98&Prime; avec des Couleurs Incroyables, Le Meilleur Smart TV, Pied \u00e0 Hauteur R\u00e9glable et Tous Les Haut-parleurs Simultan\u00e9ment avec Q-Symphony &#8211; produit de qualit\u00e9 con\u00e7u pour un usage quotidien, offrant performance et fiabilit\u00e9.<\/p>","protected":false},"featured_media":77722,"comment_status":"open","ping_status":"closed","template":"","meta":[],"product_brand":[],"product_cat":[314],"product_tag":[315],"class_list":{"0":"post-78625","1":"product","2":"type-product","3":"status-publish","4":"has-post-thumbnail","6":"product_cat-television","7":"product_tag-tv-4k","9":"first","10":"instock","11":"shipping-taxable","12":"product-type-external"},"_links":{"self":[{"href":"https:\/\/joutia.shop\/en\/wp-json\/wp\/v2\/product\/78625","targetHints":{"allow":["GET"]}}],"collection":[{"href":"https:\/\/joutia.shop\/en\/wp-json\/wp\/v2\/product"}],"about":[{"href":"https:\/\/joutia.shop\/en\/wp-json\/wp\/v2\/types\/product"}],"replies":[{"embeddable":true,"href":"https:\/\/joutia.shop\/en\/wp-json\/wp\/v2\/comments?post=78625"}],"wp:featuredmedia":[{"embeddable":true,"href":"https:\/\/joutia.shop\/en\/wp-json\/wp\/v2\/media\/77722"}],"wp:attachment":[{"href":"https:\/\/joutia.shop\/en\/wp-json\/wp\/v2\/media?parent=78625"}],"wp:term":[{"taxonomy":"product_brand","embeddable":true,"href":"https:\/\/joutia.shop\/en\/wp-json\/wp\/v2\/product_brand?post=78625"},{"taxonomy":"product_cat","embeddable":true,"href":"https:\/\/joutia.shop\/en\/wp-json\/wp\/v2\/product_cat?post=78625"},{"taxonomy":"product_tag","embeddable":true,"href":"https:\/\/joutia.shop\/en\/wp-json\/wp\/v2\/product_tag?post=78625"}],"curies":[{"name":"wp","href":"https:\/\/api.w.org\/{rel}","templated":true}]}}