{"id":78622,"date":"2026-03-14T23:29:59","date_gmt":"2026-03-14T23:29:59","guid":{"rendered":"https:\/\/joutia.shop\/product\/smart-tech-tv-led-4k-uhd-43-139-cm-smart-tv-web-os-43uw02v-molotov-netflix-prime-video-disney-3xhdmi-2xusb-memc-dolby-audio-2\/"},"modified":"2026-03-14T23:29:59","modified_gmt":"2026-03-14T23:29:59","slug":"smart-tech-tv-led-4k-uhd-43-139-cm-smart-tv-web-os-43uw02v-molotov-netflix-prime-video-disney-3xhdmi-2xusb-memc-dolby-audio-2","status":"publish","type":"product","link":"https:\/\/joutia.shop\/en\/product\/smart-tech-tv-led-4k-uhd-43-139-cm-smart-tv-web-os-43uw02v-molotov-netflix-prime-video-disney-3xhdmi-2xusb-memc-dolby-audio-2\/","title":{"rendered":"Smart Tech TV LED 4K UHD 43&prime; (139 cm) Smart TV Web OS-43UW02V- Molotov, Netflix, Prime Video, Disney+ &#8211; 3xHDMI &#8211; 2xUSB &#8211; MEMC- Dolby Audio"},"content":{"rendered":"<h2>TCL 50C61KS QD-Mini TV LED 50&Prime;, 4K UHD, Smart Google TV avec Dolby Atmos, Game Master<\/h2>\n<p>Le produit <strong>TCL 50C61KS QD-Mini TV LED 50&Prime;, 4K UHD, Smart Google TV avec Dolby Atmos, Game Master<\/strong> est con\u00e7u pour offrir performance, fiabilit\u00e9 et confort d&rsquo;utilisation.<\/p>\n<p>Ce produit est id\u00e9al pour une utilisation quotidienne et r\u00e9pond parfaitement aux besoins des utilisateurs recherchant qualit\u00e9 et efficacit\u00e9.<\/p>\n<h3>Caract\u00e9ristiques principales<\/h3>\n<ul>\n<li>Conception robuste et durable<\/li>\n<li>Utilisation simple et intuitive<\/li>\n<li>Performance fiable<\/li>\n<li>Excellent rapport qualit\u00e9-prix<\/li>\n<\/ul>","protected":false},"excerpt":{"rendered":"<p>TCL 50C61KS QD-Mini TV LED 50&Prime;, 4K UHD, Smart Google TV avec Dolby Atmos, Game Master &#8211; produit de qualit\u00e9 con\u00e7u pour un usage quotidien, offrant performance et fiabilit\u00e9.<\/p>","protected":false},"featured_media":78028,"comment_status":"open","ping_status":"closed","template":"","meta":[],"product_brand":[],"product_cat":[314],"product_tag":[315],"class_list":{"0":"post-78622","1":"product","2":"type-product","3":"status-publish","4":"has-post-thumbnail","6":"product_cat-television","7":"product_tag-tv-4k","9":"first","10":"instock","11":"shipping-taxable","12":"product-type-external"},"_links":{"self":[{"href":"https:\/\/joutia.shop\/en\/wp-json\/wp\/v2\/product\/78622","targetHints":{"allow":["GET"]}}],"collection":[{"href":"https:\/\/joutia.shop\/en\/wp-json\/wp\/v2\/product"}],"about":[{"href":"https:\/\/joutia.shop\/en\/wp-json\/wp\/v2\/types\/product"}],"replies":[{"embeddable":true,"href":"https:\/\/joutia.shop\/en\/wp-json\/wp\/v2\/comments?post=78622"}],"wp:featuredmedia":[{"embeddable":true,"href":"https:\/\/joutia.shop\/en\/wp-json\/wp\/v2\/media\/78028"}],"wp:attachment":[{"href":"https:\/\/joutia.shop\/en\/wp-json\/wp\/v2\/media?parent=78622"}],"wp:term":[{"taxonomy":"product_brand","embeddable":true,"href":"https:\/\/joutia.shop\/en\/wp-json\/wp\/v2\/product_brand?post=78622"},{"taxonomy":"product_cat","embeddable":true,"href":"https:\/\/joutia.shop\/en\/wp-json\/wp\/v2\/product_cat?post=78622"},{"taxonomy":"product_tag","embeddable":true,"href":"https:\/\/joutia.shop\/en\/wp-json\/wp\/v2\/product_tag?post=78622"}],"curies":[{"name":"wp","href":"https:\/\/api.w.org\/{rel}","templated":true}]}}