{"id":78613,"date":"2026-03-14T23:29:57","date_gmt":"2026-03-14T23:29:57","guid":{"rendered":"https:\/\/joutia.shop\/product\/lg-tv-oled-oled65c5-oled-evo-noir-profond-et-booster-de-luminosite-120-hz-4k-164-cm-2025-2\/"},"modified":"2026-03-14T23:29:58","modified_gmt":"2026-03-14T23:29:58","slug":"lg-tv-oled-oled65c5-oled-evo-noir-profond-et-booster-de-luminosite-120-hz-4k-164-cm-2025-2","status":"publish","type":"product","link":"https:\/\/joutia.shop\/en\/product\/lg-tv-oled-oled65c5-oled-evo-noir-profond-et-booster-de-luminosite-120-hz-4k-164-cm-2025-2\/","title":{"rendered":"LG TV OLED OLED65C5 OLED Evo Noir Profond et Booster de luminosit\u00e9 120 Hz 4K 164 cm 2025"},"content":{"rendered":"<h2>Samsung TV 43 Pouces Crystal UHD 43U7000F 4K Smart TV, Couleurs Incroyables avec Crystal Processor 4K, \u00c9coutez Tous Les Haut-parleurs avec Q-Symphony, Donn\u00e9es prot\u00e9g\u00e9es Knox Security et Gaming Hub<\/h2>\n<p>Le produit <strong>Samsung TV 43 Pouces Crystal UHD 43U7000F 4K Smart TV, Couleurs Incroyables avec Crystal Processor 4K, \u00c9coutez Tous Les Haut-parleurs avec Q-Symphony, Donn\u00e9es prot\u00e9g\u00e9es Knox Security et Gaming Hub<\/strong> est con\u00e7u pour offrir performance, fiabilit\u00e9 et confort d&rsquo;utilisation.<\/p>\n<p>Ce produit est id\u00e9al pour une utilisation quotidienne et r\u00e9pond parfaitement aux besoins des utilisateurs recherchant qualit\u00e9 et efficacit\u00e9.<\/p>\n<h3>Caract\u00e9ristiques principales<\/h3>\n<ul>\n<li>Conception robuste et durable<\/li>\n<li>Utilisation simple et intuitive<\/li>\n<li>Performance fiable<\/li>\n<li>Excellent rapport qualit\u00e9-prix<\/li>\n<\/ul>","protected":false},"excerpt":{"rendered":"<p>Samsung TV 43 Pouces Crystal UHD 43U7000F 4K Smart TV, Couleurs Incroyables avec Crystal Processor 4K, \u00c9coutez Tous Les Haut-parleurs avec Q-Symphony, Donn\u00e9es prot\u00e9g\u00e9es Knox Security et Gaming Hub &#8211; produit de qualit\u00e9 con\u00e7u pour un usage quotidien, offrant performance et fiabilit\u00e9.<\/p>","protected":false},"featured_media":78218,"comment_status":"open","ping_status":"closed","template":"","meta":[],"product_brand":[],"product_cat":[314],"product_tag":[315],"class_list":{"0":"post-78613","1":"product","2":"type-product","3":"status-publish","4":"has-post-thumbnail","6":"product_cat-television","7":"product_tag-tv-4k","9":"first","10":"instock","11":"shipping-taxable","12":"product-type-external"},"_links":{"self":[{"href":"https:\/\/joutia.shop\/en\/wp-json\/wp\/v2\/product\/78613","targetHints":{"allow":["GET"]}}],"collection":[{"href":"https:\/\/joutia.shop\/en\/wp-json\/wp\/v2\/product"}],"about":[{"href":"https:\/\/joutia.shop\/en\/wp-json\/wp\/v2\/types\/product"}],"replies":[{"embeddable":true,"href":"https:\/\/joutia.shop\/en\/wp-json\/wp\/v2\/comments?post=78613"}],"wp:featuredmedia":[{"embeddable":true,"href":"https:\/\/joutia.shop\/en\/wp-json\/wp\/v2\/media\/78218"}],"wp:attachment":[{"href":"https:\/\/joutia.shop\/en\/wp-json\/wp\/v2\/media?parent=78613"}],"wp:term":[{"taxonomy":"product_brand","embeddable":true,"href":"https:\/\/joutia.shop\/en\/wp-json\/wp\/v2\/product_brand?post=78613"},{"taxonomy":"product_cat","embeddable":true,"href":"https:\/\/joutia.shop\/en\/wp-json\/wp\/v2\/product_cat?post=78613"},{"taxonomy":"product_tag","embeddable":true,"href":"https:\/\/joutia.shop\/en\/wp-json\/wp\/v2\/product_tag?post=78613"}],"curies":[{"name":"wp","href":"https:\/\/api.w.org\/{rel}","templated":true}]}}