{"id":78612,"date":"2026-03-14T23:29:57","date_gmt":"2026-03-14T23:29:57","guid":{"rendered":"https:\/\/joutia.shop\/product\/sony-bravia-kd-32w800-32-pouces-hd-high-dynamic-range-hdr-hdmi-inclus-android-tv-noir-2\/"},"modified":"2026-03-14T23:29:57","modified_gmt":"2026-03-14T23:29:57","slug":"sony-bravia-kd-32w800-32-pouces-hd-high-dynamic-range-hdr-hdmi-inclus-android-tv-noir-2","status":"publish","type":"product","link":"https:\/\/joutia.shop\/en\/product\/sony-bravia-kd-32w800-32-pouces-hd-high-dynamic-range-hdr-hdmi-inclus-android-tv-noir-2\/","title":{"rendered":"Sony BRAVIA KD-32W800-32 Pouces &#8211; HD &#8211; High Dynamic Range (HDR) &#8211; HDMI inclus- Android TV Noir"},"content":{"rendered":"<h2>Hisense 55 inch 55A6N 4K UHD Dolby Vision HDR VIDAA Smart TV with Youtube, Netflix, Disney+, Channel +(2024 Model)<\/h2>\n<p>Le produit <strong>Hisense 55 inch 55A6N 4K UHD Dolby Vision HDR VIDAA Smart TV with Youtube, Netflix, Disney+, Channel +(2024 Model)<\/strong> est con\u00e7u pour offrir performance, fiabilit\u00e9 et confort d&rsquo;utilisation.<\/p>\n<p>Ce produit est id\u00e9al pour une utilisation quotidienne et r\u00e9pond parfaitement aux besoins des utilisateurs recherchant qualit\u00e9 et efficacit\u00e9.<\/p>\n<h3>Caract\u00e9ristiques principales<\/h3>\n<ul>\n<li>Conception robuste et durable<\/li>\n<li>Utilisation simple et intuitive<\/li>\n<li>Performance fiable<\/li>\n<li>Excellent rapport qualit\u00e9-prix<\/li>\n<\/ul>","protected":false},"excerpt":{"rendered":"<p>Hisense 55 inch 55A6N 4K UHD Dolby Vision HDR VIDAA Smart TV with Youtube, Netflix, Disney+, Channel +(2024 Model) &#8211; produit de qualit\u00e9 con\u00e7u pour un usage quotidien, offrant performance et fiabilit\u00e9.<\/p>","protected":false},"featured_media":77591,"comment_status":"open","ping_status":"closed","template":"","meta":[],"product_brand":[],"product_cat":[314],"product_tag":[315],"class_list":{"0":"post-78612","1":"product","2":"type-product","3":"status-publish","4":"has-post-thumbnail","6":"product_cat-television","7":"product_tag-tv-4k","9":"first","10":"instock","11":"shipping-taxable","12":"product-type-external"},"_links":{"self":[{"href":"https:\/\/joutia.shop\/en\/wp-json\/wp\/v2\/product\/78612","targetHints":{"allow":["GET"]}}],"collection":[{"href":"https:\/\/joutia.shop\/en\/wp-json\/wp\/v2\/product"}],"about":[{"href":"https:\/\/joutia.shop\/en\/wp-json\/wp\/v2\/types\/product"}],"replies":[{"embeddable":true,"href":"https:\/\/joutia.shop\/en\/wp-json\/wp\/v2\/comments?post=78612"}],"wp:featuredmedia":[{"embeddable":true,"href":"https:\/\/joutia.shop\/en\/wp-json\/wp\/v2\/media\/77591"}],"wp:attachment":[{"href":"https:\/\/joutia.shop\/en\/wp-json\/wp\/v2\/media?parent=78612"}],"wp:term":[{"taxonomy":"product_brand","embeddable":true,"href":"https:\/\/joutia.shop\/en\/wp-json\/wp\/v2\/product_brand?post=78612"},{"taxonomy":"product_cat","embeddable":true,"href":"https:\/\/joutia.shop\/en\/wp-json\/wp\/v2\/product_cat?post=78612"},{"taxonomy":"product_tag","embeddable":true,"href":"https:\/\/joutia.shop\/en\/wp-json\/wp\/v2\/product_tag?post=78612"}],"curies":[{"name":"wp","href":"https:\/\/api.w.org\/{rel}","templated":true}]}}