{"id":78611,"date":"2026-03-14T23:29:57","date_gmt":"2026-03-14T23:29:57","guid":{"rendered":"https:\/\/joutia.shop\/product\/sonero-rallonge-hdmi-4k-haut-debit-4k-60-hz-male-vers-hdmi-femelle-contacts-plaques-or-double-blindage-gaine-en-coton-150-m-2\/"},"modified":"2026-03-14T23:29:57","modified_gmt":"2026-03-14T23:29:57","slug":"sonero-rallonge-hdmi-4k-haut-debit-4k-60-hz-male-vers-hdmi-femelle-contacts-plaques-or-double-blindage-gaine-en-coton-150-m-2","status":"publish","type":"product","link":"https:\/\/joutia.shop\/en\/product\/sonero-rallonge-hdmi-4k-haut-debit-4k-60-hz-male-vers-hdmi-femelle-contacts-plaques-or-double-blindage-gaine-en-coton-150-m-2\/","title":{"rendered":"Sonero Rallonge HDMI 4K haut d\u00e9bit 4K 60 Hz m\u00e2le vers HDMI femelle, contacts plaqu\u00e9s or, double blindage, gaine en coton, 1,50 m"},"content":{"rendered":"<h2>LG TV OLED OLED65C5 OLED Evo Noir Profond et Booster de luminosit\u00e9 120 Hz 4K 164 cm 2025<\/h2>\n<p>Le produit <strong>LG TV OLED OLED65C5 OLED Evo Noir Profond et Booster de luminosit\u00e9 120 Hz 4K 164 cm 2025<\/strong> est con\u00e7u pour offrir performance, fiabilit\u00e9 et confort d&rsquo;utilisation.<\/p>\n<p>Ce produit est id\u00e9al pour une utilisation quotidienne et r\u00e9pond parfaitement aux besoins des utilisateurs recherchant qualit\u00e9 et efficacit\u00e9.<\/p>\n<h3>Caract\u00e9ristiques principales<\/h3>\n<ul>\n<li>Conception robuste et durable<\/li>\n<li>Utilisation simple et intuitive<\/li>\n<li>Performance fiable<\/li>\n<li>Excellent rapport qualit\u00e9-prix<\/li>\n<\/ul>","protected":false},"excerpt":{"rendered":"<p>LG TV OLED OLED65C5 OLED Evo Noir Profond et Booster de luminosit\u00e9 120 Hz 4K 164 cm 2025 &#8211; produit de qualit\u00e9 con\u00e7u pour un usage quotidien, offrant performance et fiabilit\u00e9.<\/p>","protected":false},"featured_media":77624,"comment_status":"open","ping_status":"closed","template":"","meta":[],"product_brand":[],"product_cat":[314],"product_tag":[315],"class_list":{"0":"post-78611","1":"product","2":"type-product","3":"status-publish","4":"has-post-thumbnail","6":"product_cat-television","7":"product_tag-tv-4k","9":"first","10":"instock","11":"shipping-taxable","12":"product-type-external"},"_links":{"self":[{"href":"https:\/\/joutia.shop\/en\/wp-json\/wp\/v2\/product\/78611","targetHints":{"allow":["GET"]}}],"collection":[{"href":"https:\/\/joutia.shop\/en\/wp-json\/wp\/v2\/product"}],"about":[{"href":"https:\/\/joutia.shop\/en\/wp-json\/wp\/v2\/types\/product"}],"replies":[{"embeddable":true,"href":"https:\/\/joutia.shop\/en\/wp-json\/wp\/v2\/comments?post=78611"}],"wp:featuredmedia":[{"embeddable":true,"href":"https:\/\/joutia.shop\/en\/wp-json\/wp\/v2\/media\/77624"}],"wp:attachment":[{"href":"https:\/\/joutia.shop\/en\/wp-json\/wp\/v2\/media?parent=78611"}],"wp:term":[{"taxonomy":"product_brand","embeddable":true,"href":"https:\/\/joutia.shop\/en\/wp-json\/wp\/v2\/product_brand?post=78611"},{"taxonomy":"product_cat","embeddable":true,"href":"https:\/\/joutia.shop\/en\/wp-json\/wp\/v2\/product_cat?post=78611"},{"taxonomy":"product_tag","embeddable":true,"href":"https:\/\/joutia.shop\/en\/wp-json\/wp\/v2\/product_tag?post=78611"}],"curies":[{"name":"wp","href":"https:\/\/api.w.org\/{rel}","templated":true}]}}