{"id":78599,"date":"2026-03-14T23:29:55","date_gmt":"2026-03-14T23:29:55","guid":{"rendered":"https:\/\/joutia.shop\/product\/neuf-en2-a27ht-faciles-a-distance-pour-hisense-4-k-smart-tv-32h5d-39h5d-40h5d-43h5d-43h6d-50h5d-55h5d-50h6d-55h6d-60du6070-65h6d-50du6070-55du6070-h5-serie-h6-serie-hdr-4-k-uhd-smart-tv-2017-modele-2\/"},"modified":"2026-03-14T23:29:55","modified_gmt":"2026-03-14T23:29:55","slug":"neuf-en2-a27ht-faciles-a-distance-pour-hisense-4-k-smart-tv-32h5d-39h5d-40h5d-43h5d-43h6d-50h5d-55h5d-50h6d-55h6d-60du6070-65h6d-50du6070-55du6070-h5-serie-h6-serie-hdr-4-k-uhd-smart-tv-2017-modele-2","status":"publish","type":"product","link":"https:\/\/joutia.shop\/en\/product\/neuf-en2-a27ht-faciles-a-distance-pour-hisense-4-k-smart-tv-32h5d-39h5d-40h5d-43h5d-43h6d-50h5d-55h5d-50h6d-55h6d-60du6070-65h6d-50du6070-55du6070-h5-serie-h6-serie-hdr-4-k-uhd-smart-tv-2017-modele-2\/","title":{"rendered":"Neuf En2 a27ht faciles \u00e0 Distance pour Hisense 4 K Smart TV 32h5d 39h5d 40h5d 43h5d 43h6d 50h5d 55h5d 50h6d 55h6d 60du6070 65h6d 50du6070 55du6070 H5 S\u00e9rie H6 S\u00e9rie HDR 4 K UHD Smart TV 2017 Mod\u00e8le"},"content":{"rendered":"<h2>Samsung T\u00e9l\u00e9viseur TQ77S93D 77&Prime; (77 Pouces) OLED 4K Smart TV 2024<\/h2>\n<p>Le produit <strong>Samsung T\u00e9l\u00e9viseur TQ77S93D 77&Prime; (77 Pouces) OLED 4K Smart TV 2024<\/strong> est con\u00e7u pour offrir performance, fiabilit\u00e9 et confort d&rsquo;utilisation.<\/p>\n<p>Ce produit est id\u00e9al pour une utilisation quotidienne et r\u00e9pond parfaitement aux besoins des utilisateurs recherchant qualit\u00e9 et efficacit\u00e9.<\/p>\n<h3>Caract\u00e9ristiques principales<\/h3>\n<ul>\n<li>Conception robuste et durable<\/li>\n<li>Utilisation simple et intuitive<\/li>\n<li>Performance fiable<\/li>\n<li>Excellent rapport qualit\u00e9-prix<\/li>\n<\/ul>","protected":false},"excerpt":{"rendered":"<p>Samsung T\u00e9l\u00e9viseur TQ77S93D 77&Prime; (77 Pouces) OLED 4K Smart TV 2024 &#8211; produit de qualit\u00e9 con\u00e7u pour un usage quotidien, offrant performance et fiabilit\u00e9.<\/p>","protected":false},"featured_media":77764,"comment_status":"open","ping_status":"closed","template":"","meta":[],"product_brand":[],"product_cat":[314],"product_tag":[315],"class_list":{"0":"post-78599","1":"product","2":"type-product","3":"status-publish","4":"has-post-thumbnail","6":"product_cat-television","7":"product_tag-tv-4k","9":"first","10":"instock","11":"shipping-taxable","12":"product-type-external"},"_links":{"self":[{"href":"https:\/\/joutia.shop\/en\/wp-json\/wp\/v2\/product\/78599","targetHints":{"allow":["GET"]}}],"collection":[{"href":"https:\/\/joutia.shop\/en\/wp-json\/wp\/v2\/product"}],"about":[{"href":"https:\/\/joutia.shop\/en\/wp-json\/wp\/v2\/types\/product"}],"replies":[{"embeddable":true,"href":"https:\/\/joutia.shop\/en\/wp-json\/wp\/v2\/comments?post=78599"}],"wp:featuredmedia":[{"embeddable":true,"href":"https:\/\/joutia.shop\/en\/wp-json\/wp\/v2\/media\/77764"}],"wp:attachment":[{"href":"https:\/\/joutia.shop\/en\/wp-json\/wp\/v2\/media?parent=78599"}],"wp:term":[{"taxonomy":"product_brand","embeddable":true,"href":"https:\/\/joutia.shop\/en\/wp-json\/wp\/v2\/product_brand?post=78599"},{"taxonomy":"product_cat","embeddable":true,"href":"https:\/\/joutia.shop\/en\/wp-json\/wp\/v2\/product_cat?post=78599"},{"taxonomy":"product_tag","embeddable":true,"href":"https:\/\/joutia.shop\/en\/wp-json\/wp\/v2\/product_tag?post=78599"}],"curies":[{"name":"wp","href":"https:\/\/api.w.org\/{rel}","templated":true}]}}