{"id":78597,"date":"2026-03-14T23:29:55","date_gmt":"2026-03-14T23:29:55","guid":{"rendered":"https:\/\/joutia.shop\/product\/hisense-65s7n-65-canvastv-4k-qled-google-tv-avec-mode-art-dts-virtualx-dolby-vision-hdr10-hdr10-hlg-taux-de-rafraichissement-de-144-hz-mode-jeu-pro-et-commande-vocale-2\/"},"modified":"2026-03-14T23:29:55","modified_gmt":"2026-03-14T23:29:55","slug":"hisense-65s7n-65-canvastv-4k-qled-google-tv-avec-mode-art-dts-virtualx-dolby-vision-hdr10-hdr10-hlg-taux-de-rafraichissement-de-144-hz-mode-jeu-pro-et-commande-vocale-2","status":"publish","type":"product","link":"https:\/\/joutia.shop\/en\/product\/hisense-65s7n-65-canvastv-4k-qled-google-tv-avec-mode-art-dts-virtualx-dolby-vision-hdr10-hdr10-hlg-taux-de-rafraichissement-de-144-hz-mode-jeu-pro-et-commande-vocale-2\/","title":{"rendered":"Hisense 65S7N-65 CanvasTV\u2122 4K QLED Google TV avec Mode Art, DTS Virtual:X, Dolby Vision\/HDR10\/HDR10+\/HLG, taux de rafra\u00eechissement de 144 Hz, Mode Jeu Pro et Commande vocale"},"content":{"rendered":"<h2>Samsung GQ65Q60CAU 165,1 cm (65&Prime;) 4K Ultra HD Smart TV WiFi Noir<\/h2>\n<p>Le produit <strong>Samsung GQ65Q60CAU 165,1 cm (65&Prime;) 4K Ultra HD Smart TV WiFi Noir<\/strong> est con\u00e7u pour offrir performance, fiabilit\u00e9 et confort d&rsquo;utilisation.<\/p>\n<p>Ce produit est id\u00e9al pour une utilisation quotidienne et r\u00e9pond parfaitement aux besoins des utilisateurs recherchant qualit\u00e9 et efficacit\u00e9.<\/p>\n<h3>Caract\u00e9ristiques principales<\/h3>\n<ul>\n<li>Conception robuste et durable<\/li>\n<li>Utilisation simple et intuitive<\/li>\n<li>Performance fiable<\/li>\n<li>Excellent rapport qualit\u00e9-prix<\/li>\n<\/ul>","protected":false},"excerpt":{"rendered":"<p>Samsung GQ65Q60CAU 165,1 cm (65&Prime;) 4K Ultra HD Smart TV WiFi Noir &#8211; produit de qualit\u00e9 con\u00e7u pour un usage quotidien, offrant performance et fiabilit\u00e9.<\/p>","protected":false},"featured_media":77617,"comment_status":"open","ping_status":"closed","template":"","meta":[],"product_brand":[],"product_cat":[314],"product_tag":[315],"class_list":{"0":"post-78597","1":"product","2":"type-product","3":"status-publish","4":"has-post-thumbnail","6":"product_cat-television","7":"product_tag-tv-4k","9":"first","10":"instock","11":"shipping-taxable","12":"product-type-external"},"_links":{"self":[{"href":"https:\/\/joutia.shop\/en\/wp-json\/wp\/v2\/product\/78597","targetHints":{"allow":["GET"]}}],"collection":[{"href":"https:\/\/joutia.shop\/en\/wp-json\/wp\/v2\/product"}],"about":[{"href":"https:\/\/joutia.shop\/en\/wp-json\/wp\/v2\/types\/product"}],"replies":[{"embeddable":true,"href":"https:\/\/joutia.shop\/en\/wp-json\/wp\/v2\/comments?post=78597"}],"wp:featuredmedia":[{"embeddable":true,"href":"https:\/\/joutia.shop\/en\/wp-json\/wp\/v2\/media\/77617"}],"wp:attachment":[{"href":"https:\/\/joutia.shop\/en\/wp-json\/wp\/v2\/media?parent=78597"}],"wp:term":[{"taxonomy":"product_brand","embeddable":true,"href":"https:\/\/joutia.shop\/en\/wp-json\/wp\/v2\/product_brand?post=78597"},{"taxonomy":"product_cat","embeddable":true,"href":"https:\/\/joutia.shop\/en\/wp-json\/wp\/v2\/product_cat?post=78597"},{"taxonomy":"product_tag","embeddable":true,"href":"https:\/\/joutia.shop\/en\/wp-json\/wp\/v2\/product_tag?post=78597"}],"curies":[{"name":"wp","href":"https:\/\/api.w.org\/{rel}","templated":true}]}}