{"id":78594,"date":"2026-03-14T23:29:54","date_gmt":"2026-03-14T23:29:54","guid":{"rendered":"https:\/\/joutia.shop\/product\/ariskeen-cable-hdmi-2-1-8k-15m-48gbps-cable-hdmi-tresse-en-nylon-haute-vitesse-prend-en-charge-8k60hz-4k120hz-compatible-avec-ps5-4-tv-monitor-blu-ray-soundbar-2\/"},"modified":"2026-03-14T23:29:54","modified_gmt":"2026-03-14T23:29:54","slug":"ariskeen-cable-hdmi-2-1-8k-15m-48gbps-cable-hdmi-tresse-en-nylon-haute-vitesse-prend-en-charge-8k60hz-4k120hz-compatible-avec-ps5-4-tv-monitor-blu-ray-soundbar-2","status":"publish","type":"product","link":"https:\/\/joutia.shop\/en\/product\/ariskeen-cable-hdmi-2-1-8k-15m-48gbps-cable-hdmi-tresse-en-nylon-haute-vitesse-prend-en-charge-8k60hz-4k120hz-compatible-avec-ps5-4-tv-monitor-blu-ray-soundbar-2\/","title":{"rendered":"ARISKEEN C\u00e2ble HDMI 2.1 8K 15M, 48Gbps C\u00e2ble HDMI Tress\u00e9 en Nylon Haute Vitesse, Prend en Charge 8K@60HZ, 4K@120Hz, Compatible avec PS5\/4 TV Monitor Blu-ray Soundbar"},"content":{"rendered":"<h2>Televisore LCD Samsung TV The Frame 4K 43&Prime; 2019<\/h2>\n<p>Le produit <strong>Televisore LCD Samsung TV The Frame 4K 43&Prime; 2019<\/strong> est con\u00e7u pour offrir performance, fiabilit\u00e9 et confort d&rsquo;utilisation.<\/p>\n<p>Ce produit est id\u00e9al pour une utilisation quotidienne et r\u00e9pond parfaitement aux besoins des utilisateurs recherchant qualit\u00e9 et efficacit\u00e9.<\/p>\n<h3>Caract\u00e9ristiques principales<\/h3>\n<ul>\n<li>Conception robuste et durable<\/li>\n<li>Utilisation simple et intuitive<\/li>\n<li>Performance fiable<\/li>\n<li>Excellent rapport qualit\u00e9-prix<\/li>\n<\/ul>","protected":false},"excerpt":{"rendered":"<p>Televisore LCD Samsung TV The Frame 4K 43&Prime; 2019 &#8211; produit de qualit\u00e9 con\u00e7u pour un usage quotidien, offrant performance et fiabilit\u00e9.<\/p>","protected":false},"featured_media":77765,"comment_status":"open","ping_status":"closed","template":"","meta":[],"product_brand":[],"product_cat":[314],"product_tag":[315],"class_list":{"0":"post-78594","1":"product","2":"type-product","3":"status-publish","4":"has-post-thumbnail","6":"product_cat-television","7":"product_tag-tv-4k","9":"first","10":"instock","11":"shipping-taxable","12":"product-type-external"},"_links":{"self":[{"href":"https:\/\/joutia.shop\/en\/wp-json\/wp\/v2\/product\/78594","targetHints":{"allow":["GET"]}}],"collection":[{"href":"https:\/\/joutia.shop\/en\/wp-json\/wp\/v2\/product"}],"about":[{"href":"https:\/\/joutia.shop\/en\/wp-json\/wp\/v2\/types\/product"}],"replies":[{"embeddable":true,"href":"https:\/\/joutia.shop\/en\/wp-json\/wp\/v2\/comments?post=78594"}],"wp:featuredmedia":[{"embeddable":true,"href":"https:\/\/joutia.shop\/en\/wp-json\/wp\/v2\/media\/77765"}],"wp:attachment":[{"href":"https:\/\/joutia.shop\/en\/wp-json\/wp\/v2\/media?parent=78594"}],"wp:term":[{"taxonomy":"product_brand","embeddable":true,"href":"https:\/\/joutia.shop\/en\/wp-json\/wp\/v2\/product_brand?post=78594"},{"taxonomy":"product_cat","embeddable":true,"href":"https:\/\/joutia.shop\/en\/wp-json\/wp\/v2\/product_cat?post=78594"},{"taxonomy":"product_tag","embeddable":true,"href":"https:\/\/joutia.shop\/en\/wp-json\/wp\/v2\/product_tag?post=78594"}],"curies":[{"name":"wp","href":"https:\/\/api.w.org\/{rel}","templated":true}]}}