{"id":78589,"date":"2026-03-14T23:29:53","date_gmt":"2026-03-14T23:29:53","guid":{"rendered":"https:\/\/joutia.shop\/product\/bluerigger-cable-hdmi-4k-9-m-4k-30-hz-hdr10-hdcp2-3-haute-vitesse-18-gbit-s-certifie-cl3-integre-earc-compatible-avec-ps5-xbox-roku-apple-tv-hdtv-blu-ray-pc-tv-stick-nintendo-2\/"},"modified":"2026-03-14T23:29:53","modified_gmt":"2026-03-14T23:29:53","slug":"bluerigger-cable-hdmi-4k-9-m-4k-30-hz-hdr10-hdcp2-3-haute-vitesse-18-gbit-s-certifie-cl3-integre-earc-compatible-avec-ps5-xbox-roku-apple-tv-hdtv-blu-ray-pc-tv-stick-nintendo-2","status":"publish","type":"product","link":"https:\/\/joutia.shop\/en\/product\/bluerigger-cable-hdmi-4k-9-m-4k-30-hz-hdr10-hdcp2-3-haute-vitesse-18-gbit-s-certifie-cl3-integre-earc-compatible-avec-ps5-xbox-roku-apple-tv-hdtv-blu-ray-pc-tv-stick-nintendo-2\/","title":{"rendered":"BlueRigger C\u00e2ble HDMI 4K 9 m (4K 30 Hz, HDR10, HDCP2.3, haute vitesse 18 Gbit\/s, certifi\u00e9 CL3 int\u00e9gr\u00e9, eARC) \u2013 Compatible avec PS5, Xbox, Roku, Apple TV, HDTV, Blu-ray, PC, TV Stick, Nintendo Switch"},"content":{"rendered":"<h2>Hisense 65U7Q TV Mini-LED 4K 65&Prime; (164 cm) &#8211; S\u00e9rie U7 &#8211; QLED, 144Hz (HSR 240Hz), 900 Nits, Local Dimming (220 Zones), Dolby Vision IQ, Son 2.1 avec Caisson de Basses int\u00e9gr\u00e9, Mode Jeu Pro<\/h2>\n<p>Le produit <strong>Hisense 65U7Q TV Mini-LED 4K 65&Prime; (164 cm) &#8211; S\u00e9rie U7 &#8211; QLED, 144Hz (HSR 240Hz), 900 Nits, Local Dimming (220 Zones), Dolby Vision IQ, Son 2.1 avec Caisson de Basses int\u00e9gr\u00e9, Mode Jeu Pro<\/strong> est con\u00e7u pour offrir performance, fiabilit\u00e9 et confort d&rsquo;utilisation.<\/p>\n<p>Ce produit est id\u00e9al pour une utilisation quotidienne et r\u00e9pond parfaitement aux besoins des utilisateurs recherchant qualit\u00e9 et efficacit\u00e9.<\/p>\n<h3>Caract\u00e9ristiques principales<\/h3>\n<ul>\n<li>Conception robuste et durable<\/li>\n<li>Utilisation simple et intuitive<\/li>\n<li>Performance fiable<\/li>\n<li>Excellent rapport qualit\u00e9-prix<\/li>\n<\/ul>","protected":false},"excerpt":{"rendered":"<p>Hisense 65U7Q TV Mini-LED 4K 65&Prime; (164 cm) &#8211; S\u00e9rie U7 &#8211; QLED, 144Hz (HSR 240Hz), 900 Nits, Local Dimming (220 Zones), Dolby Vision IQ, Son 2.1 avec Caisson de Basses int\u00e9gr\u00e9, Mode Jeu Pro &#8211; produit de qualit\u00e9 con\u00e7u pour un usage quotidien, offrant performance et fiabilit\u00e9.<\/p>","protected":false},"featured_media":77893,"comment_status":"open","ping_status":"closed","template":"","meta":[],"product_brand":[],"product_cat":[314],"product_tag":[315],"class_list":{"0":"post-78589","1":"product","2":"type-product","3":"status-publish","4":"has-post-thumbnail","6":"product_cat-television","7":"product_tag-tv-4k","9":"first","10":"instock","11":"shipping-taxable","12":"product-type-external"},"_links":{"self":[{"href":"https:\/\/joutia.shop\/en\/wp-json\/wp\/v2\/product\/78589","targetHints":{"allow":["GET"]}}],"collection":[{"href":"https:\/\/joutia.shop\/en\/wp-json\/wp\/v2\/product"}],"about":[{"href":"https:\/\/joutia.shop\/en\/wp-json\/wp\/v2\/types\/product"}],"replies":[{"embeddable":true,"href":"https:\/\/joutia.shop\/en\/wp-json\/wp\/v2\/comments?post=78589"}],"wp:featuredmedia":[{"embeddable":true,"href":"https:\/\/joutia.shop\/en\/wp-json\/wp\/v2\/media\/77893"}],"wp:attachment":[{"href":"https:\/\/joutia.shop\/en\/wp-json\/wp\/v2\/media?parent=78589"}],"wp:term":[{"taxonomy":"product_brand","embeddable":true,"href":"https:\/\/joutia.shop\/en\/wp-json\/wp\/v2\/product_brand?post=78589"},{"taxonomy":"product_cat","embeddable":true,"href":"https:\/\/joutia.shop\/en\/wp-json\/wp\/v2\/product_cat?post=78589"},{"taxonomy":"product_tag","embeddable":true,"href":"https:\/\/joutia.shop\/en\/wp-json\/wp\/v2\/product_tag?post=78589"}],"curies":[{"name":"wp","href":"https:\/\/api.w.org\/{rel}","templated":true}]}}