{"id":78540,"date":"2026-03-14T23:29:44","date_gmt":"2026-03-14T23:29:44","guid":{"rendered":"https:\/\/joutia.shop\/product\/jbl-go-4-enceinte-bluetooth-ultra-portable-son-jbl-pro-basses-percutantes-7-heures-dautonomie-fonction-playtime-boost-resistante-a-leau-et-a-la-poussiere-ip67-en-noir-2\/"},"modified":"2026-03-14T23:29:44","modified_gmt":"2026-03-14T23:29:44","slug":"jbl-go-4-enceinte-bluetooth-ultra-portable-son-jbl-pro-basses-percutantes-7-heures-dautonomie-fonction-playtime-boost-resistante-a-leau-et-a-la-poussiere-ip67-en-noir-2","status":"publish","type":"product","link":"https:\/\/joutia.shop\/en\/product\/jbl-go-4-enceinte-bluetooth-ultra-portable-son-jbl-pro-basses-percutantes-7-heures-dautonomie-fonction-playtime-boost-resistante-a-leau-et-a-la-poussiere-ip67-en-noir-2\/","title":{"rendered":"JBL GO 4, Enceinte Bluetooth ultra-portable, son JBL Pro, basses percutantes, 7 heures d&rsquo;autonomie, fonction Playtime Boost, r\u00e9sistante \u00e0 l&rsquo;eau et \u00e0 la poussi\u00e8re IP67, en noir"},"content":{"rendered":"<h2>JBL Go 3 : Enceinte portable avec Bluetooth, batterie int\u00e9gr\u00e9e, fonction \u00e9tanche et anti-poussi\u00e8re &#8211; Squad<\/h2>\n<p>Le produit <strong>JBL Go 3 : Enceinte portable avec Bluetooth, batterie int\u00e9gr\u00e9e, fonction \u00e9tanche et anti-poussi\u00e8re &#8211; Squad<\/strong> est con\u00e7u pour offrir performance, fiabilit\u00e9 et confort d&rsquo;utilisation.<\/p>\n<p>Ce produit est id\u00e9al pour une utilisation quotidienne et r\u00e9pond parfaitement aux besoins des utilisateurs recherchant qualit\u00e9 et efficacit\u00e9.<\/p>\n<h3>Caract\u00e9ristiques principales<\/h3>\n<ul>\n<li>Conception robuste et durable<\/li>\n<li>Utilisation simple et intuitive<\/li>\n<li>Performance fiable<\/li>\n<li>Excellent rapport qualit\u00e9-prix<\/li>\n<\/ul>","protected":false},"excerpt":{"rendered":"<p>JBL Go 3 : Enceinte portable avec Bluetooth, batterie int\u00e9gr\u00e9e, fonction \u00e9tanche et anti-poussi\u00e8re &#8211; Squad &#8211; produit de qualit\u00e9 con\u00e7u pour un usage quotidien, offrant performance et fiabilit\u00e9.<\/p>","protected":false},"featured_media":77366,"comment_status":"open","ping_status":"closed","template":"","meta":[],"product_brand":[],"product_cat":[311],"product_tag":[313],"class_list":{"0":"post-78540","1":"product","2":"type-product","3":"status-publish","4":"has-post-thumbnail","6":"product_cat-audio","7":"product_tag-enceinte-bluetooth","9":"first","10":"instock","11":"shipping-taxable","12":"product-type-external"},"_links":{"self":[{"href":"https:\/\/joutia.shop\/en\/wp-json\/wp\/v2\/product\/78540","targetHints":{"allow":["GET"]}}],"collection":[{"href":"https:\/\/joutia.shop\/en\/wp-json\/wp\/v2\/product"}],"about":[{"href":"https:\/\/joutia.shop\/en\/wp-json\/wp\/v2\/types\/product"}],"replies":[{"embeddable":true,"href":"https:\/\/joutia.shop\/en\/wp-json\/wp\/v2\/comments?post=78540"}],"wp:featuredmedia":[{"embeddable":true,"href":"https:\/\/joutia.shop\/en\/wp-json\/wp\/v2\/media\/77366"}],"wp:attachment":[{"href":"https:\/\/joutia.shop\/en\/wp-json\/wp\/v2\/media?parent=78540"}],"wp:term":[{"taxonomy":"product_brand","embeddable":true,"href":"https:\/\/joutia.shop\/en\/wp-json\/wp\/v2\/product_brand?post=78540"},{"taxonomy":"product_cat","embeddable":true,"href":"https:\/\/joutia.shop\/en\/wp-json\/wp\/v2\/product_cat?post=78540"},{"taxonomy":"product_tag","embeddable":true,"href":"https:\/\/joutia.shop\/en\/wp-json\/wp\/v2\/product_tag?post=78540"}],"curies":[{"name":"wp","href":"https:\/\/api.w.org\/{rel}","templated":true}]}}