{"id":78527,"date":"2026-03-14T23:29:42","date_gmt":"2026-03-14T23:29:42","guid":{"rendered":"https:\/\/joutia.shop\/product\/sennheiser-momentum-4-casque-sans-fil-a-reduction-de-bruit-casque-bluetooth-pour-appels-dune-clarte-cristalline-avec-anc-adaptatif-casque-over-ear-60-heures-dautonomie-design-pliable-noir-2\/"},"modified":"2026-03-14T23:29:42","modified_gmt":"2026-03-14T23:29:42","slug":"sennheiser-momentum-4-casque-sans-fil-a-reduction-de-bruit-casque-bluetooth-pour-appels-dune-clarte-cristalline-avec-anc-adaptatif-casque-over-ear-60-heures-dautonomie-design-pliable-noir-2","status":"publish","type":"product","link":"https:\/\/joutia.shop\/en\/product\/sennheiser-momentum-4-casque-sans-fil-a-reduction-de-bruit-casque-bluetooth-pour-appels-dune-clarte-cristalline-avec-anc-adaptatif-casque-over-ear-60-heures-dautonomie-design-pliable-noir-2\/","title":{"rendered":"Sennheiser MOMENTUM 4 Casque Sans Fil \u00e0 R\u00e9duction de Bruit, Casque Bluetooth pour Appels d&rsquo;une Clart\u00e9 Cristalline avec ANC Adaptatif, Casque Over Ear, 60 Heures d&rsquo;Autonomie, Design Pliable, Noir"},"content":{"rendered":"<h2>Cleer ARC 4 Plus \u00c9couteurs ouverts Bluetooth sans fil avec audio Dolby et suivi de la t\u00eate, \u00e9couteurs \u00e0 crochet d&rsquo;oreille avec 34 heures d&rsquo;autonomie, casque de sport \u00e9tanche IPX7 pour entra\u00eenement<\/h2>\n<p>Le produit <strong>Cleer ARC 4 Plus \u00c9couteurs ouverts Bluetooth sans fil avec audio Dolby et suivi de la t\u00eate, \u00e9couteurs \u00e0 crochet d&rsquo;oreille avec 34 heures d&rsquo;autonomie, casque de sport \u00e9tanche IPX7 pour entra\u00eenement<\/strong> est con\u00e7u pour offrir performance, fiabilit\u00e9 et confort d&rsquo;utilisation.<\/p>\n<p>Ce produit est id\u00e9al pour une utilisation quotidienne et r\u00e9pond parfaitement aux besoins des utilisateurs recherchant qualit\u00e9 et efficacit\u00e9.<\/p>\n<h3>Caract\u00e9ristiques principales<\/h3>\n<ul>\n<li>Conception robuste et durable<\/li>\n<li>Utilisation simple et intuitive<\/li>\n<li>Performance fiable<\/li>\n<li>Excellent rapport qualit\u00e9-prix<\/li>\n<\/ul>","protected":false},"excerpt":{"rendered":"<p>Cleer ARC 4 Plus \u00c9couteurs ouverts Bluetooth sans fil avec audio Dolby et suivi de la t\u00eate, \u00e9couteurs \u00e0 crochet d&rsquo;oreille avec 34 heures d&rsquo;autonomie, casque de sport \u00e9tanche IPX7 pour entra\u00eenement &#8211; produit de qualit\u00e9 con\u00e7u pour un usage quotidien, offrant performance et fiabilit\u00e9.<\/p>","protected":false},"featured_media":77979,"comment_status":"open","ping_status":"closed","template":"","meta":[],"product_brand":[],"product_cat":[311],"product_tag":[312],"class_list":{"0":"post-78527","1":"product","2":"type-product","3":"status-publish","4":"has-post-thumbnail","6":"product_cat-audio","7":"product_tag-casque-audio","9":"first","10":"instock","11":"shipping-taxable","12":"product-type-external"},"_links":{"self":[{"href":"https:\/\/joutia.shop\/en\/wp-json\/wp\/v2\/product\/78527","targetHints":{"allow":["GET"]}}],"collection":[{"href":"https:\/\/joutia.shop\/en\/wp-json\/wp\/v2\/product"}],"about":[{"href":"https:\/\/joutia.shop\/en\/wp-json\/wp\/v2\/types\/product"}],"replies":[{"embeddable":true,"href":"https:\/\/joutia.shop\/en\/wp-json\/wp\/v2\/comments?post=78527"}],"wp:featuredmedia":[{"embeddable":true,"href":"https:\/\/joutia.shop\/en\/wp-json\/wp\/v2\/media\/77979"}],"wp:attachment":[{"href":"https:\/\/joutia.shop\/en\/wp-json\/wp\/v2\/media?parent=78527"}],"wp:term":[{"taxonomy":"product_brand","embeddable":true,"href":"https:\/\/joutia.shop\/en\/wp-json\/wp\/v2\/product_brand?post=78527"},{"taxonomy":"product_cat","embeddable":true,"href":"https:\/\/joutia.shop\/en\/wp-json\/wp\/v2\/product_cat?post=78527"},{"taxonomy":"product_tag","embeddable":true,"href":"https:\/\/joutia.shop\/en\/wp-json\/wp\/v2\/product_tag?post=78527"}],"curies":[{"name":"wp","href":"https:\/\/api.w.org\/{rel}","templated":true}]}}