{"id":78503,"date":"2026-03-14T23:29:38","date_gmt":"2026-03-14T23:29:38","guid":{"rendered":"https:\/\/joutia.shop\/product\/qcy-h3-casque-bluetooth-sans-filavec-annulation-active-du-bruithi-res-audio-ldaccasque-anti-bruitconnexion-multipointlecture-60-heuresegaliseur-personnalise-via-appnoir-2\/"},"modified":"2026-03-14T23:29:38","modified_gmt":"2026-03-14T23:29:38","slug":"qcy-h3-casque-bluetooth-sans-filavec-annulation-active-du-bruithi-res-audio-ldaccasque-anti-bruitconnexion-multipointlecture-60-heuresegaliseur-personnalise-via-appnoir-2","status":"publish","type":"product","link":"https:\/\/joutia.shop\/en\/product\/qcy-h3-casque-bluetooth-sans-filavec-annulation-active-du-bruithi-res-audio-ldaccasque-anti-bruitconnexion-multipointlecture-60-heuresegaliseur-personnalise-via-appnoir-2\/","title":{"rendered":"QCY H3 Casque Bluetooth sans Fil,avec Annulation Active du Bruit,Hi-Res Audio LDAC,Casque Anti Bruit,Connexion multipoint,Lecture 60 Heures,\u00e9galiseur personnalis\u00e9 Via App,Noir"},"content":{"rendered":"<h2>Marshall Major IV Bluetooth Casque Audio \u00c9couteurs, sans fil, Pliable, 80Hrs Autonomie &#8211; Marron<\/h2>\n<p>Le produit <strong>Marshall Major IV Bluetooth Casque Audio \u00c9couteurs, sans fil, Pliable, 80Hrs Autonomie &#8211; Marron<\/strong> est con\u00e7u pour offrir performance, fiabilit\u00e9 et confort d&rsquo;utilisation.<\/p>\n<p>Ce produit est id\u00e9al pour une utilisation quotidienne et r\u00e9pond parfaitement aux besoins des utilisateurs recherchant qualit\u00e9 et efficacit\u00e9.<\/p>\n<h3>Caract\u00e9ristiques principales<\/h3>\n<ul>\n<li>Conception robuste et durable<\/li>\n<li>Utilisation simple et intuitive<\/li>\n<li>Performance fiable<\/li>\n<li>Excellent rapport qualit\u00e9-prix<\/li>\n<\/ul>","protected":false},"excerpt":{"rendered":"<p>Marshall Major IV Bluetooth Casque Audio \u00c9couteurs, sans fil, Pliable, 80Hrs Autonomie &#8211; Marron &#8211; produit de qualit\u00e9 con\u00e7u pour un usage quotidien, offrant performance et fiabilit\u00e9.<\/p>","protected":false},"featured_media":77476,"comment_status":"open","ping_status":"closed","template":"","meta":[],"product_brand":[],"product_cat":[311],"product_tag":[312],"class_list":{"0":"post-78503","1":"product","2":"type-product","3":"status-publish","4":"has-post-thumbnail","6":"product_cat-audio","7":"product_tag-casque-audio","9":"first","10":"instock","11":"shipping-taxable","12":"product-type-external"},"_links":{"self":[{"href":"https:\/\/joutia.shop\/en\/wp-json\/wp\/v2\/product\/78503","targetHints":{"allow":["GET"]}}],"collection":[{"href":"https:\/\/joutia.shop\/en\/wp-json\/wp\/v2\/product"}],"about":[{"href":"https:\/\/joutia.shop\/en\/wp-json\/wp\/v2\/types\/product"}],"replies":[{"embeddable":true,"href":"https:\/\/joutia.shop\/en\/wp-json\/wp\/v2\/comments?post=78503"}],"wp:featuredmedia":[{"embeddable":true,"href":"https:\/\/joutia.shop\/en\/wp-json\/wp\/v2\/media\/77476"}],"wp:attachment":[{"href":"https:\/\/joutia.shop\/en\/wp-json\/wp\/v2\/media?parent=78503"}],"wp:term":[{"taxonomy":"product_brand","embeddable":true,"href":"https:\/\/joutia.shop\/en\/wp-json\/wp\/v2\/product_brand?post=78503"},{"taxonomy":"product_cat","embeddable":true,"href":"https:\/\/joutia.shop\/en\/wp-json\/wp\/v2\/product_cat?post=78503"},{"taxonomy":"product_tag","embeddable":true,"href":"https:\/\/joutia.shop\/en\/wp-json\/wp\/v2\/product_tag?post=78503"}],"curies":[{"name":"wp","href":"https:\/\/api.w.org\/{rel}","templated":true}]}}