{"id":78500,"date":"2026-03-14T23:29:38","date_gmt":"2026-03-14T23:29:38","guid":{"rendered":"https:\/\/joutia.shop\/product\/iclever-casque-audio-enfants-bluetooth-casque-pour-enfant-sans-fil-avec-lumieres-led-limitation-du-volume-74-85dba-43-heures-de-lecture-son-stereo-type-c-bluetooth-5-3-pour-tablette-voyage-bleu-2\/"},"modified":"2026-03-14T23:29:38","modified_gmt":"2026-03-14T23:29:38","slug":"iclever-casque-audio-enfants-bluetooth-casque-pour-enfant-sans-fil-avec-lumieres-led-limitation-du-volume-74-85dba-43-heures-de-lecture-son-stereo-type-c-bluetooth-5-3-pour-tablette-voyage-bleu-2","status":"publish","type":"product","link":"https:\/\/joutia.shop\/en\/product\/iclever-casque-audio-enfants-bluetooth-casque-pour-enfant-sans-fil-avec-lumieres-led-limitation-du-volume-74-85dba-43-heures-de-lecture-son-stereo-type-c-bluetooth-5-3-pour-tablette-voyage-bleu-2\/","title":{"rendered":"iClever Casque Audio Enfants Bluetooth, Casque Pour Enfant sans Fil avec lumi\u00e8res LED, limitation du Volume 74\/85dBA, 43 Heures de Lecture, Son st\u00e9r\u00e9o, Type C, Bluetooth 5.3 pour Tablette\/Voyage, Bleu"},"content":{"rendered":"<h2>PowerLocus Casque Bluetooth pour Enfant, Casque Audio Sans fil pour Enfants, Casque ste\u0301re\u0301o avec Microphone et 85DB Volume limit\u00e9, Confortable \u00e9couteurs R\u00e9glable et Pliable pour Smartphone,Tablet etc<\/h2>\n<p>Le produit <strong>PowerLocus Casque Bluetooth pour Enfant, Casque Audio Sans fil pour Enfants, Casque ste\u0301re\u0301o avec Microphone et 85DB Volume limit\u00e9, Confortable \u00e9couteurs R\u00e9glable et Pliable pour Smartphone,Tablet etc<\/strong> est con\u00e7u pour offrir performance, fiabilit\u00e9 et confort d&rsquo;utilisation.<\/p>\n<p>Ce produit est id\u00e9al pour une utilisation quotidienne et r\u00e9pond parfaitement aux besoins des utilisateurs recherchant qualit\u00e9 et efficacit\u00e9.<\/p>\n<h3>Caract\u00e9ristiques principales<\/h3>\n<ul>\n<li>Conception robuste et durable<\/li>\n<li>Utilisation simple et intuitive<\/li>\n<li>Performance fiable<\/li>\n<li>Excellent rapport qualit\u00e9-prix<\/li>\n<\/ul>","protected":false},"excerpt":{"rendered":"<p>PowerLocus Casque Bluetooth pour Enfant, Casque Audio Sans fil pour Enfants, Casque ste\u0301re\u0301o avec Microphone et 85DB Volume limit\u00e9, Confortable \u00e9couteurs R\u00e9glable et Pliable pour Smartphone,Tablet etc &#8211; produit de qualit\u00e9 con\u00e7u pour un usage quotidien, offrant performance et fiabilit\u00e9.<\/p>","protected":false},"featured_media":77830,"comment_status":"open","ping_status":"closed","template":"","meta":[],"product_brand":[],"product_cat":[311],"product_tag":[312],"class_list":{"0":"post-78500","1":"product","2":"type-product","3":"status-publish","4":"has-post-thumbnail","6":"product_cat-audio","7":"product_tag-casque-audio","9":"first","10":"instock","11":"shipping-taxable","12":"product-type-external"},"_links":{"self":[{"href":"https:\/\/joutia.shop\/en\/wp-json\/wp\/v2\/product\/78500","targetHints":{"allow":["GET"]}}],"collection":[{"href":"https:\/\/joutia.shop\/en\/wp-json\/wp\/v2\/product"}],"about":[{"href":"https:\/\/joutia.shop\/en\/wp-json\/wp\/v2\/types\/product"}],"replies":[{"embeddable":true,"href":"https:\/\/joutia.shop\/en\/wp-json\/wp\/v2\/comments?post=78500"}],"wp:featuredmedia":[{"embeddable":true,"href":"https:\/\/joutia.shop\/en\/wp-json\/wp\/v2\/media\/77830"}],"wp:attachment":[{"href":"https:\/\/joutia.shop\/en\/wp-json\/wp\/v2\/media?parent=78500"}],"wp:term":[{"taxonomy":"product_brand","embeddable":true,"href":"https:\/\/joutia.shop\/en\/wp-json\/wp\/v2\/product_brand?post=78500"},{"taxonomy":"product_cat","embeddable":true,"href":"https:\/\/joutia.shop\/en\/wp-json\/wp\/v2\/product_cat?post=78500"},{"taxonomy":"product_tag","embeddable":true,"href":"https:\/\/joutia.shop\/en\/wp-json\/wp\/v2\/product_tag?post=78500"}],"curies":[{"name":"wp","href":"https:\/\/api.w.org\/{rel}","templated":true}]}}