{"id":78488,"date":"2026-03-14T23:29:36","date_gmt":"2026-03-14T23:29:36","guid":{"rendered":"https:\/\/joutia.shop\/product\/casque-bluetooth-supra-auriculaire-sans-fil-avec-suppression-active-du-bruit-audio-haute-resolution-50-heures-de-lecture-basses-profondes-cable-de-35-mm-coussinets-en-mousse-a-memoire-de-forme-2\/"},"modified":"2026-03-14T23:29:36","modified_gmt":"2026-03-14T23:29:36","slug":"casque-bluetooth-supra-auriculaire-sans-fil-avec-suppression-active-du-bruit-audio-haute-resolution-50-heures-de-lecture-basses-profondes-cable-de-35-mm-coussinets-en-mousse-a-memoire-de-forme-2","status":"publish","type":"product","link":"https:\/\/joutia.shop\/en\/product\/casque-bluetooth-supra-auriculaire-sans-fil-avec-suppression-active-du-bruit-audio-haute-resolution-50-heures-de-lecture-basses-profondes-cable-de-35-mm-coussinets-en-mousse-a-memoire-de-forme-2\/","title":{"rendered":"Casque Bluetooth supra-auriculaire sans fil avec suppression active du bruit, audio haute r\u00e9solution, 50 heures de lecture, basses profondes, c\u00e2ble de 3,5 mm, coussinets en mousse \u00e0 m\u00e9moire de forme"},"content":{"rendered":"<h2>Belkin SoundForm Mini Casque Audio sans Fil pour Enfants avec Micro int\u00e9gr\u00e9 (Circum-aural, autonomie de 30 h, pour Apprentissage, Voyages, Autocollants Amusants, pour iPhone, iPad, Galaxy) &#8211; Bleu<\/h2>\n<p>Le produit <strong>Belkin SoundForm Mini Casque Audio sans Fil pour Enfants avec Micro int\u00e9gr\u00e9 (Circum-aural, autonomie de 30 h, pour Apprentissage, Voyages, Autocollants Amusants, pour iPhone, iPad, Galaxy) &#8211; Bleu<\/strong> est con\u00e7u pour offrir performance, fiabilit\u00e9 et confort d&rsquo;utilisation.<\/p>\n<p>Ce produit est id\u00e9al pour une utilisation quotidienne et r\u00e9pond parfaitement aux besoins des utilisateurs recherchant qualit\u00e9 et efficacit\u00e9.<\/p>\n<h3>Caract\u00e9ristiques principales<\/h3>\n<ul>\n<li>Conception robuste et durable<\/li>\n<li>Utilisation simple et intuitive<\/li>\n<li>Performance fiable<\/li>\n<li>Excellent rapport qualit\u00e9-prix<\/li>\n<\/ul>","protected":false},"excerpt":{"rendered":"<p>Belkin SoundForm Mini Casque Audio sans Fil pour Enfants avec Micro int\u00e9gr\u00e9 (Circum-aural, autonomie de 30 h, pour Apprentissage, Voyages, Autocollants Amusants, pour iPhone, iPad, Galaxy) &#8211; Bleu &#8211; produit de qualit\u00e9 con\u00e7u pour un usage quotidien, offrant performance et fiabilit\u00e9.<\/p>","protected":false},"featured_media":78026,"comment_status":"open","ping_status":"closed","template":"","meta":[],"product_brand":[],"product_cat":[311],"product_tag":[312],"class_list":{"0":"post-78488","1":"product","2":"type-product","3":"status-publish","4":"has-post-thumbnail","6":"product_cat-audio","7":"product_tag-casque-audio","9":"first","10":"instock","11":"shipping-taxable","12":"product-type-external"},"_links":{"self":[{"href":"https:\/\/joutia.shop\/en\/wp-json\/wp\/v2\/product\/78488","targetHints":{"allow":["GET"]}}],"collection":[{"href":"https:\/\/joutia.shop\/en\/wp-json\/wp\/v2\/product"}],"about":[{"href":"https:\/\/joutia.shop\/en\/wp-json\/wp\/v2\/types\/product"}],"replies":[{"embeddable":true,"href":"https:\/\/joutia.shop\/en\/wp-json\/wp\/v2\/comments?post=78488"}],"wp:featuredmedia":[{"embeddable":true,"href":"https:\/\/joutia.shop\/en\/wp-json\/wp\/v2\/media\/78026"}],"wp:attachment":[{"href":"https:\/\/joutia.shop\/en\/wp-json\/wp\/v2\/media?parent=78488"}],"wp:term":[{"taxonomy":"product_brand","embeddable":true,"href":"https:\/\/joutia.shop\/en\/wp-json\/wp\/v2\/product_brand?post=78488"},{"taxonomy":"product_cat","embeddable":true,"href":"https:\/\/joutia.shop\/en\/wp-json\/wp\/v2\/product_cat?post=78488"},{"taxonomy":"product_tag","embeddable":true,"href":"https:\/\/joutia.shop\/en\/wp-json\/wp\/v2\/product_tag?post=78488"}],"curies":[{"name":"wp","href":"https:\/\/api.w.org\/{rel}","templated":true}]}}