{"id":78480,"date":"2026-03-14T23:29:34","date_gmt":"2026-03-14T23:29:34","guid":{"rendered":"https:\/\/joutia.shop\/product\/apple-ipad-air-11-m2-ecran-liquid-retina-1-to-camera-avant-12-mpx-horizontale-appareil-photo-arriere-12-mpx-wi-fi-6e-touch-id-autonomie-dune-journee-gris-sideral-2\/"},"modified":"2026-03-14T23:29:34","modified_gmt":"2026-03-14T23:29:34","slug":"apple-ipad-air-11-m2-ecran-liquid-retina-1-to-camera-avant-12-mpx-horizontale-appareil-photo-arriere-12-mpx-wi-fi-6e-touch-id-autonomie-dune-journee-gris-sideral-2","status":"publish","type":"product","link":"https:\/\/joutia.shop\/en\/product\/apple-ipad-air-11-m2-ecran-liquid-retina-1-to-camera-avant-12-mpx-horizontale-appareil-photo-arriere-12-mpx-wi-fi-6e-touch-id-autonomie-dune-journee-gris-sideral-2\/","title":{"rendered":"Apple iPad Air 11 (M2) : \u00c9cran Liquid Retina, 1 to, Cam\u00e9ra Avant 12 Mpx Horizontale\/Appareil Photo arri\u00e8re 12 Mpx, Wi-FI 6E, Touch ID, Autonomie d\u2019Une journ\u00e9e &#8211; Gris sid\u00e9ral"},"content":{"rendered":"<h2>XIAOMI Redmi Pad Pro 6+128, 30,5 cm (12,1 Zoll), Blau<\/h2>\n<p>Le produit <strong>XIAOMI Redmi Pad Pro 6+128, 30,5 cm (12,1 Zoll), Blau<\/strong> est con\u00e7u pour offrir performance, fiabilit\u00e9 et confort d&rsquo;utilisation.<\/p>\n<p>Ce produit est id\u00e9al pour une utilisation quotidienne et r\u00e9pond parfaitement aux besoins des utilisateurs recherchant qualit\u00e9 et efficacit\u00e9.<\/p>\n<h3>Caract\u00e9ristiques principales<\/h3>\n<ul>\n<li>Conception robuste et durable<\/li>\n<li>Utilisation simple et intuitive<\/li>\n<li>Performance fiable<\/li>\n<li>Excellent rapport qualit\u00e9-prix<\/li>\n<\/ul>","protected":false},"excerpt":{"rendered":"<p>XIAOMI Redmi Pad Pro 6+128, 30,5 cm (12,1 Zoll), Blau &#8211; produit de qualit\u00e9 con\u00e7u pour un usage quotidien, offrant performance et fiabilit\u00e9.<\/p>","protected":false},"featured_media":78056,"comment_status":"open","ping_status":"closed","template":"","meta":[],"product_brand":[],"product_cat":[309],"product_tag":[310],"class_list":{"0":"post-78480","1":"product","2":"type-product","3":"status-publish","4":"has-post-thumbnail","6":"product_cat-tablette","7":"product_tag-tablette","9":"first","10":"instock","11":"shipping-taxable","12":"product-type-external"},"_links":{"self":[{"href":"https:\/\/joutia.shop\/en\/wp-json\/wp\/v2\/product\/78480","targetHints":{"allow":["GET"]}}],"collection":[{"href":"https:\/\/joutia.shop\/en\/wp-json\/wp\/v2\/product"}],"about":[{"href":"https:\/\/joutia.shop\/en\/wp-json\/wp\/v2\/types\/product"}],"replies":[{"embeddable":true,"href":"https:\/\/joutia.shop\/en\/wp-json\/wp\/v2\/comments?post=78480"}],"wp:featuredmedia":[{"embeddable":true,"href":"https:\/\/joutia.shop\/en\/wp-json\/wp\/v2\/media\/78056"}],"wp:attachment":[{"href":"https:\/\/joutia.shop\/en\/wp-json\/wp\/v2\/media?parent=78480"}],"wp:term":[{"taxonomy":"product_brand","embeddable":true,"href":"https:\/\/joutia.shop\/en\/wp-json\/wp\/v2\/product_brand?post=78480"},{"taxonomy":"product_cat","embeddable":true,"href":"https:\/\/joutia.shop\/en\/wp-json\/wp\/v2\/product_cat?post=78480"},{"taxonomy":"product_tag","embeddable":true,"href":"https:\/\/joutia.shop\/en\/wp-json\/wp\/v2\/product_tag?post=78480"}],"curies":[{"name":"wp","href":"https:\/\/api.w.org\/{rel}","templated":true}]}}