{"id":78474,"date":"2026-03-14T23:29:33","date_gmt":"2026-03-14T23:29:33","guid":{"rendered":"https:\/\/joutia.shop\/product\/samsung-galaxy-tab-s6-lite-wifi-64gb-grey-2\/"},"modified":"2026-03-14T23:29:33","modified_gmt":"2026-03-14T23:29:33","slug":"samsung-galaxy-tab-s6-lite-wifi-64gb-grey-2","status":"publish","type":"product","link":"https:\/\/joutia.shop\/en\/product\/samsung-galaxy-tab-s6-lite-wifi-64gb-grey-2\/","title":{"rendered":"Samsung Galaxy Tab S6 Lite WiFi 64GB Grey"},"content":{"rendered":"<h2>Samsung Galaxy Tab S6 Lite 10.4&Prime; WiFi &#8211; Tablet 128GB, 4GB RAM, Oxford Gray<\/h2>\n<p>Le produit <strong>Samsung Galaxy Tab S6 Lite 10.4&Prime; WiFi &#8211; Tablet 128GB, 4GB RAM, Oxford Gray<\/strong> est con\u00e7u pour offrir performance, fiabilit\u00e9 et confort d&rsquo;utilisation.<\/p>\n<p>Ce produit est id\u00e9al pour une utilisation quotidienne et r\u00e9pond parfaitement aux besoins des utilisateurs recherchant qualit\u00e9 et efficacit\u00e9.<\/p>\n<h3>Caract\u00e9ristiques principales<\/h3>\n<ul>\n<li>Conception robuste et durable<\/li>\n<li>Utilisation simple et intuitive<\/li>\n<li>Performance fiable<\/li>\n<li>Excellent rapport qualit\u00e9-prix<\/li>\n<\/ul>","protected":false},"excerpt":{"rendered":"<p>Samsung Galaxy Tab S6 Lite 10.4&Prime; WiFi &#8211; Tablet 128GB, 4GB RAM, Oxford Gray &#8211; produit de qualit\u00e9 con\u00e7u pour un usage quotidien, offrant performance et fiabilit\u00e9.<\/p>","protected":false},"featured_media":78229,"comment_status":"open","ping_status":"closed","template":"","meta":[],"product_brand":[],"product_cat":[309],"product_tag":[310],"class_list":{"0":"post-78474","1":"product","2":"type-product","3":"status-publish","4":"has-post-thumbnail","6":"product_cat-tablette","7":"product_tag-tablette","9":"first","10":"instock","11":"shipping-taxable","12":"product-type-external"},"_links":{"self":[{"href":"https:\/\/joutia.shop\/en\/wp-json\/wp\/v2\/product\/78474","targetHints":{"allow":["GET"]}}],"collection":[{"href":"https:\/\/joutia.shop\/en\/wp-json\/wp\/v2\/product"}],"about":[{"href":"https:\/\/joutia.shop\/en\/wp-json\/wp\/v2\/types\/product"}],"replies":[{"embeddable":true,"href":"https:\/\/joutia.shop\/en\/wp-json\/wp\/v2\/comments?post=78474"}],"wp:featuredmedia":[{"embeddable":true,"href":"https:\/\/joutia.shop\/en\/wp-json\/wp\/v2\/media\/78229"}],"wp:attachment":[{"href":"https:\/\/joutia.shop\/en\/wp-json\/wp\/v2\/media?parent=78474"}],"wp:term":[{"taxonomy":"product_brand","embeddable":true,"href":"https:\/\/joutia.shop\/en\/wp-json\/wp\/v2\/product_brand?post=78474"},{"taxonomy":"product_cat","embeddable":true,"href":"https:\/\/joutia.shop\/en\/wp-json\/wp\/v2\/product_cat?post=78474"},{"taxonomy":"product_tag","embeddable":true,"href":"https:\/\/joutia.shop\/en\/wp-json\/wp\/v2\/product_tag?post=78474"}],"curies":[{"name":"wp","href":"https:\/\/api.w.org\/{rel}","templated":true}]}}