{"id":78470,"date":"2026-03-14T23:29:33","date_gmt":"2026-03-14T23:29:33","guid":{"rendered":"https:\/\/joutia.shop\/product\/tablet-samsung-galaxy-tab-a11-x236-11-0-5g-6gb-ram-128gb-silver-2\/"},"modified":"2026-03-14T23:29:33","modified_gmt":"2026-03-14T23:29:33","slug":"tablet-samsung-galaxy-tab-a11-x236-11-0-5g-6gb-ram-128gb-silver-2","status":"publish","type":"product","link":"https:\/\/joutia.shop\/en\/product\/tablet-samsung-galaxy-tab-a11-x236-11-0-5g-6gb-ram-128gb-silver-2\/","title":{"rendered":"Tablet Samsung Galaxy Tab A11+ X236 11.0 5G 6GB RAM 128GB &#8211; Silver"},"content":{"rendered":"<h2>Apple iPad Mini (A17 Pro) : \u00c9cran Liquid Retina 8,3 Pouces, 128 Go, Wi-FI 6E, cam\u00e9ras Avant\/arri\u00e8re 12 Mpx, Touch ID, autonomie d\u2019Une journ\u00e9e &#8211; Lumi\u00e8re stellaire<\/h2>\n<p>Le produit <strong>Apple iPad Mini (A17 Pro) : \u00c9cran Liquid Retina 8,3 Pouces, 128 Go, Wi-FI 6E, cam\u00e9ras Avant\/arri\u00e8re 12 Mpx, Touch ID, autonomie d\u2019Une journ\u00e9e &#8211; Lumi\u00e8re stellaire<\/strong> est con\u00e7u pour offrir performance, fiabilit\u00e9 et confort d&rsquo;utilisation.<\/p>\n<p>Ce produit est id\u00e9al pour une utilisation quotidienne et r\u00e9pond parfaitement aux besoins des utilisateurs recherchant qualit\u00e9 et efficacit\u00e9.<\/p>\n<h3>Caract\u00e9ristiques principales<\/h3>\n<ul>\n<li>Conception robuste et durable<\/li>\n<li>Utilisation simple et intuitive<\/li>\n<li>Performance fiable<\/li>\n<li>Excellent rapport qualit\u00e9-prix<\/li>\n<\/ul>","protected":false},"excerpt":{"rendered":"<p>Apple iPad Mini (A17 Pro) : \u00c9cran Liquid Retina 8,3 Pouces, 128 Go, Wi-FI 6E, cam\u00e9ras Avant\/arri\u00e8re 12 Mpx, Touch ID, autonomie d\u2019Une journ\u00e9e &#8211; Lumi\u00e8re stellaire &#8211; produit de qualit\u00e9 con\u00e7u pour un usage quotidien, offrant performance et fiabilit\u00e9.<\/p>","protected":false},"featured_media":77898,"comment_status":"open","ping_status":"closed","template":"","meta":[],"product_brand":[],"product_cat":[309],"product_tag":[310],"class_list":{"0":"post-78470","1":"product","2":"type-product","3":"status-publish","4":"has-post-thumbnail","6":"product_cat-tablette","7":"product_tag-tablette","9":"first","10":"instock","11":"shipping-taxable","12":"product-type-external"},"_links":{"self":[{"href":"https:\/\/joutia.shop\/en\/wp-json\/wp\/v2\/product\/78470","targetHints":{"allow":["GET"]}}],"collection":[{"href":"https:\/\/joutia.shop\/en\/wp-json\/wp\/v2\/product"}],"about":[{"href":"https:\/\/joutia.shop\/en\/wp-json\/wp\/v2\/types\/product"}],"replies":[{"embeddable":true,"href":"https:\/\/joutia.shop\/en\/wp-json\/wp\/v2\/comments?post=78470"}],"wp:featuredmedia":[{"embeddable":true,"href":"https:\/\/joutia.shop\/en\/wp-json\/wp\/v2\/media\/77898"}],"wp:attachment":[{"href":"https:\/\/joutia.shop\/en\/wp-json\/wp\/v2\/media?parent=78470"}],"wp:term":[{"taxonomy":"product_brand","embeddable":true,"href":"https:\/\/joutia.shop\/en\/wp-json\/wp\/v2\/product_brand?post=78470"},{"taxonomy":"product_cat","embeddable":true,"href":"https:\/\/joutia.shop\/en\/wp-json\/wp\/v2\/product_cat?post=78470"},{"taxonomy":"product_tag","embeddable":true,"href":"https:\/\/joutia.shop\/en\/wp-json\/wp\/v2\/product_tag?post=78470"}],"curies":[{"name":"wp","href":"https:\/\/api.w.org\/{rel}","templated":true}]}}