{"id":78468,"date":"2026-03-14T23:29:32","date_gmt":"2026-03-14T23:29:32","guid":{"rendered":"https:\/\/joutia.shop\/product\/blackview-active-10-pro-tablette-incassable-5g-lte%ef%bc%8c30000mah-36go-ram-512go-rom-tablette-robuste-11-pouces-fhd-camera-108mp50mp-dimensity-7300-android-14-wifi-6-gps-vision-nocturne-2\/"},"modified":"2026-03-14T23:29:32","modified_gmt":"2026-03-14T23:29:32","slug":"blackview-active-10-pro-tablette-incassable-5g-lte%ef%bc%8c30000mah-36go-ram-512go-rom-tablette-robuste-11-pouces-fhd-camera-108mp50mp-dimensity-7300-android-14-wifi-6-gps-vision-nocturne-2","status":"publish","type":"product","link":"https:\/\/joutia.shop\/en\/product\/blackview-active-10-pro-tablette-incassable-5g-lte%ef%bc%8c30000mah-36go-ram-512go-rom-tablette-robuste-11-pouces-fhd-camera-108mp50mp-dimensity-7300-android-14-wifi-6-gps-vision-nocturne-2\/","title":{"rendered":"Blackview Active 10 Pro Tablette Incassable 5G LTE\uff0c30000mAh, 36Go RAM + 512Go ROM Tablette Robuste 11 Pouces FHD+ Cam\u00e9ra 108MP+50MP Dimensity 7300 Android 14, WiFi 6\/GPS\/Vision Nocturne"},"content":{"rendered":"<h2>10 Pouces Tablette Android 14, 10 GB RAM 128GB ROM 1TB TF, Processeur Octa-Core 2.0GHz, 5G + 2.4G WiFi 6, 8 + 5MP Double Cam\u00e9ra, Batterie 5000mAh, Bluetooth 5.0, Tablets mit Widevine L1 Gris<\/h2>\n<p>Le produit <strong>10 Pouces Tablette Android 14, 10 GB RAM 128GB ROM 1TB TF, Processeur Octa-Core 2.0GHz, 5G + 2.4G WiFi 6, 8 + 5MP Double Cam\u00e9ra, Batterie 5000mAh, Bluetooth 5.0, Tablets mit Widevine L1 Gris<\/strong> est con\u00e7u pour offrir performance, fiabilit\u00e9 et confort d&rsquo;utilisation.<\/p>\n<p>Ce produit est id\u00e9al pour une utilisation quotidienne et r\u00e9pond parfaitement aux besoins des utilisateurs recherchant qualit\u00e9 et efficacit\u00e9.<\/p>\n<h3>Caract\u00e9ristiques principales<\/h3>\n<ul>\n<li>Conception robuste et durable<\/li>\n<li>Utilisation simple et intuitive<\/li>\n<li>Performance fiable<\/li>\n<li>Excellent rapport qualit\u00e9-prix<\/li>\n<\/ul>","protected":false},"excerpt":{"rendered":"<p>10 Pouces Tablette Android 14, 10 GB RAM 128GB ROM 1TB TF, Processeur Octa-Core 2.0GHz, 5G + 2.4G WiFi 6, 8 + 5MP Double Cam\u00e9ra, Batterie 5000mAh, Bluetooth 5.0, Tablets mit Widevine L1 Gris &#8211; produit de qualit\u00e9 con\u00e7u pour un usage quotidien, offrant performance et fiabilit\u00e9.<\/p>","protected":false},"featured_media":77878,"comment_status":"open","ping_status":"closed","template":"","meta":[],"product_brand":[],"product_cat":[309],"product_tag":[310],"class_list":{"0":"post-78468","1":"product","2":"type-product","3":"status-publish","4":"has-post-thumbnail","6":"product_cat-tablette","7":"product_tag-tablette","9":"first","10":"instock","11":"shipping-taxable","12":"product-type-external"},"_links":{"self":[{"href":"https:\/\/joutia.shop\/en\/wp-json\/wp\/v2\/product\/78468","targetHints":{"allow":["GET"]}}],"collection":[{"href":"https:\/\/joutia.shop\/en\/wp-json\/wp\/v2\/product"}],"about":[{"href":"https:\/\/joutia.shop\/en\/wp-json\/wp\/v2\/types\/product"}],"replies":[{"embeddable":true,"href":"https:\/\/joutia.shop\/en\/wp-json\/wp\/v2\/comments?post=78468"}],"wp:featuredmedia":[{"embeddable":true,"href":"https:\/\/joutia.shop\/en\/wp-json\/wp\/v2\/media\/77878"}],"wp:attachment":[{"href":"https:\/\/joutia.shop\/en\/wp-json\/wp\/v2\/media?parent=78468"}],"wp:term":[{"taxonomy":"product_brand","embeddable":true,"href":"https:\/\/joutia.shop\/en\/wp-json\/wp\/v2\/product_brand?post=78468"},{"taxonomy":"product_cat","embeddable":true,"href":"https:\/\/joutia.shop\/en\/wp-json\/wp\/v2\/product_cat?post=78468"},{"taxonomy":"product_tag","embeddable":true,"href":"https:\/\/joutia.shop\/en\/wp-json\/wp\/v2\/product_tag?post=78468"}],"curies":[{"name":"wp","href":"https:\/\/api.w.org\/{rel}","templated":true}]}}