{"id":78466,"date":"2026-03-14T23:29:32","date_gmt":"2026-03-14T23:29:32","guid":{"rendered":"https:\/\/joutia.shop\/product\/lenovo-idea-tab-plus-tablette-legere-ecran-tactile-ips-121-25k-90-hz-memoire-mediatek-dimensity-6400-8-go-stockage-128-go-bras-integre-mali-g57-mc2-tab-pen-etui-folio-2\/"},"modified":"2026-03-14T23:29:32","modified_gmt":"2026-03-14T23:29:32","slug":"lenovo-idea-tab-plus-tablette-legere-ecran-tactile-ips-121-25k-90-hz-memoire-mediatek-dimensity-6400-8-go-stockage-128-go-bras-integre-mali-g57-mc2-tab-pen-etui-folio-2","status":"publish","type":"product","link":"https:\/\/joutia.shop\/en\/product\/lenovo-idea-tab-plus-tablette-legere-ecran-tactile-ips-121-25k-90-hz-memoire-mediatek-dimensity-6400-8-go-stockage-128-go-bras-integre-mali-g57-mc2-tab-pen-etui-folio-2\/","title":{"rendered":"Lenovo Idea Tab Plus &#8211; Tablette l\u00e9g\u00e8re &#8211; \u00c9cran tactile IPS 12,1&Prime; 2,5K &#8211; 90 Hz &#8211; M\u00e9moire MediaTek Dimensity 6400-8 Go &#8211; Stockage 128 Go &#8211; Bras int\u00e9gr\u00e9 Mali-G57 MC2 Tab Pen &#038; \u00c9tui Folio"},"content":{"rendered":"<h2>Tablette Tactile 10 Pouces Android 14, 22Go RAM+128Go ROM(Extensible 1To)|5MP+8MP|5G Wi-FI|Certifi\u00e9 Widevine L1|Processeur Octa-Core|8000mAh|Clavier+Souris+Coque de Protection Inclus (Gris)<\/h2>\n<p>Le produit <strong>Tablette Tactile 10 Pouces Android 14, 22Go RAM+128Go ROM(Extensible 1To)|5MP+8MP|5G Wi-FI|Certifi\u00e9 Widevine L1|Processeur Octa-Core|8000mAh|Clavier+Souris+Coque de Protection Inclus (Gris)<\/strong> est con\u00e7u pour offrir performance, fiabilit\u00e9 et confort d&rsquo;utilisation.<\/p>\n<p>Ce produit est id\u00e9al pour une utilisation quotidienne et r\u00e9pond parfaitement aux besoins des utilisateurs recherchant qualit\u00e9 et efficacit\u00e9.<\/p>\n<h3>Caract\u00e9ristiques principales<\/h3>\n<ul>\n<li>Conception robuste et durable<\/li>\n<li>Utilisation simple et intuitive<\/li>\n<li>Performance fiable<\/li>\n<li>Excellent rapport qualit\u00e9-prix<\/li>\n<\/ul>","protected":false},"excerpt":{"rendered":"<p>Tablette Tactile 10 Pouces Android 14, 22Go RAM+128Go ROM(Extensible 1To)|5MP+8MP|5G Wi-FI|Certifi\u00e9 Widevine L1|Processeur Octa-Core|8000mAh|Clavier+Souris+Coque de Protection Inclus (Gris) &#8211; produit de qualit\u00e9 con\u00e7u pour un usage quotidien, offrant performance et fiabilit\u00e9.<\/p>","protected":false},"featured_media":78262,"comment_status":"open","ping_status":"closed","template":"","meta":[],"product_brand":[],"product_cat":[309],"product_tag":[310],"class_list":{"0":"post-78466","1":"product","2":"type-product","3":"status-publish","4":"has-post-thumbnail","6":"product_cat-tablette","7":"product_tag-tablette","9":"first","10":"instock","11":"shipping-taxable","12":"product-type-external"},"_links":{"self":[{"href":"https:\/\/joutia.shop\/en\/wp-json\/wp\/v2\/product\/78466","targetHints":{"allow":["GET"]}}],"collection":[{"href":"https:\/\/joutia.shop\/en\/wp-json\/wp\/v2\/product"}],"about":[{"href":"https:\/\/joutia.shop\/en\/wp-json\/wp\/v2\/types\/product"}],"replies":[{"embeddable":true,"href":"https:\/\/joutia.shop\/en\/wp-json\/wp\/v2\/comments?post=78466"}],"wp:featuredmedia":[{"embeddable":true,"href":"https:\/\/joutia.shop\/en\/wp-json\/wp\/v2\/media\/78262"}],"wp:attachment":[{"href":"https:\/\/joutia.shop\/en\/wp-json\/wp\/v2\/media?parent=78466"}],"wp:term":[{"taxonomy":"product_brand","embeddable":true,"href":"https:\/\/joutia.shop\/en\/wp-json\/wp\/v2\/product_brand?post=78466"},{"taxonomy":"product_cat","embeddable":true,"href":"https:\/\/joutia.shop\/en\/wp-json\/wp\/v2\/product_cat?post=78466"},{"taxonomy":"product_tag","embeddable":true,"href":"https:\/\/joutia.shop\/en\/wp-json\/wp\/v2\/product_tag?post=78466"}],"curies":[{"name":"wp","href":"https:\/\/api.w.org\/{rel}","templated":true}]}}