{"id":78453,"date":"2026-03-14T23:29:30","date_gmt":"2026-03-14T23:29:30","guid":{"rendered":"https:\/\/joutia.shop\/product\/teclast-t65-tablette-13-4-android-16-ecran-120hz-dual-sim-4g-lte-2-2-ghz-octa-core-26-go-ram-128-go-rom-widevine-l1-8000-mah-grande-tablette-tactile-pour-regarder-des-films-et-streaming-2\/"},"modified":"2026-03-14T23:29:30","modified_gmt":"2026-03-14T23:29:30","slug":"teclast-t65-tablette-13-4-android-16-ecran-120hz-dual-sim-4g-lte-2-2-ghz-octa-core-26-go-ram-128-go-rom-widevine-l1-8000-mah-grande-tablette-tactile-pour-regarder-des-films-et-streaming-2","status":"publish","type":"product","link":"https:\/\/joutia.shop\/en\/product\/teclast-t65-tablette-13-4-android-16-ecran-120hz-dual-sim-4g-lte-2-2-ghz-octa-core-26-go-ram-128-go-rom-widevine-l1-8000-mah-grande-tablette-tactile-pour-regarder-des-films-et-streaming-2\/","title":{"rendered":"TECLAST T65 Tablette 13.4&Prime; Android 16, \u00c9cran 120Hz, Dual SIM 4G LTE, 2.2 GHz Octa-Core, 26 Go RAM + 128 Go ROM, Widevine L1, 8000 mAh, Grande Tablette Tactile pour Regarder des Films et Streaming"},"content":{"rendered":"<h2>XIAOMI Poco Pad Tablette 12.1 \u00ab\u00a0, 8 Go de RAM + 256 Go de ROM, Tablette Android 2024, r\u00e9solution 1600 x 2506, \u00e9cran 120 Hz, Batterie 10000 mAh, Charge Rapide 33W (Bleu)<\/h2>\n<p>Le produit <strong>XIAOMI Poco Pad Tablette 12.1 \u00ab\u00a0, 8 Go de RAM + 256 Go de ROM, Tablette Android 2024, r\u00e9solution 1600 x 2506, \u00e9cran 120 Hz, Batterie 10000 mAh, Charge Rapide 33W (Bleu)<\/strong> est con\u00e7u pour offrir performance, fiabilit\u00e9 et confort d&rsquo;utilisation.<\/p>\n<p>Ce produit est id\u00e9al pour une utilisation quotidienne et r\u00e9pond parfaitement aux besoins des utilisateurs recherchant qualit\u00e9 et efficacit\u00e9.<\/p>\n<h3>Caract\u00e9ristiques principales<\/h3>\n<ul>\n<li>Conception robuste et durable<\/li>\n<li>Utilisation simple et intuitive<\/li>\n<li>Performance fiable<\/li>\n<li>Excellent rapport qualit\u00e9-prix<\/li>\n<\/ul>","protected":false},"excerpt":{"rendered":"<p>XIAOMI Poco Pad Tablette 12.1 \u00ab\u00a0, 8 Go de RAM + 256 Go de ROM, Tablette Android 2024, r\u00e9solution 1600 x 2506, \u00e9cran 120 Hz, Batterie 10000 mAh, Charge Rapide 33W (Bleu) &#8211; produit de qualit\u00e9 con\u00e7u pour un usage quotidien, offrant performance et fiabilit\u00e9.<\/p>","protected":false},"featured_media":77656,"comment_status":"open","ping_status":"closed","template":"","meta":[],"product_brand":[],"product_cat":[309],"product_tag":[310],"class_list":{"0":"post-78453","1":"product","2":"type-product","3":"status-publish","4":"has-post-thumbnail","6":"product_cat-tablette","7":"product_tag-tablette","9":"first","10":"instock","11":"shipping-taxable","12":"product-type-external"},"_links":{"self":[{"href":"https:\/\/joutia.shop\/en\/wp-json\/wp\/v2\/product\/78453","targetHints":{"allow":["GET"]}}],"collection":[{"href":"https:\/\/joutia.shop\/en\/wp-json\/wp\/v2\/product"}],"about":[{"href":"https:\/\/joutia.shop\/en\/wp-json\/wp\/v2\/types\/product"}],"replies":[{"embeddable":true,"href":"https:\/\/joutia.shop\/en\/wp-json\/wp\/v2\/comments?post=78453"}],"wp:featuredmedia":[{"embeddable":true,"href":"https:\/\/joutia.shop\/en\/wp-json\/wp\/v2\/media\/77656"}],"wp:attachment":[{"href":"https:\/\/joutia.shop\/en\/wp-json\/wp\/v2\/media?parent=78453"}],"wp:term":[{"taxonomy":"product_brand","embeddable":true,"href":"https:\/\/joutia.shop\/en\/wp-json\/wp\/v2\/product_brand?post=78453"},{"taxonomy":"product_cat","embeddable":true,"href":"https:\/\/joutia.shop\/en\/wp-json\/wp\/v2\/product_cat?post=78453"},{"taxonomy":"product_tag","embeddable":true,"href":"https:\/\/joutia.shop\/en\/wp-json\/wp\/v2\/product_tag?post=78453"}],"curies":[{"name":"wp","href":"https:\/\/api.w.org\/{rel}","templated":true}]}}