{"id":78424,"date":"2026-03-14T23:29:26","date_gmt":"2026-03-14T23:29:26","guid":{"rendered":"https:\/\/joutia.shop\/product\/samsung-sm-a356b-galaxy-a35-5g-dual-sim-8gb-ram-256gb-awesome-iceblue-eu-versions-italienne-hongroise-polonaise-roumaine-autrichienne-et-suisse-2\/"},"modified":"2026-03-14T23:29:26","modified_gmt":"2026-03-14T23:29:26","slug":"samsung-sm-a356b-galaxy-a35-5g-dual-sim-8gb-ram-256gb-awesome-iceblue-eu-versions-italienne-hongroise-polonaise-roumaine-autrichienne-et-suisse-2","status":"publish","type":"product","link":"https:\/\/joutia.shop\/en\/product\/samsung-sm-a356b-galaxy-a35-5g-dual-sim-8gb-ram-256gb-awesome-iceblue-eu-versions-italienne-hongroise-polonaise-roumaine-autrichienne-et-suisse-2\/","title":{"rendered":"Samsung SM-A356B Galaxy A35 5G Dual SIM 8GB RAM 256GB Awesome Iceblue EU &#8211; [Versions italienne, hongroise, polonaise, roumaine, autrichienne et suisse]"},"content":{"rendered":"<h2>Honor 400 Smartphone 5G Dual SIM NFC, 8GB RAM 256GB, 5300 mAh, Cam\u00e9ra 200MP Ultra Haute D\u00e9finition, Android 15, 6,55 Pouces \u00c9cran AMOLED, Desert Gold<\/h2>\n<p>Le produit <strong>Honor 400 Smartphone 5G Dual SIM NFC, 8GB RAM 256GB, 5300 mAh, Cam\u00e9ra 200MP Ultra Haute D\u00e9finition, Android 15, 6,55 Pouces \u00c9cran AMOLED, Desert Gold<\/strong> est con\u00e7u pour offrir performance, fiabilit\u00e9 et confort d&rsquo;utilisation.<\/p>\n<p>Ce produit est id\u00e9al pour une utilisation quotidienne et r\u00e9pond parfaitement aux besoins des utilisateurs recherchant qualit\u00e9 et efficacit\u00e9.<\/p>\n<h3>Caract\u00e9ristiques principales<\/h3>\n<ul>\n<li>Conception robuste et durable<\/li>\n<li>Utilisation simple et intuitive<\/li>\n<li>Performance fiable<\/li>\n<li>Excellent rapport qualit\u00e9-prix<\/li>\n<\/ul>","protected":false},"excerpt":{"rendered":"<p>Honor 400 Smartphone 5G Dual SIM NFC, 8GB RAM 256GB, 5300 mAh, Cam\u00e9ra 200MP Ultra Haute D\u00e9finition, Android 15, 6,55 Pouces \u00c9cran AMOLED, Desert Gold &#8211; produit de qualit\u00e9 con\u00e7u pour un usage quotidien, offrant performance et fiabilit\u00e9.<\/p>","protected":false},"featured_media":77778,"comment_status":"open","ping_status":"closed","template":"","meta":[],"product_brand":[],"product_cat":[307],"product_tag":[308],"class_list":{"0":"post-78424","1":"product","2":"type-product","3":"status-publish","4":"has-post-thumbnail","6":"product_cat-telephonie","7":"product_tag-smartphone","9":"first","10":"instock","11":"shipping-taxable","12":"product-type-external"},"_links":{"self":[{"href":"https:\/\/joutia.shop\/en\/wp-json\/wp\/v2\/product\/78424","targetHints":{"allow":["GET"]}}],"collection":[{"href":"https:\/\/joutia.shop\/en\/wp-json\/wp\/v2\/product"}],"about":[{"href":"https:\/\/joutia.shop\/en\/wp-json\/wp\/v2\/types\/product"}],"replies":[{"embeddable":true,"href":"https:\/\/joutia.shop\/en\/wp-json\/wp\/v2\/comments?post=78424"}],"wp:featuredmedia":[{"embeddable":true,"href":"https:\/\/joutia.shop\/en\/wp-json\/wp\/v2\/media\/77778"}],"wp:attachment":[{"href":"https:\/\/joutia.shop\/en\/wp-json\/wp\/v2\/media?parent=78424"}],"wp:term":[{"taxonomy":"product_brand","embeddable":true,"href":"https:\/\/joutia.shop\/en\/wp-json\/wp\/v2\/product_brand?post=78424"},{"taxonomy":"product_cat","embeddable":true,"href":"https:\/\/joutia.shop\/en\/wp-json\/wp\/v2\/product_cat?post=78424"},{"taxonomy":"product_tag","embeddable":true,"href":"https:\/\/joutia.shop\/en\/wp-json\/wp\/v2\/product_tag?post=78424"}],"curies":[{"name":"wp","href":"https:\/\/api.w.org\/{rel}","templated":true}]}}