{"id":78415,"date":"2026-03-14T23:29:24","date_gmt":"2026-03-14T23:29:24","guid":{"rendered":"https:\/\/joutia.shop\/product\/blackview-wave-9c-telephone-portable-pas-cher-4g-6-56-hd-smartphone-pas-cher-telephone-portable-12go128go-2to-tf-android-15-5000mah-13mp8mp-etui-de-telephone-rotatif-face-id-gps-2\/"},"modified":"2026-03-14T23:29:24","modified_gmt":"2026-03-14T23:29:24","slug":"blackview-wave-9c-telephone-portable-pas-cher-4g-6-56-hd-smartphone-pas-cher-telephone-portable-12go128go-2to-tf-android-15-5000mah-13mp8mp-etui-de-telephone-rotatif-face-id-gps-2","status":"publish","type":"product","link":"https:\/\/joutia.shop\/en\/product\/blackview-wave-9c-telephone-portable-pas-cher-4g-6-56-hd-smartphone-pas-cher-telephone-portable-12go128go-2to-tf-android-15-5000mah-13mp8mp-etui-de-telephone-rotatif-face-id-gps-2\/","title":{"rendered":"Blackview Wave 9C Telephone Portable Pas Cher 4G, 6.56\u00a0\u00bb HD+ Smartphone Pas Cher, T\u00e9l\u00e9phone Portable 12Go+128Go\/2To TF, Android 15, 5000mAh, 13MP+8MP, \u00c9tui de T\u00e9l\u00e9phone Rotatif, Face ID, GPS"},"content":{"rendered":"<h2>Google Pixel 9a \u2013 Smartphone Android d\u00e9bloqu\u00e9 avec Appareil Photo IA, Batterie Longue dur\u00e9e et s\u00e9curit\u00e9 Robuste \u2013 Noir Volcanique, 128GB<\/h2>\n<p>Le produit <strong>Google Pixel 9a \u2013 Smartphone Android d\u00e9bloqu\u00e9 avec Appareil Photo IA, Batterie Longue dur\u00e9e et s\u00e9curit\u00e9 Robuste \u2013 Noir Volcanique, 128GB<\/strong> est con\u00e7u pour offrir performance, fiabilit\u00e9 et confort d&rsquo;utilisation.<\/p>\n<p>Ce produit est id\u00e9al pour une utilisation quotidienne et r\u00e9pond parfaitement aux besoins des utilisateurs recherchant qualit\u00e9 et efficacit\u00e9.<\/p>\n<h3>Caract\u00e9ristiques principales<\/h3>\n<ul>\n<li>Conception robuste et durable<\/li>\n<li>Utilisation simple et intuitive<\/li>\n<li>Performance fiable<\/li>\n<li>Excellent rapport qualit\u00e9-prix<\/li>\n<\/ul>","protected":false},"excerpt":{"rendered":"<p>Google Pixel 9a \u2013 Smartphone Android d\u00e9bloqu\u00e9 avec Appareil Photo IA, Batterie Longue dur\u00e9e et s\u00e9curit\u00e9 Robuste \u2013 Noir Volcanique, 128GB &#8211; produit de qualit\u00e9 con\u00e7u pour un usage quotidien, offrant performance et fiabilit\u00e9.<\/p>","protected":false},"featured_media":77717,"comment_status":"open","ping_status":"closed","template":"","meta":[],"product_brand":[],"product_cat":[307],"product_tag":[308],"class_list":{"0":"post-78415","1":"product","2":"type-product","3":"status-publish","4":"has-post-thumbnail","6":"product_cat-telephonie","7":"product_tag-smartphone","9":"first","10":"instock","11":"shipping-taxable","12":"product-type-external"},"_links":{"self":[{"href":"https:\/\/joutia.shop\/en\/wp-json\/wp\/v2\/product\/78415","targetHints":{"allow":["GET"]}}],"collection":[{"href":"https:\/\/joutia.shop\/en\/wp-json\/wp\/v2\/product"}],"about":[{"href":"https:\/\/joutia.shop\/en\/wp-json\/wp\/v2\/types\/product"}],"replies":[{"embeddable":true,"href":"https:\/\/joutia.shop\/en\/wp-json\/wp\/v2\/comments?post=78415"}],"wp:featuredmedia":[{"embeddable":true,"href":"https:\/\/joutia.shop\/en\/wp-json\/wp\/v2\/media\/77717"}],"wp:attachment":[{"href":"https:\/\/joutia.shop\/en\/wp-json\/wp\/v2\/media?parent=78415"}],"wp:term":[{"taxonomy":"product_brand","embeddable":true,"href":"https:\/\/joutia.shop\/en\/wp-json\/wp\/v2\/product_brand?post=78415"},{"taxonomy":"product_cat","embeddable":true,"href":"https:\/\/joutia.shop\/en\/wp-json\/wp\/v2\/product_cat?post=78415"},{"taxonomy":"product_tag","embeddable":true,"href":"https:\/\/joutia.shop\/en\/wp-json\/wp\/v2\/product_tag?post=78415"}],"curies":[{"name":"wp","href":"https:\/\/api.w.org\/{rel}","templated":true}]}}