{"id":78411,"date":"2026-03-14T23:29:23","date_gmt":"2026-03-14T23:29:23","guid":{"rendered":"https:\/\/joutia.shop\/product\/xiaomi-poco-x7-pro-smartphone-de-12512gb-pantalla-crystalres-1-5k-120hz-amoled-mediatek-dimensity-8400-ultra-camara-de-50-mp-90w-hypercharge-cargador-no-incluido-verde-version-es-2\/"},"modified":"2026-03-14T23:29:23","modified_gmt":"2026-03-14T23:29:23","slug":"xiaomi-poco-x7-pro-smartphone-de-12512gb-pantalla-crystalres-1-5k-120hz-amoled-mediatek-dimensity-8400-ultra-camara-de-50-mp-90w-hypercharge-cargador-no-incluido-verde-version-es-2","status":"publish","type":"product","link":"https:\/\/joutia.shop\/en\/product\/xiaomi-poco-x7-pro-smartphone-de-12512gb-pantalla-crystalres-1-5k-120hz-amoled-mediatek-dimensity-8400-ultra-camara-de-50-mp-90w-hypercharge-cargador-no-incluido-verde-version-es-2\/","title":{"rendered":"XIAOMI POCO X7 Pro &#8211; Smartphone de 12+512GB, Pantalla CrystalRes 1.5K 120Hz AMOLED, MediaTek Dimensity 8400-Ultra, C\u00e1mara de 50 MP, 90W HyperCharge, Cargador no Incluido, Verde (Versi\u00f3n ES)"},"content":{"rendered":"<h2>Motorola Moto G55 5G Smartphone (\u00e9cran FHD+ 6,49&Prime;, appareil photo 50 MP, 8\/256 Go, 5000 mAh, Android 14), violet twilight (cuir synth\u00e9tique vegan) avec \u00e9tui de protection<\/h2>\n<p>Le produit <strong>Motorola Moto G55 5G Smartphone (\u00e9cran FHD+ 6,49&Prime;, appareil photo 50 MP, 8\/256 Go, 5000 mAh, Android 14), violet twilight (cuir synth\u00e9tique vegan) avec \u00e9tui de protection<\/strong> est con\u00e7u pour offrir performance, fiabilit\u00e9 et confort d&rsquo;utilisation.<\/p>\n<p>Ce produit est id\u00e9al pour une utilisation quotidienne et r\u00e9pond parfaitement aux besoins des utilisateurs recherchant qualit\u00e9 et efficacit\u00e9.<\/p>\n<h3>Caract\u00e9ristiques principales<\/h3>\n<ul>\n<li>Conception robuste et durable<\/li>\n<li>Utilisation simple et intuitive<\/li>\n<li>Performance fiable<\/li>\n<li>Excellent rapport qualit\u00e9-prix<\/li>\n<\/ul>","protected":false},"excerpt":{"rendered":"<p>Motorola Moto G55 5G Smartphone (\u00e9cran FHD+ 6,49&Prime;, appareil photo 50 MP, 8\/256 Go, 5000 mAh, Android 14), violet twilight (cuir synth\u00e9tique vegan) avec \u00e9tui de protection &#8211; produit de qualit\u00e9 con\u00e7u pour un usage quotidien, offrant performance et fiabilit\u00e9.<\/p>","protected":false},"featured_media":78240,"comment_status":"open","ping_status":"closed","template":"","meta":[],"product_brand":[],"product_cat":[307],"product_tag":[308],"class_list":{"0":"post-78411","1":"product","2":"type-product","3":"status-publish","4":"has-post-thumbnail","6":"product_cat-telephonie","7":"product_tag-smartphone","9":"first","10":"instock","11":"shipping-taxable","12":"product-type-external"},"_links":{"self":[{"href":"https:\/\/joutia.shop\/en\/wp-json\/wp\/v2\/product\/78411","targetHints":{"allow":["GET"]}}],"collection":[{"href":"https:\/\/joutia.shop\/en\/wp-json\/wp\/v2\/product"}],"about":[{"href":"https:\/\/joutia.shop\/en\/wp-json\/wp\/v2\/types\/product"}],"replies":[{"embeddable":true,"href":"https:\/\/joutia.shop\/en\/wp-json\/wp\/v2\/comments?post=78411"}],"wp:featuredmedia":[{"embeddable":true,"href":"https:\/\/joutia.shop\/en\/wp-json\/wp\/v2\/media\/78240"}],"wp:attachment":[{"href":"https:\/\/joutia.shop\/en\/wp-json\/wp\/v2\/media?parent=78411"}],"wp:term":[{"taxonomy":"product_brand","embeddable":true,"href":"https:\/\/joutia.shop\/en\/wp-json\/wp\/v2\/product_brand?post=78411"},{"taxonomy":"product_cat","embeddable":true,"href":"https:\/\/joutia.shop\/en\/wp-json\/wp\/v2\/product_cat?post=78411"},{"taxonomy":"product_tag","embeddable":true,"href":"https:\/\/joutia.shop\/en\/wp-json\/wp\/v2\/product_tag?post=78411"}],"curies":[{"name":"wp","href":"https:\/\/api.w.org\/{rel}","templated":true}]}}