{"id":78400,"date":"2026-03-14T23:29:22","date_gmt":"2026-03-14T23:29:22","guid":{"rendered":"https:\/\/joutia.shop\/product\/samsung-galaxy-s20-fe-smartphone-128gb-6gb-ram-dual-sim-cloud-navy-bleu-2\/"},"modified":"2026-03-14T23:29:22","modified_gmt":"2026-03-14T23:29:22","slug":"samsung-galaxy-s20-fe-smartphone-128gb-6gb-ram-dual-sim-cloud-navy-bleu-2","status":"publish","type":"product","link":"https:\/\/joutia.shop\/en\/product\/samsung-galaxy-s20-fe-smartphone-128gb-6gb-ram-dual-sim-cloud-navy-bleu-2\/","title":{"rendered":"Samsung Galaxy S20 FE &#8211; Smartphone 128GB, 6GB RAM, Dual Sim, Cloud Navy Bleu"},"content":{"rendered":"<h2>Moto G31 EU-128-4-5G-gy Motorola G31 EU DS 128GB\/4GB Grey<\/h2>\n<p>Le produit <strong>Moto G31 EU-128-4-5G-gy Motorola G31 EU DS 128GB\/4GB Grey<\/strong> est con\u00e7u pour offrir performance, fiabilit\u00e9 et confort d&rsquo;utilisation.<\/p>\n<p>Ce produit est id\u00e9al pour une utilisation quotidienne et r\u00e9pond parfaitement aux besoins des utilisateurs recherchant qualit\u00e9 et efficacit\u00e9.<\/p>\n<h3>Caract\u00e9ristiques principales<\/h3>\n<ul>\n<li>Conception robuste et durable<\/li>\n<li>Utilisation simple et intuitive<\/li>\n<li>Performance fiable<\/li>\n<li>Excellent rapport qualit\u00e9-prix<\/li>\n<\/ul>","protected":false},"excerpt":{"rendered":"<p>Moto G31 EU-128-4-5G-gy Motorola G31 EU DS 128GB\/4GB Grey &#8211; produit de qualit\u00e9 con\u00e7u pour un usage quotidien, offrant performance et fiabilit\u00e9.<\/p>","protected":false},"featured_media":77510,"comment_status":"open","ping_status":"closed","template":"","meta":[],"product_brand":[],"product_cat":[307],"product_tag":[308],"class_list":{"0":"post-78400","1":"product","2":"type-product","3":"status-publish","4":"has-post-thumbnail","6":"product_cat-telephonie","7":"product_tag-smartphone","9":"first","10":"instock","11":"shipping-taxable","12":"product-type-external"},"_links":{"self":[{"href":"https:\/\/joutia.shop\/en\/wp-json\/wp\/v2\/product\/78400","targetHints":{"allow":["GET"]}}],"collection":[{"href":"https:\/\/joutia.shop\/en\/wp-json\/wp\/v2\/product"}],"about":[{"href":"https:\/\/joutia.shop\/en\/wp-json\/wp\/v2\/types\/product"}],"replies":[{"embeddable":true,"href":"https:\/\/joutia.shop\/en\/wp-json\/wp\/v2\/comments?post=78400"}],"wp:featuredmedia":[{"embeddable":true,"href":"https:\/\/joutia.shop\/en\/wp-json\/wp\/v2\/media\/77510"}],"wp:attachment":[{"href":"https:\/\/joutia.shop\/en\/wp-json\/wp\/v2\/media?parent=78400"}],"wp:term":[{"taxonomy":"product_brand","embeddable":true,"href":"https:\/\/joutia.shop\/en\/wp-json\/wp\/v2\/product_brand?post=78400"},{"taxonomy":"product_cat","embeddable":true,"href":"https:\/\/joutia.shop\/en\/wp-json\/wp\/v2\/product_cat?post=78400"},{"taxonomy":"product_tag","embeddable":true,"href":"https:\/\/joutia.shop\/en\/wp-json\/wp\/v2\/product_tag?post=78400"}],"curies":[{"name":"wp","href":"https:\/\/api.w.org\/{rel}","templated":true}]}}