{"id":78399,"date":"2026-03-14T23:29:22","date_gmt":"2026-03-14T23:29:22","guid":{"rendered":"https:\/\/joutia.shop\/product\/realme-11-pro-5g-8128gb-smartphone-ecran-incurve-de-120-hz-appareil-photo-prolight-ois-de-100-mp-batterie-puissante-de-5-000-mah-charge-supervooc-67-w-noir-astral-2\/"},"modified":"2026-03-14T23:29:22","modified_gmt":"2026-03-14T23:29:22","slug":"realme-11-pro-5g-8128gb-smartphone-ecran-incurve-de-120-hz-appareil-photo-prolight-ois-de-100-mp-batterie-puissante-de-5-000-mah-charge-supervooc-67-w-noir-astral-2","status":"publish","type":"product","link":"https:\/\/joutia.shop\/en\/product\/realme-11-pro-5g-8128gb-smartphone-ecran-incurve-de-120-hz-appareil-photo-prolight-ois-de-100-mp-batterie-puissante-de-5-000-mah-charge-supervooc-67-w-noir-astral-2\/","title":{"rendered":"realme 11 Pro 5G 8+128GB Smartphone, \u00c9cran incurv\u00e9 de 120 Hz, Appareil Photo Prolight OIS de 100 MP, Batterie puissante de 5 000 mAh, Charge SuperVOOC 67 W, Noir Astral"},"content":{"rendered":"<h2>Samsung Galaxy S20 FE &#8211; Smartphone 128GB, 6GB RAM, Dual Sim, Cloud Navy Bleu<\/h2>\n<p>Le produit <strong>Samsung Galaxy S20 FE &#8211; Smartphone 128GB, 6GB RAM, Dual Sim, Cloud Navy Bleu<\/strong> est con\u00e7u pour offrir performance, fiabilit\u00e9 et confort d&rsquo;utilisation.<\/p>\n<p>Ce produit est id\u00e9al pour une utilisation quotidienne et r\u00e9pond parfaitement aux besoins des utilisateurs recherchant qualit\u00e9 et efficacit\u00e9.<\/p>\n<h3>Caract\u00e9ristiques principales<\/h3>\n<ul>\n<li>Conception robuste et durable<\/li>\n<li>Utilisation simple et intuitive<\/li>\n<li>Performance fiable<\/li>\n<li>Excellent rapport qualit\u00e9-prix<\/li>\n<\/ul>","protected":false},"excerpt":{"rendered":"<p>Samsung Galaxy S20 FE &#8211; Smartphone 128GB, 6GB RAM, Dual Sim, Cloud Navy Bleu &#8211; produit de qualit\u00e9 con\u00e7u pour un usage quotidien, offrant performance et fiabilit\u00e9.<\/p>","protected":false},"featured_media":77360,"comment_status":"open","ping_status":"closed","template":"","meta":[],"product_brand":[],"product_cat":[307],"product_tag":[308],"class_list":{"0":"post-78399","1":"product","2":"type-product","3":"status-publish","4":"has-post-thumbnail","6":"product_cat-telephonie","7":"product_tag-smartphone","9":"first","10":"instock","11":"shipping-taxable","12":"product-type-external"},"_links":{"self":[{"href":"https:\/\/joutia.shop\/en\/wp-json\/wp\/v2\/product\/78399","targetHints":{"allow":["GET"]}}],"collection":[{"href":"https:\/\/joutia.shop\/en\/wp-json\/wp\/v2\/product"}],"about":[{"href":"https:\/\/joutia.shop\/en\/wp-json\/wp\/v2\/types\/product"}],"replies":[{"embeddable":true,"href":"https:\/\/joutia.shop\/en\/wp-json\/wp\/v2\/comments?post=78399"}],"wp:featuredmedia":[{"embeddable":true,"href":"https:\/\/joutia.shop\/en\/wp-json\/wp\/v2\/media\/77360"}],"wp:attachment":[{"href":"https:\/\/joutia.shop\/en\/wp-json\/wp\/v2\/media?parent=78399"}],"wp:term":[{"taxonomy":"product_brand","embeddable":true,"href":"https:\/\/joutia.shop\/en\/wp-json\/wp\/v2\/product_brand?post=78399"},{"taxonomy":"product_cat","embeddable":true,"href":"https:\/\/joutia.shop\/en\/wp-json\/wp\/v2\/product_cat?post=78399"},{"taxonomy":"product_tag","embeddable":true,"href":"https:\/\/joutia.shop\/en\/wp-json\/wp\/v2\/product_tag?post=78399"}],"curies":[{"name":"wp","href":"https:\/\/api.w.org\/{rel}","templated":true}]}}