{"id":78394,"date":"2026-03-14T23:29:22","date_gmt":"2026-03-14T23:29:22","guid":{"rendered":"https:\/\/joutia.shop\/product\/oneplus-15-smartphone-a-tri-puce-ai-avec-snapdragon-8-elite-gen5-ecran-678-165hz-batterie-7300mah-et-triple-appareil-photo-50mp-16go-ram512go-stockage-sand-storm-garantie-prolongee-3-2\/"},"modified":"2026-03-14T23:29:22","modified_gmt":"2026-03-14T23:29:22","slug":"oneplus-15-smartphone-a-tri-puce-ai-avec-snapdragon-8-elite-gen5-ecran-678-165hz-batterie-7300mah-et-triple-appareil-photo-50mp-16go-ram512go-stockage-sand-storm-garantie-prolongee-3-2","status":"publish","type":"product","link":"https:\/\/joutia.shop\/en\/product\/oneplus-15-smartphone-a-tri-puce-ai-avec-snapdragon-8-elite-gen5-ecran-678-165hz-batterie-7300mah-et-triple-appareil-photo-50mp-16go-ram512go-stockage-sand-storm-garantie-prolongee-3-2\/","title":{"rendered":"OnePlus 15 Smartphone \u00e0 tri-Puce AI avec Snapdragon 8 Elite Gen5, \u00e9cran 6,78&Prime; 165Hz, Batterie 7300mAh et Triple Appareil Photo 50MP, 16Go RAM+512Go Stockage, Sand Storm \u2013 Garantie prolong\u00e9e 3 Ans"},"content":{"rendered":"<h2>4G Smartphone d\u00e9verrouill\u00e9, Android 12.0 T\u00e9l\u00e9phones Mobiles avec \u00e9cran HD + 6,6 \u00a0\u00bb, 4GB + 32GB ROM \/ 256GB SD, 4G Double SIM Double Cam\u00e9ra, ID Visage + WiFi+GPS+OTG (S25Ultra-Grey)<\/h2>\n<p>Le produit <strong>4G Smartphone d\u00e9verrouill\u00e9, Android 12.0 T\u00e9l\u00e9phones Mobiles avec \u00e9cran HD + 6,6 \u00a0\u00bb, 4GB + 32GB ROM \/ 256GB SD, 4G Double SIM Double Cam\u00e9ra, ID Visage + WiFi+GPS+OTG (S25Ultra-Grey)<\/strong> est con\u00e7u pour offrir performance, fiabilit\u00e9 et confort d&rsquo;utilisation.<\/p>\n<p>Ce produit est id\u00e9al pour une utilisation quotidienne et r\u00e9pond parfaitement aux besoins des utilisateurs recherchant qualit\u00e9 et efficacit\u00e9.<\/p>\n<h3>Caract\u00e9ristiques principales<\/h3>\n<ul>\n<li>Conception robuste et durable<\/li>\n<li>Utilisation simple et intuitive<\/li>\n<li>Performance fiable<\/li>\n<li>Excellent rapport qualit\u00e9-prix<\/li>\n<\/ul>","protected":false},"excerpt":{"rendered":"<p>4G Smartphone d\u00e9verrouill\u00e9, Android 12.0 T\u00e9l\u00e9phones Mobiles avec \u00e9cran HD + 6,6 \u00a0\u00bb, 4GB + 32GB ROM \/ 256GB SD, 4G Double SIM Double Cam\u00e9ra, ID Visage + WiFi+GPS+OTG (S25Ultra-Grey) &#8211; produit de qualit\u00e9 con\u00e7u pour un usage quotidien, offrant performance et fiabilit\u00e9.<\/p>","protected":false},"featured_media":77319,"comment_status":"open","ping_status":"closed","template":"","meta":[],"product_brand":[],"product_cat":[307],"product_tag":[308],"class_list":{"0":"post-78394","1":"product","2":"type-product","3":"status-publish","4":"has-post-thumbnail","6":"product_cat-telephonie","7":"product_tag-smartphone","9":"first","10":"instock","11":"shipping-taxable","12":"product-type-external"},"_links":{"self":[{"href":"https:\/\/joutia.shop\/en\/wp-json\/wp\/v2\/product\/78394","targetHints":{"allow":["GET"]}}],"collection":[{"href":"https:\/\/joutia.shop\/en\/wp-json\/wp\/v2\/product"}],"about":[{"href":"https:\/\/joutia.shop\/en\/wp-json\/wp\/v2\/types\/product"}],"replies":[{"embeddable":true,"href":"https:\/\/joutia.shop\/en\/wp-json\/wp\/v2\/comments?post=78394"}],"wp:featuredmedia":[{"embeddable":true,"href":"https:\/\/joutia.shop\/en\/wp-json\/wp\/v2\/media\/77319"}],"wp:attachment":[{"href":"https:\/\/joutia.shop\/en\/wp-json\/wp\/v2\/media?parent=78394"}],"wp:term":[{"taxonomy":"product_brand","embeddable":true,"href":"https:\/\/joutia.shop\/en\/wp-json\/wp\/v2\/product_brand?post=78394"},{"taxonomy":"product_cat","embeddable":true,"href":"https:\/\/joutia.shop\/en\/wp-json\/wp\/v2\/product_cat?post=78394"},{"taxonomy":"product_tag","embeddable":true,"href":"https:\/\/joutia.shop\/en\/wp-json\/wp\/v2\/product_tag?post=78394"}],"curies":[{"name":"wp","href":"https:\/\/api.w.org\/{rel}","templated":true}]}}