{"id":78393,"date":"2026-03-14T23:29:21","date_gmt":"2026-03-14T23:29:21","guid":{"rendered":"https:\/\/joutia.shop\/product\/samsung-galaxy-s25-ai-smartphone-avec-galaxy-ai-sans-contrat-telephone-portable-avec-android-12-go-de-ram-512-go-de-memoire-appareil-photo-50-mp-bleu-marine-2\/"},"modified":"2026-03-14T23:29:21","modified_gmt":"2026-03-14T23:29:21","slug":"samsung-galaxy-s25-ai-smartphone-avec-galaxy-ai-sans-contrat-telephone-portable-avec-android-12-go-de-ram-512-go-de-memoire-appareil-photo-50-mp-bleu-marine-2","status":"publish","type":"product","link":"https:\/\/joutia.shop\/en\/product\/samsung-galaxy-s25-ai-smartphone-avec-galaxy-ai-sans-contrat-telephone-portable-avec-android-12-go-de-ram-512-go-de-memoire-appareil-photo-50-mp-bleu-marine-2\/","title":{"rendered":"Samsung Galaxy S25+ AI Smartphone avec Galaxy AI, sans contrat, t\u00e9l\u00e9phone Portable avec Android, 12 Go de RAM, 512 Go de m\u00e9moire, Appareil Photo 50 MP, Bleu Marine"},"content":{"rendered":"<h2>XIAOMI 14T Pro Smartphone 12 Go+256 Go MediaTek Dimensity 9300+ 5000 mAh Batterie 120 W Hyper Charge, Noir<\/h2>\n<p>Le produit <strong>XIAOMI 14T Pro Smartphone 12 Go+256 Go MediaTek Dimensity 9300+ 5000 mAh Batterie 120 W Hyper Charge, Noir<\/strong> est con\u00e7u pour offrir performance, fiabilit\u00e9 et confort d&rsquo;utilisation.<\/p>\n<p>Ce produit est id\u00e9al pour une utilisation quotidienne et r\u00e9pond parfaitement aux besoins des utilisateurs recherchant qualit\u00e9 et efficacit\u00e9.<\/p>\n<h3>Caract\u00e9ristiques principales<\/h3>\n<ul>\n<li>Conception robuste et durable<\/li>\n<li>Utilisation simple et intuitive<\/li>\n<li>Performance fiable<\/li>\n<li>Excellent rapport qualit\u00e9-prix<\/li>\n<\/ul>","protected":false},"excerpt":{"rendered":"<p>XIAOMI 14T Pro Smartphone 12 Go+256 Go MediaTek Dimensity 9300+ 5000 mAh Batterie 120 W Hyper Charge, Noir &#8211; produit de qualit\u00e9 con\u00e7u pour un usage quotidien, offrant performance et fiabilit\u00e9.<\/p>","protected":false},"featured_media":78239,"comment_status":"open","ping_status":"closed","template":"","meta":[],"product_brand":[],"product_cat":[307],"product_tag":[308],"class_list":{"0":"post-78393","1":"product","2":"type-product","3":"status-publish","4":"has-post-thumbnail","6":"product_cat-telephonie","7":"product_tag-smartphone","9":"first","10":"instock","11":"shipping-taxable","12":"product-type-external"},"_links":{"self":[{"href":"https:\/\/joutia.shop\/en\/wp-json\/wp\/v2\/product\/78393","targetHints":{"allow":["GET"]}}],"collection":[{"href":"https:\/\/joutia.shop\/en\/wp-json\/wp\/v2\/product"}],"about":[{"href":"https:\/\/joutia.shop\/en\/wp-json\/wp\/v2\/types\/product"}],"replies":[{"embeddable":true,"href":"https:\/\/joutia.shop\/en\/wp-json\/wp\/v2\/comments?post=78393"}],"wp:featuredmedia":[{"embeddable":true,"href":"https:\/\/joutia.shop\/en\/wp-json\/wp\/v2\/media\/78239"}],"wp:attachment":[{"href":"https:\/\/joutia.shop\/en\/wp-json\/wp\/v2\/media?parent=78393"}],"wp:term":[{"taxonomy":"product_brand","embeddable":true,"href":"https:\/\/joutia.shop\/en\/wp-json\/wp\/v2\/product_brand?post=78393"},{"taxonomy":"product_cat","embeddable":true,"href":"https:\/\/joutia.shop\/en\/wp-json\/wp\/v2\/product_cat?post=78393"},{"taxonomy":"product_tag","embeddable":true,"href":"https:\/\/joutia.shop\/en\/wp-json\/wp\/v2\/product_tag?post=78393"}],"curies":[{"name":"wp","href":"https:\/\/api.w.org\/{rel}","templated":true}]}}