{"id":78382,"date":"2026-03-14T23:29:20","date_gmt":"2026-03-14T23:29:20","guid":{"rendered":"https:\/\/joutia.shop\/product\/11-4v-4220mah-48-10wh-l18m6pd1-sb10k97655-batterie-dordinateur-portable-pour-lenovo-thinkpad-x395-x390-x13-1ere-generation-2020-02dl018-l18m6pd2-sb10k97656-02dl019-l18c6pd1-sb10k97657-02dl020-2\/"},"modified":"2026-03-14T23:29:20","modified_gmt":"2026-03-14T23:29:20","slug":"11-4v-4220mah-48-10wh-l18m6pd1-sb10k97655-batterie-dordinateur-portable-pour-lenovo-thinkpad-x395-x390-x13-1ere-generation-2020-02dl018-l18m6pd2-sb10k97656-02dl019-l18c6pd1-sb10k97657-02dl020-2","status":"publish","type":"product","link":"https:\/\/joutia.shop\/en\/product\/11-4v-4220mah-48-10wh-l18m6pd1-sb10k97655-batterie-dordinateur-portable-pour-lenovo-thinkpad-x395-x390-x13-1ere-generation-2020-02dl018-l18m6pd2-sb10k97656-02dl019-l18c6pd1-sb10k97657-02dl020-2\/","title":{"rendered":"11.4V 4220mAh 48.10Wh L18M6PD1 SB10K97655 Batterie d&rsquo;ordinateur Portable pour Lenovo ThinkPad X395 X390 X13 1\u00e8re g\u00e9n\u00e9ration 2020 02DL018 L18M6PD2 SB10K97656 02DL019 L18C6PD1 SB10K97657 02DL020"},"content":{"rendered":"<h2>ASUS Chromebook Plus CX1405CTA-S60060 14 Pouces FHD 60Hz Pc Portable (Intel Core 3-N355 Processeur 3.9 GHz, 8GB LPDDR5, 128G eMMC, Intel UHD Graphics) ChromeOS \u2013 Clavier AZERTY<\/h2>\n<p>Le produit <strong>ASUS Chromebook Plus CX1405CTA-S60060 14 Pouces FHD 60Hz Pc Portable (Intel Core 3-N355 Processeur 3.9 GHz, 8GB LPDDR5, 128G eMMC, Intel UHD Graphics) ChromeOS \u2013 Clavier AZERTY<\/strong> est con\u00e7u pour offrir performance, fiabilit\u00e9 et confort d&rsquo;utilisation.<\/p>\n<p>Ce produit est id\u00e9al pour une utilisation quotidienne et r\u00e9pond parfaitement aux besoins des utilisateurs recherchant qualit\u00e9 et efficacit\u00e9.<\/p>\n<h3>Caract\u00e9ristiques principales<\/h3>\n<ul>\n<li>Conception robuste et durable<\/li>\n<li>Utilisation simple et intuitive<\/li>\n<li>Performance fiable<\/li>\n<li>Excellent rapport qualit\u00e9-prix<\/li>\n<\/ul>","protected":false},"excerpt":{"rendered":"<p>ASUS Chromebook Plus CX1405CTA-S60060 14 Pouces FHD 60Hz Pc Portable (Intel Core 3-N355 Processeur 3.9 GHz, 8GB LPDDR5, 128G eMMC, Intel UHD Graphics) ChromeOS \u2013 Clavier AZERTY &#8211; produit de qualit\u00e9 con\u00e7u pour un usage quotidien, offrant performance et fiabilit\u00e9.<\/p>","protected":false},"featured_media":77362,"comment_status":"open","ping_status":"closed","template":"","meta":[],"product_brand":[],"product_cat":[305],"product_tag":[306],"class_list":{"0":"post-78382","1":"product","2":"type-product","3":"status-publish","4":"has-post-thumbnail","6":"product_cat-informatique","7":"product_tag-ordinateur-portable","9":"first","10":"instock","11":"shipping-taxable","12":"product-type-external"},"_links":{"self":[{"href":"https:\/\/joutia.shop\/en\/wp-json\/wp\/v2\/product\/78382","targetHints":{"allow":["GET"]}}],"collection":[{"href":"https:\/\/joutia.shop\/en\/wp-json\/wp\/v2\/product"}],"about":[{"href":"https:\/\/joutia.shop\/en\/wp-json\/wp\/v2\/types\/product"}],"replies":[{"embeddable":true,"href":"https:\/\/joutia.shop\/en\/wp-json\/wp\/v2\/comments?post=78382"}],"wp:featuredmedia":[{"embeddable":true,"href":"https:\/\/joutia.shop\/en\/wp-json\/wp\/v2\/media\/77362"}],"wp:attachment":[{"href":"https:\/\/joutia.shop\/en\/wp-json\/wp\/v2\/media?parent=78382"}],"wp:term":[{"taxonomy":"product_brand","embeddable":true,"href":"https:\/\/joutia.shop\/en\/wp-json\/wp\/v2\/product_brand?post=78382"},{"taxonomy":"product_cat","embeddable":true,"href":"https:\/\/joutia.shop\/en\/wp-json\/wp\/v2\/product_cat?post=78382"},{"taxonomy":"product_tag","embeddable":true,"href":"https:\/\/joutia.shop\/en\/wp-json\/wp\/v2\/product_tag?post=78382"}],"curies":[{"name":"wp","href":"https:\/\/api.w.org\/{rel}","templated":true}]}}