{"id":78377,"date":"2026-03-14T23:29:19","date_gmt":"2026-03-14T23:29:19","guid":{"rendered":"https:\/\/joutia.shop\/product\/mosiso-housse-ordinateur-portable-156-poucesetancheaantichocsac-protection-artistique-geometrique-en-eva-avec-poigneecompatible-avec-macbook-pro-16hpdelllenovo-notebookvert-minuit-2\/"},"modified":"2026-03-14T23:29:19","modified_gmt":"2026-03-14T23:29:19","slug":"mosiso-housse-ordinateur-portable-156-poucesetancheaantichocsac-protection-artistique-geometrique-en-eva-avec-poigneecompatible-avec-macbook-pro-16hpdelllenovo-notebookvert-minuit-2","status":"publish","type":"product","link":"https:\/\/joutia.shop\/en\/product\/mosiso-housse-ordinateur-portable-156-poucesetancheaantichocsac-protection-artistique-geometrique-en-eva-avec-poigneecompatible-avec-macbook-pro-16hpdelllenovo-notebookvert-minuit-2\/","title":{"rendered":"MOSISO Housse Ordinateur Portable 15,6 Pouces,\u00e9tanche&#038;Aantichoc,Sac Protection Artistique G\u00e9om\u00e9trique en EVA avec Poign\u00e9e,Compatible avec MacBook Pro 16,HP,Dell,Lenovo Notebook,Vert Minuit"},"content":{"rendered":"<h2>LENOVO Ordinateur portable IdeaPad 3, \u00e9cran FHD de 15,6&Prime;, Intel Core i7-1255U, SSD 40 Go, SSD de 1 To, clavier num\u00e9rique, lecteur de carte SD, HDMI, Wi-Fi, Windows 11 Home, gris<\/h2>\n<p>Le produit <strong>LENOVO Ordinateur portable IdeaPad 3, \u00e9cran FHD de 15,6&Prime;, Intel Core i7-1255U, SSD 40 Go, SSD de 1 To, clavier num\u00e9rique, lecteur de carte SD, HDMI, Wi-Fi, Windows 11 Home, gris<\/strong> est con\u00e7u pour offrir performance, fiabilit\u00e9 et confort d&rsquo;utilisation.<\/p>\n<p>Ce produit est id\u00e9al pour une utilisation quotidienne et r\u00e9pond parfaitement aux besoins des utilisateurs recherchant qualit\u00e9 et efficacit\u00e9.<\/p>\n<h3>Caract\u00e9ristiques principales<\/h3>\n<ul>\n<li>Conception robuste et durable<\/li>\n<li>Utilisation simple et intuitive<\/li>\n<li>Performance fiable<\/li>\n<li>Excellent rapport qualit\u00e9-prix<\/li>\n<\/ul>","protected":false},"excerpt":{"rendered":"<p>LENOVO Ordinateur portable IdeaPad 3, \u00e9cran FHD de 15,6&Prime;, Intel Core i7-1255U, SSD 40 Go, SSD de 1 To, clavier num\u00e9rique, lecteur de carte SD, HDMI, Wi-Fi, Windows 11 Home, gris &#8211; produit de qualit\u00e9 con\u00e7u pour un usage quotidien, offrant performance et fiabilit\u00e9.<\/p>","protected":false},"featured_media":78072,"comment_status":"open","ping_status":"closed","template":"","meta":[],"product_brand":[],"product_cat":[305],"product_tag":[306],"class_list":{"0":"post-78377","1":"product","2":"type-product","3":"status-publish","4":"has-post-thumbnail","6":"product_cat-informatique","7":"product_tag-ordinateur-portable","9":"first","10":"instock","11":"shipping-taxable","12":"product-type-external"},"_links":{"self":[{"href":"https:\/\/joutia.shop\/en\/wp-json\/wp\/v2\/product\/78377","targetHints":{"allow":["GET"]}}],"collection":[{"href":"https:\/\/joutia.shop\/en\/wp-json\/wp\/v2\/product"}],"about":[{"href":"https:\/\/joutia.shop\/en\/wp-json\/wp\/v2\/types\/product"}],"replies":[{"embeddable":true,"href":"https:\/\/joutia.shop\/en\/wp-json\/wp\/v2\/comments?post=78377"}],"wp:featuredmedia":[{"embeddable":true,"href":"https:\/\/joutia.shop\/en\/wp-json\/wp\/v2\/media\/78072"}],"wp:attachment":[{"href":"https:\/\/joutia.shop\/en\/wp-json\/wp\/v2\/media?parent=78377"}],"wp:term":[{"taxonomy":"product_brand","embeddable":true,"href":"https:\/\/joutia.shop\/en\/wp-json\/wp\/v2\/product_brand?post=78377"},{"taxonomy":"product_cat","embeddable":true,"href":"https:\/\/joutia.shop\/en\/wp-json\/wp\/v2\/product_cat?post=78377"},{"taxonomy":"product_tag","embeddable":true,"href":"https:\/\/joutia.shop\/en\/wp-json\/wp\/v2\/product_tag?post=78377"}],"curies":[{"name":"wp","href":"https:\/\/api.w.org\/{rel}","templated":true}]}}