{"id":78375,"date":"2026-03-14T23:29:19","date_gmt":"2026-03-14T23:29:19","guid":{"rendered":"https:\/\/joutia.shop\/product\/lenovo-ideapad-3-14itl6-ordinateur-portable-ultraslim-14-fhd-gris-intel-core-i3-1115g4-ram-8go-ssd-256go-intel-uhd-graphics-w10-clavier-azerty-retroeclaire-2\/"},"modified":"2026-03-14T23:29:19","modified_gmt":"2026-03-14T23:29:19","slug":"lenovo-ideapad-3-14itl6-ordinateur-portable-ultraslim-14-fhd-gris-intel-core-i3-1115g4-ram-8go-ssd-256go-intel-uhd-graphics-w10-clavier-azerty-retroeclaire-2","status":"publish","type":"product","link":"https:\/\/joutia.shop\/en\/product\/lenovo-ideapad-3-14itl6-ordinateur-portable-ultraslim-14-fhd-gris-intel-core-i3-1115g4-ram-8go-ssd-256go-intel-uhd-graphics-w10-clavier-azerty-retroeclaire-2\/","title":{"rendered":"Lenovo IdeaPad 3 14ITL6 Ordinateur Portable Ultraslim 14\u00a0\u00bb FHD Gris (Intel Core i3 1115G4, RAM 8Go, SSD 256Go, Intel UHD Graphics, W10) &#8211; Clavier AZERTY r\u00e9tro\u00e9clair\u00e9"},"content":{"rendered":"<h2>ASUS TUF Gaming A15 Ordinateur portable 15,6&Prime; FHD anti-reflet 144 Hz AMD Octa-core Ryzen 7 7435HS (Beats i7-12700H) 16 Go de RAM 512 Go SSD GeForce RTX 3050 R\u00e9tro\u00e9clair\u00e9 USB-C Fast Charge Win11 avec<\/h2>\n<p>Le produit <strong>ASUS TUF Gaming A15 Ordinateur portable 15,6&Prime; FHD anti-reflet 144 Hz AMD Octa-core Ryzen 7 7435HS (Beats i7-12700H) 16 Go de RAM 512 Go SSD GeForce RTX 3050 R\u00e9tro\u00e9clair\u00e9 USB-C Fast Charge Win11 avec<\/strong> est con\u00e7u pour offrir performance, fiabilit\u00e9 et confort d&rsquo;utilisation.<\/p>\n<p>Ce produit est id\u00e9al pour une utilisation quotidienne et r\u00e9pond parfaitement aux besoins des utilisateurs recherchant qualit\u00e9 et efficacit\u00e9.<\/p>\n<h3>Caract\u00e9ristiques principales<\/h3>\n<ul>\n<li>Conception robuste et durable<\/li>\n<li>Utilisation simple et intuitive<\/li>\n<li>Performance fiable<\/li>\n<li>Excellent rapport qualit\u00e9-prix<\/li>\n<\/ul>","protected":false},"excerpt":{"rendered":"<p>ASUS TUF Gaming A15 Ordinateur portable 15,6&Prime; FHD anti-reflet 144 Hz AMD Octa-core Ryzen 7 7435HS (Beats i7-12700H) 16 Go de RAM 512 Go SSD GeForce RTX 3050 R\u00e9tro\u00e9clair\u00e9 USB-C Fast Charge Win11 avec &#8211; produit de qualit\u00e9 con\u00e7u pour un usage quotidien, offrant performance et fiabilit\u00e9.<\/p>","protected":false},"featured_media":77505,"comment_status":"open","ping_status":"closed","template":"","meta":[],"product_brand":[],"product_cat":[305],"product_tag":[306],"class_list":{"0":"post-78375","1":"product","2":"type-product","3":"status-publish","4":"has-post-thumbnail","6":"product_cat-informatique","7":"product_tag-ordinateur-portable","9":"first","10":"instock","11":"shipping-taxable","12":"product-type-external"},"_links":{"self":[{"href":"https:\/\/joutia.shop\/en\/wp-json\/wp\/v2\/product\/78375","targetHints":{"allow":["GET"]}}],"collection":[{"href":"https:\/\/joutia.shop\/en\/wp-json\/wp\/v2\/product"}],"about":[{"href":"https:\/\/joutia.shop\/en\/wp-json\/wp\/v2\/types\/product"}],"replies":[{"embeddable":true,"href":"https:\/\/joutia.shop\/en\/wp-json\/wp\/v2\/comments?post=78375"}],"wp:featuredmedia":[{"embeddable":true,"href":"https:\/\/joutia.shop\/en\/wp-json\/wp\/v2\/media\/77505"}],"wp:attachment":[{"href":"https:\/\/joutia.shop\/en\/wp-json\/wp\/v2\/media?parent=78375"}],"wp:term":[{"taxonomy":"product_brand","embeddable":true,"href":"https:\/\/joutia.shop\/en\/wp-json\/wp\/v2\/product_brand?post=78375"},{"taxonomy":"product_cat","embeddable":true,"href":"https:\/\/joutia.shop\/en\/wp-json\/wp\/v2\/product_cat?post=78375"},{"taxonomy":"product_tag","embeddable":true,"href":"https:\/\/joutia.shop\/en\/wp-json\/wp\/v2\/product_tag?post=78375"}],"curies":[{"name":"wp","href":"https:\/\/api.w.org\/{rel}","templated":true}]}}