{"id":78370,"date":"2026-03-14T23:29:18","date_gmt":"2026-03-14T23:29:18","guid":{"rendered":"https:\/\/joutia.shop\/product\/lovevook-sac-a-dos-voyage-cabine-avion-sac-a-dos-de-voyage-homme-femme-etanche-17-pouces-sac-a-dos-pour-ordinateur-portable-bagages-cabine-backpack-travel-pour-travail-ecole-loisir-2\/"},"modified":"2026-03-14T23:29:18","modified_gmt":"2026-03-14T23:29:18","slug":"lovevook-sac-a-dos-voyage-cabine-avion-sac-a-dos-de-voyage-homme-femme-etanche-17-pouces-sac-a-dos-pour-ordinateur-portable-bagages-cabine-backpack-travel-pour-travail-ecole-loisir-2","status":"publish","type":"product","link":"https:\/\/joutia.shop\/en\/product\/lovevook-sac-a-dos-voyage-cabine-avion-sac-a-dos-de-voyage-homme-femme-etanche-17-pouces-sac-a-dos-pour-ordinateur-portable-bagages-cabine-backpack-travel-pour-travail-ecole-loisir-2\/","title":{"rendered":"LOVEVOOK Sac a Dos Voyage Cabine Avion, Sac \u00e0 Dos de Voyage Homme Femme, \u00c9tanche 17 Pouces Sac \u00e0 Dos Pour Ordinateur Portable Bagages Cabine, Backpack Travel pour Travail \u00c9cole Loisir"},"content":{"rendered":"<h2>Lenovo V15 Ordinateur portable avec \u00e9cran FHD 15,6&Prime;, processeur AMD Ryzen 5 5500U Hexa-Core (Beat Intel i7-1065G7), 16 Go de RAM, 512 Go SSD, HDMI, RJ45, pav\u00e9 num\u00e9rique, Wi-Fi, Windows 11<\/h2>\n<p>Le produit <strong>Lenovo V15 Ordinateur portable avec \u00e9cran FHD 15,6&Prime;, processeur AMD Ryzen 5 5500U Hexa-Core (Beat Intel i7-1065G7), 16 Go de RAM, 512 Go SSD, HDMI, RJ45, pav\u00e9 num\u00e9rique, Wi-Fi, Windows 11<\/strong> est con\u00e7u pour offrir performance, fiabilit\u00e9 et confort d&rsquo;utilisation.<\/p>\n<p>Ce produit est id\u00e9al pour une utilisation quotidienne et r\u00e9pond parfaitement aux besoins des utilisateurs recherchant qualit\u00e9 et efficacit\u00e9.<\/p>\n<h3>Caract\u00e9ristiques principales<\/h3>\n<ul>\n<li>Conception robuste et durable<\/li>\n<li>Utilisation simple et intuitive<\/li>\n<li>Performance fiable<\/li>\n<li>Excellent rapport qualit\u00e9-prix<\/li>\n<\/ul>","protected":false},"excerpt":{"rendered":"<p>Lenovo V15 Ordinateur portable avec \u00e9cran FHD 15,6&Prime;, processeur AMD Ryzen 5 5500U Hexa-Core (Beat Intel i7-1065G7), 16 Go de RAM, 512 Go SSD, HDMI, RJ45, pav\u00e9 num\u00e9rique, Wi-Fi, Windows 11 &#8211; produit de qualit\u00e9 con\u00e7u pour un usage quotidien, offrant performance et fiabilit\u00e9.<\/p>","protected":false},"featured_media":77320,"comment_status":"open","ping_status":"closed","template":"","meta":[],"product_brand":[],"product_cat":[305],"product_tag":[306],"class_list":{"0":"post-78370","1":"product","2":"type-product","3":"status-publish","4":"has-post-thumbnail","6":"product_cat-informatique","7":"product_tag-ordinateur-portable","9":"first","10":"instock","11":"shipping-taxable","12":"product-type-external"},"_links":{"self":[{"href":"https:\/\/joutia.shop\/en\/wp-json\/wp\/v2\/product\/78370","targetHints":{"allow":["GET"]}}],"collection":[{"href":"https:\/\/joutia.shop\/en\/wp-json\/wp\/v2\/product"}],"about":[{"href":"https:\/\/joutia.shop\/en\/wp-json\/wp\/v2\/types\/product"}],"replies":[{"embeddable":true,"href":"https:\/\/joutia.shop\/en\/wp-json\/wp\/v2\/comments?post=78370"}],"wp:featuredmedia":[{"embeddable":true,"href":"https:\/\/joutia.shop\/en\/wp-json\/wp\/v2\/media\/77320"}],"wp:attachment":[{"href":"https:\/\/joutia.shop\/en\/wp-json\/wp\/v2\/media?parent=78370"}],"wp:term":[{"taxonomy":"product_brand","embeddable":true,"href":"https:\/\/joutia.shop\/en\/wp-json\/wp\/v2\/product_brand?post=78370"},{"taxonomy":"product_cat","embeddable":true,"href":"https:\/\/joutia.shop\/en\/wp-json\/wp\/v2\/product_cat?post=78370"},{"taxonomy":"product_tag","embeddable":true,"href":"https:\/\/joutia.shop\/en\/wp-json\/wp\/v2\/product_tag?post=78370"}],"curies":[{"name":"wp","href":"https:\/\/api.w.org\/{rel}","templated":true}]}}