{"id":78361,"date":"2026-03-14T23:29:16","date_gmt":"2026-03-14T23:29:16","guid":{"rendered":"https:\/\/joutia.shop\/product\/msi-katana-15-hx-b14wgk-018fr-intel-core-i7-14650hx-16gb-ddr5-2x8gb-ssd-1tb-nvme-pcie-nvidia-rtx-5070-8gb-gddr7-156-full-hd144hz-windows-11-famille-clavier-gaming-4-zone-rgb-2\/"},"modified":"2026-03-14T23:29:16","modified_gmt":"2026-03-14T23:29:16","slug":"msi-katana-15-hx-b14wgk-018fr-intel-core-i7-14650hx-16gb-ddr5-2x8gb-ssd-1tb-nvme-pcie-nvidia-rtx-5070-8gb-gddr7-156-full-hd144hz-windows-11-famille-clavier-gaming-4-zone-rgb-2","status":"publish","type":"product","link":"https:\/\/joutia.shop\/en\/product\/msi-katana-15-hx-b14wgk-018fr-intel-core-i7-14650hx-16gb-ddr5-2x8gb-ssd-1tb-nvme-pcie-nvidia-rtx-5070-8gb-gddr7-156-full-hd144hz-windows-11-famille-clavier-gaming-4-zone-rgb-2\/","title":{"rendered":"MSI Katana 15 HX B14WGK-018FR : Intel Core i7-14650HX &#8211; 16GB DDR5 (2x8gb) &#8211; SSD 1TB NVMe PCIe &#8211; Nvidia RTX 5070 8GB GDDR7-15,6&prime; Full HD+144Hz &#8211; Windows 11 Famille &#8211; Clavier Gaming 4-Zone RGB"},"content":{"rendered":"<h2>ASUS Chromebook CM1402 Ordinateur portable 2024, \u00e9cran FHD de 14&Prime;, MediaTek Kompanio 520, 4 Go de RAM, 64 Go eMMC, carte graphique MediaTek, Bluetooth, Wi-Fi, Chrome OS, avec carte SD de 256 Go,<\/h2>\n<p>Le produit <strong>ASUS Chromebook CM1402 Ordinateur portable 2024, \u00e9cran FHD de 14&Prime;, MediaTek Kompanio 520, 4 Go de RAM, 64 Go eMMC, carte graphique MediaTek, Bluetooth, Wi-Fi, Chrome OS, avec carte SD de 256 Go,<\/strong> est con\u00e7u pour offrir performance, fiabilit\u00e9 et confort d&rsquo;utilisation.<\/p>\n<p>Ce produit est id\u00e9al pour une utilisation quotidienne et r\u00e9pond parfaitement aux besoins des utilisateurs recherchant qualit\u00e9 et efficacit\u00e9.<\/p>\n<h3>Caract\u00e9ristiques principales<\/h3>\n<ul>\n<li>Conception robuste et durable<\/li>\n<li>Utilisation simple et intuitive<\/li>\n<li>Performance fiable<\/li>\n<li>Excellent rapport qualit\u00e9-prix<\/li>\n<\/ul>","protected":false},"excerpt":{"rendered":"<p>ASUS Chromebook CM1402 Ordinateur portable 2024, \u00e9cran FHD de 14&Prime;, MediaTek Kompanio 520, 4 Go de RAM, 64 Go eMMC, carte graphique MediaTek, Bluetooth, Wi-Fi, Chrome OS, avec carte SD de 256 Go, &#8211; produit de qualit\u00e9 con\u00e7u pour un usage quotidien, offrant performance et fiabilit\u00e9.<\/p>","protected":false},"featured_media":77345,"comment_status":"open","ping_status":"closed","template":"","meta":[],"product_brand":[],"product_cat":[305],"product_tag":[306],"class_list":{"0":"post-78361","1":"product","2":"type-product","3":"status-publish","4":"has-post-thumbnail","6":"product_cat-informatique","7":"product_tag-ordinateur-portable","9":"first","10":"instock","11":"shipping-taxable","12":"product-type-external"},"_links":{"self":[{"href":"https:\/\/joutia.shop\/en\/wp-json\/wp\/v2\/product\/78361","targetHints":{"allow":["GET"]}}],"collection":[{"href":"https:\/\/joutia.shop\/en\/wp-json\/wp\/v2\/product"}],"about":[{"href":"https:\/\/joutia.shop\/en\/wp-json\/wp\/v2\/types\/product"}],"replies":[{"embeddable":true,"href":"https:\/\/joutia.shop\/en\/wp-json\/wp\/v2\/comments?post=78361"}],"wp:featuredmedia":[{"embeddable":true,"href":"https:\/\/joutia.shop\/en\/wp-json\/wp\/v2\/media\/77345"}],"wp:attachment":[{"href":"https:\/\/joutia.shop\/en\/wp-json\/wp\/v2\/media?parent=78361"}],"wp:term":[{"taxonomy":"product_brand","embeddable":true,"href":"https:\/\/joutia.shop\/en\/wp-json\/wp\/v2\/product_brand?post=78361"},{"taxonomy":"product_cat","embeddable":true,"href":"https:\/\/joutia.shop\/en\/wp-json\/wp\/v2\/product_cat?post=78361"},{"taxonomy":"product_tag","embeddable":true,"href":"https:\/\/joutia.shop\/en\/wp-json\/wp\/v2\/product_tag?post=78361"}],"curies":[{"name":"wp","href":"https:\/\/api.w.org\/{rel}","templated":true}]}}