{"id":78360,"date":"2026-03-14T23:29:16","date_gmt":"2026-03-14T23:29:16","guid":{"rendered":"https:\/\/joutia.shop\/product\/acer-aspire-go-15-ag15-32p-37mg-ordinateur-portable-156-full-hd-lcd-intel-core-3-n355-ram-8-go-ssd-512-go-intel-graphics-windows-11-home-argent-clavier-francais-azerty-2\/"},"modified":"2026-03-14T23:29:16","modified_gmt":"2026-03-14T23:29:16","slug":"acer-aspire-go-15-ag15-32p-37mg-ordinateur-portable-156-full-hd-lcd-intel-core-3-n355-ram-8-go-ssd-512-go-intel-graphics-windows-11-home-argent-clavier-francais-azerty-2","status":"publish","type":"product","link":"https:\/\/joutia.shop\/en\/product\/acer-aspire-go-15-ag15-32p-37mg-ordinateur-portable-156-full-hd-lcd-intel-core-3-n355-ram-8-go-ssd-512-go-intel-graphics-windows-11-home-argent-clavier-francais-azerty-2\/","title":{"rendered":"acer Aspire Go 15 AG15-32P-37MG, Ordinateur Portable 15,6\u00a0\u00bb Full HD LCD (Intel Core 3-N355, RAM 8 Go, SSD 512 Go, Intel Graphics, Windows 11 Home), Argent, Clavier Fran\u00e7ais AZERTY"},"content":{"rendered":"<h2>Lenovo Ordinateur portable Chromebook 3i &#8211; Ordinateur portable Full HD 15,6&Prime; &#8211; M\u00e9moire 8 Go &#8211; 64 Go de stockage &#8211; Intel Celeron N4500 &#8211; Mod\u00e8le 2023<\/h2>\n<p>Le produit <strong>Lenovo Ordinateur portable Chromebook 3i &#8211; Ordinateur portable Full HD 15,6&Prime; &#8211; M\u00e9moire 8 Go &#8211; 64 Go de stockage &#8211; Intel Celeron N4500 &#8211; Mod\u00e8le 2023<\/strong> est con\u00e7u pour offrir performance, fiabilit\u00e9 et confort d&rsquo;utilisation.<\/p>\n<p>Ce produit est id\u00e9al pour une utilisation quotidienne et r\u00e9pond parfaitement aux besoins des utilisateurs recherchant qualit\u00e9 et efficacit\u00e9.<\/p>\n<h3>Caract\u00e9ristiques principales<\/h3>\n<ul>\n<li>Conception robuste et durable<\/li>\n<li>Utilisation simple et intuitive<\/li>\n<li>Performance fiable<\/li>\n<li>Excellent rapport qualit\u00e9-prix<\/li>\n<\/ul>","protected":false},"excerpt":{"rendered":"<p>Lenovo Ordinateur portable Chromebook 3i &#8211; Ordinateur portable Full HD 15,6&Prime; &#8211; M\u00e9moire 8 Go &#8211; 64 Go de stockage &#8211; Intel Celeron N4500 &#8211; Mod\u00e8le 2023 &#8211; produit de qualit\u00e9 con\u00e7u pour un usage quotidien, offrant performance et fiabilit\u00e9.<\/p>","protected":false},"featured_media":78202,"comment_status":"open","ping_status":"closed","template":"","meta":[],"product_brand":[],"product_cat":[305],"product_tag":[306],"class_list":{"0":"post-78360","1":"product","2":"type-product","3":"status-publish","4":"has-post-thumbnail","6":"product_cat-informatique","7":"product_tag-ordinateur-portable","9":"first","10":"instock","11":"shipping-taxable","12":"product-type-external"},"_links":{"self":[{"href":"https:\/\/joutia.shop\/en\/wp-json\/wp\/v2\/product\/78360","targetHints":{"allow":["GET"]}}],"collection":[{"href":"https:\/\/joutia.shop\/en\/wp-json\/wp\/v2\/product"}],"about":[{"href":"https:\/\/joutia.shop\/en\/wp-json\/wp\/v2\/types\/product"}],"replies":[{"embeddable":true,"href":"https:\/\/joutia.shop\/en\/wp-json\/wp\/v2\/comments?post=78360"}],"wp:featuredmedia":[{"embeddable":true,"href":"https:\/\/joutia.shop\/en\/wp-json\/wp\/v2\/media\/78202"}],"wp:attachment":[{"href":"https:\/\/joutia.shop\/en\/wp-json\/wp\/v2\/media?parent=78360"}],"wp:term":[{"taxonomy":"product_brand","embeddable":true,"href":"https:\/\/joutia.shop\/en\/wp-json\/wp\/v2\/product_brand?post=78360"},{"taxonomy":"product_cat","embeddable":true,"href":"https:\/\/joutia.shop\/en\/wp-json\/wp\/v2\/product_cat?post=78360"},{"taxonomy":"product_tag","embeddable":true,"href":"https:\/\/joutia.shop\/en\/wp-json\/wp\/v2\/product_tag?post=78360"}],"curies":[{"name":"wp","href":"https:\/\/api.w.org\/{rel}","templated":true}]}}