{"id":78355,"date":"2026-03-14T23:29:15","date_gmt":"2026-03-14T23:29:15","guid":{"rendered":"https:\/\/joutia.shop\/product\/mcover-coque-compatible-uniquement-pour-les-ordinateurs-portables-hp-omnibook-5-16-af-16-ag-16-baxxxx-16-bcxxxx-et-pavilion-16-af-16-ag0000-series-windows-ai-16-2024-non-compatible-avec-les-2\/"},"modified":"2026-03-14T23:29:16","modified_gmt":"2026-03-14T23:29:16","slug":"mcover-coque-compatible-uniquement-pour-les-ordinateurs-portables-hp-omnibook-5-16-af-16-ag-16-baxxxx-16-bcxxxx-et-pavilion-16-af-16-ag0000-series-windows-ai-16-2024-non-compatible-avec-les-2","status":"publish","type":"product","link":"https:\/\/joutia.shop\/en\/product\/mcover-coque-compatible-uniquement-pour-les-ordinateurs-portables-hp-omnibook-5-16-af-16-ag-16-baxxxx-16-bcxxxx-et-pavilion-16-af-16-ag0000-series-windows-ai-16-2024-non-compatible-avec-les-2\/","title":{"rendered":"mCover Coque compatible uniquement pour les ordinateurs portables HP OmniBook 5 16-AF \/ 16-AG \/ 16-BAxxxx \/ 16-BCxxxx et Pavilion 16-AF \/ 16-AG0000 Series Windows AI 16&Prime; 2024+ (non compatible avec les"},"content":{"rendered":"<h2>Lenovo Ordinateur portable ThinkPad X1 Carbon Gen 13 Business AI, Intel Core Ultra 7 255U, \u00e9cran tactile FHD+ de 14 po, DDR5 32 Go, SSD 2 To, cam\u00e9ra infrarouge 1080p, empreintes digitales, Wi-Fi 6E<\/h2>\n<p>Le produit <strong>Lenovo Ordinateur portable ThinkPad X1 Carbon Gen 13 Business AI, Intel Core Ultra 7 255U, \u00e9cran tactile FHD+ de 14 po, DDR5 32 Go, SSD 2 To, cam\u00e9ra infrarouge 1080p, empreintes digitales, Wi-Fi 6E<\/strong> est con\u00e7u pour offrir performance, fiabilit\u00e9 et confort d&rsquo;utilisation.<\/p>\n<p>Ce produit est id\u00e9al pour une utilisation quotidienne et r\u00e9pond parfaitement aux besoins des utilisateurs recherchant qualit\u00e9 et efficacit\u00e9.<\/p>\n<h3>Caract\u00e9ristiques principales<\/h3>\n<ul>\n<li>Conception robuste et durable<\/li>\n<li>Utilisation simple et intuitive<\/li>\n<li>Performance fiable<\/li>\n<li>Excellent rapport qualit\u00e9-prix<\/li>\n<\/ul>","protected":false},"excerpt":{"rendered":"<p>Lenovo Ordinateur portable ThinkPad X1 Carbon Gen 13 Business AI, Intel Core Ultra 7 255U, \u00e9cran tactile FHD+ de 14 po, DDR5 32 Go, SSD 2 To, cam\u00e9ra infrarouge 1080p, empreintes digitales, Wi-Fi 6E &#8211; produit de qualit\u00e9 con\u00e7u pour un usage quotidien, offrant performance et fiabilit\u00e9.<\/p>","protected":false},"featured_media":78020,"comment_status":"open","ping_status":"closed","template":"","meta":[],"product_brand":[],"product_cat":[305],"product_tag":[306],"class_list":{"0":"post-78355","1":"product","2":"type-product","3":"status-publish","4":"has-post-thumbnail","6":"product_cat-informatique","7":"product_tag-ordinateur-portable","9":"first","10":"instock","11":"shipping-taxable","12":"product-type-external"},"_links":{"self":[{"href":"https:\/\/joutia.shop\/en\/wp-json\/wp\/v2\/product\/78355","targetHints":{"allow":["GET"]}}],"collection":[{"href":"https:\/\/joutia.shop\/en\/wp-json\/wp\/v2\/product"}],"about":[{"href":"https:\/\/joutia.shop\/en\/wp-json\/wp\/v2\/types\/product"}],"replies":[{"embeddable":true,"href":"https:\/\/joutia.shop\/en\/wp-json\/wp\/v2\/comments?post=78355"}],"wp:featuredmedia":[{"embeddable":true,"href":"https:\/\/joutia.shop\/en\/wp-json\/wp\/v2\/media\/78020"}],"wp:attachment":[{"href":"https:\/\/joutia.shop\/en\/wp-json\/wp\/v2\/media?parent=78355"}],"wp:term":[{"taxonomy":"product_brand","embeddable":true,"href":"https:\/\/joutia.shop\/en\/wp-json\/wp\/v2\/product_brand?post=78355"},{"taxonomy":"product_cat","embeddable":true,"href":"https:\/\/joutia.shop\/en\/wp-json\/wp\/v2\/product_cat?post=78355"},{"taxonomy":"product_tag","embeddable":true,"href":"https:\/\/joutia.shop\/en\/wp-json\/wp\/v2\/product_tag?post=78355"}],"curies":[{"name":"wp","href":"https:\/\/api.w.org\/{rel}","templated":true}]}}