{"id":78352,"date":"2026-03-14T23:29:15","date_gmt":"2026-03-14T23:29:15","guid":{"rendered":"https:\/\/joutia.shop\/product\/jansport-cortlandt-grand-sac-a-dos-compartiment-pour-ordinateur-portable-15-inch-2\/"},"modified":"2026-03-14T23:29:15","modified_gmt":"2026-03-14T23:29:15","slug":"jansport-cortlandt-grand-sac-a-dos-compartiment-pour-ordinateur-portable-15-inch-2","status":"publish","type":"product","link":"https:\/\/joutia.shop\/en\/product\/jansport-cortlandt-grand-sac-a-dos-compartiment-pour-ordinateur-portable-15-inch-2\/","title":{"rendered":"JanSport CORTLANDT Grand sac \u00e0 dos, compartiment pour ordinateur portable 15 inch"},"content":{"rendered":"<h2>Lenovo Yoga Slim 7 14IMH9 &#8211; Ordinateur Portable 14\u00a0\u00bb WUXGA (Intel Core Ultra 7 155H, RAM 16Go, SSD 512Go, Intel Arc Graphics,Windows 11 Home) Clavier r\u00e9tro\u00e9clair\u00e9 AZERTY FR &#8211; Lunaire Gris<\/h2>\n<p>Le produit <strong>Lenovo Yoga Slim 7 14IMH9 &#8211; Ordinateur Portable 14\u00a0\u00bb WUXGA (Intel Core Ultra 7 155H, RAM 16Go, SSD 512Go, Intel Arc Graphics,Windows 11 Home) Clavier r\u00e9tro\u00e9clair\u00e9 AZERTY FR &#8211; Lunaire Gris<\/strong> est con\u00e7u pour offrir performance, fiabilit\u00e9 et confort d&rsquo;utilisation.<\/p>\n<p>Ce produit est id\u00e9al pour une utilisation quotidienne et r\u00e9pond parfaitement aux besoins des utilisateurs recherchant qualit\u00e9 et efficacit\u00e9.<\/p>\n<h3>Caract\u00e9ristiques principales<\/h3>\n<ul>\n<li>Conception robuste et durable<\/li>\n<li>Utilisation simple et intuitive<\/li>\n<li>Performance fiable<\/li>\n<li>Excellent rapport qualit\u00e9-prix<\/li>\n<\/ul>","protected":false},"excerpt":{"rendered":"<p>Lenovo Yoga Slim 7 14IMH9 &#8211; Ordinateur Portable 14\u00a0\u00bb WUXGA (Intel Core Ultra 7 155H, RAM 16Go, SSD 512Go, Intel Arc Graphics,Windows 11 Home) Clavier r\u00e9tro\u00e9clair\u00e9 AZERTY FR &#8211; Lunaire Gris &#8211; produit de qualit\u00e9 con\u00e7u pour un usage quotidien, offrant performance et fiabilit\u00e9.<\/p>","protected":false},"featured_media":78108,"comment_status":"open","ping_status":"closed","template":"","meta":[],"product_brand":[],"product_cat":[305],"product_tag":[306],"class_list":{"0":"post-78352","1":"product","2":"type-product","3":"status-publish","4":"has-post-thumbnail","6":"product_cat-informatique","7":"product_tag-ordinateur-portable","9":"first","10":"instock","11":"shipping-taxable","12":"product-type-external"},"_links":{"self":[{"href":"https:\/\/joutia.shop\/en\/wp-json\/wp\/v2\/product\/78352","targetHints":{"allow":["GET"]}}],"collection":[{"href":"https:\/\/joutia.shop\/en\/wp-json\/wp\/v2\/product"}],"about":[{"href":"https:\/\/joutia.shop\/en\/wp-json\/wp\/v2\/types\/product"}],"replies":[{"embeddable":true,"href":"https:\/\/joutia.shop\/en\/wp-json\/wp\/v2\/comments?post=78352"}],"wp:featuredmedia":[{"embeddable":true,"href":"https:\/\/joutia.shop\/en\/wp-json\/wp\/v2\/media\/78108"}],"wp:attachment":[{"href":"https:\/\/joutia.shop\/en\/wp-json\/wp\/v2\/media?parent=78352"}],"wp:term":[{"taxonomy":"product_brand","embeddable":true,"href":"https:\/\/joutia.shop\/en\/wp-json\/wp\/v2\/product_brand?post=78352"},{"taxonomy":"product_cat","embeddable":true,"href":"https:\/\/joutia.shop\/en\/wp-json\/wp\/v2\/product_cat?post=78352"},{"taxonomy":"product_tag","embeddable":true,"href":"https:\/\/joutia.shop\/en\/wp-json\/wp\/v2\/product_tag?post=78352"}],"curies":[{"name":"wp","href":"https:\/\/api.w.org\/{rel}","templated":true}]}}