{"id":78351,"date":"2026-03-14T23:29:15","date_gmt":"2026-03-14T23:29:15","guid":{"rendered":"https:\/\/joutia.shop\/product\/mcover-coque-rigide-compatible-avec-les-ordinateurs-portables-hp-chromebook-x360-12-12-pouces-serie-12b-caxxxx-non-compatible-avec-dautres-ordinateurs-portables-aqua-2\/"},"modified":"2026-03-14T23:29:15","modified_gmt":"2026-03-14T23:29:15","slug":"mcover-coque-rigide-compatible-avec-les-ordinateurs-portables-hp-chromebook-x360-12-12-pouces-serie-12b-caxxxx-non-compatible-avec-dautres-ordinateurs-portables-aqua-2","status":"publish","type":"product","link":"https:\/\/joutia.shop\/en\/product\/mcover-coque-rigide-compatible-avec-les-ordinateurs-portables-hp-chromebook-x360-12-12-pouces-serie-12b-caxxxx-non-compatible-avec-dautres-ordinateurs-portables-aqua-2\/","title":{"rendered":"mCover Coque Rigide Compatible avec Les Ordinateurs Portables HP Chromebook x360 12&Prime; 12 Pouces s\u00e9rie 12B-CAxxxx (Non Compatible avec d&rsquo;autres Ordinateurs Portables) Aqua"},"content":{"rendered":"<h2>Lenovo LOQ 15AHP9 Ordinateur portable de jeu NVIDIA GeForce RTX 4050 6Go GDDR6, \u00e9cran FHD de 15,6&Prime;, AMD Ryzen 7 8845HS, 16 Go RAM, 512 Go SSD, 1920 x 1080 px, Windows 11, Luna Grey<\/h2>\n<p>Le produit <strong>Lenovo LOQ 15AHP9 Ordinateur portable de jeu NVIDIA GeForce RTX 4050 6Go GDDR6, \u00e9cran FHD de 15,6&Prime;, AMD Ryzen 7 8845HS, 16 Go RAM, 512 Go SSD, 1920 x 1080 px, Windows 11, Luna Grey<\/strong> est con\u00e7u pour offrir performance, fiabilit\u00e9 et confort d&rsquo;utilisation.<\/p>\n<p>Ce produit est id\u00e9al pour une utilisation quotidienne et r\u00e9pond parfaitement aux besoins des utilisateurs recherchant qualit\u00e9 et efficacit\u00e9.<\/p>\n<h3>Caract\u00e9ristiques principales<\/h3>\n<ul>\n<li>Conception robuste et durable<\/li>\n<li>Utilisation simple et intuitive<\/li>\n<li>Performance fiable<\/li>\n<li>Excellent rapport qualit\u00e9-prix<\/li>\n<\/ul>","protected":false},"excerpt":{"rendered":"<p>Lenovo LOQ 15AHP9 Ordinateur portable de jeu NVIDIA GeForce RTX 4050 6Go GDDR6, \u00e9cran FHD de 15,6&Prime;, AMD Ryzen 7 8845HS, 16 Go RAM, 512 Go SSD, 1920 x 1080 px, Windows 11, Luna Grey &#8211; produit de qualit\u00e9 con\u00e7u pour un usage quotidien, offrant performance et fiabilit\u00e9.<\/p>","protected":false},"featured_media":77322,"comment_status":"open","ping_status":"closed","template":"","meta":[],"product_brand":[],"product_cat":[305],"product_tag":[306],"class_list":{"0":"post-78351","1":"product","2":"type-product","3":"status-publish","4":"has-post-thumbnail","6":"product_cat-informatique","7":"product_tag-ordinateur-portable","9":"first","10":"instock","11":"shipping-taxable","12":"product-type-external"},"_links":{"self":[{"href":"https:\/\/joutia.shop\/en\/wp-json\/wp\/v2\/product\/78351","targetHints":{"allow":["GET"]}}],"collection":[{"href":"https:\/\/joutia.shop\/en\/wp-json\/wp\/v2\/product"}],"about":[{"href":"https:\/\/joutia.shop\/en\/wp-json\/wp\/v2\/types\/product"}],"replies":[{"embeddable":true,"href":"https:\/\/joutia.shop\/en\/wp-json\/wp\/v2\/comments?post=78351"}],"wp:featuredmedia":[{"embeddable":true,"href":"https:\/\/joutia.shop\/en\/wp-json\/wp\/v2\/media\/77322"}],"wp:attachment":[{"href":"https:\/\/joutia.shop\/en\/wp-json\/wp\/v2\/media?parent=78351"}],"wp:term":[{"taxonomy":"product_brand","embeddable":true,"href":"https:\/\/joutia.shop\/en\/wp-json\/wp\/v2\/product_brand?post=78351"},{"taxonomy":"product_cat","embeddable":true,"href":"https:\/\/joutia.shop\/en\/wp-json\/wp\/v2\/product_cat?post=78351"},{"taxonomy":"product_tag","embeddable":true,"href":"https:\/\/joutia.shop\/en\/wp-json\/wp\/v2\/product_tag?post=78351"}],"curies":[{"name":"wp","href":"https:\/\/api.w.org\/{rel}","templated":true}]}}