{"id":78335,"date":"2026-03-14T23:29:13","date_gmt":"2026-03-14T23:29:13","guid":{"rendered":"https:\/\/joutia.shop\/product\/tzowla-sac-a-dos-ordi-portable-college-homme-et-femmesac-a-dos-ordinateur-voyage-impermeable-antivol-avec-port-de-usb-et-serrure-convient-aux-notebook-de-156-173-pouces-2\/"},"modified":"2026-03-14T23:29:13","modified_gmt":"2026-03-14T23:29:13","slug":"tzowla-sac-a-dos-ordi-portable-college-homme-et-femmesac-a-dos-ordinateur-voyage-impermeable-antivol-avec-port-de-usb-et-serrure-convient-aux-notebook-de-156-173-pouces-2","status":"publish","type":"product","link":"https:\/\/joutia.shop\/en\/product\/tzowla-sac-a-dos-ordi-portable-college-homme-et-femmesac-a-dos-ordinateur-voyage-impermeable-antivol-avec-port-de-usb-et-serrure-convient-aux-notebook-de-156-173-pouces-2\/","title":{"rendered":"Tzowla Sac a Dos Ordi Portable College Homme et Femme,Sac \u00e0 Dos Ordinateur Voyage Impermeable Antivol avec Port de USB et Serrure Convient aux Notebook de 15,6-17,3 Pouces"},"content":{"rendered":"<h2>Lenovo Legion Pro 7i Gen 10 Ordinateur portable de jeu 16&Prime; (mod\u00e8le 2025) Intel Core Ultra 9 275HX 24C, NVIDIA GeForce RTX 5090 24 Go, 64 Go de RAM, 2 To (1 To + 1 To) NVMe SSD, 16&Prime; WQXGA OLED 500 nits<\/h2>\n<p>Le produit <strong>Lenovo Legion Pro 7i Gen 10 Ordinateur portable de jeu 16&Prime; (mod\u00e8le 2025) Intel Core Ultra 9 275HX 24C, NVIDIA GeForce RTX 5090 24 Go, 64 Go de RAM, 2 To (1 To + 1 To) NVMe SSD, 16&Prime; WQXGA OLED 500 nits<\/strong> est con\u00e7u pour offrir performance, fiabilit\u00e9 et confort d&rsquo;utilisation.<\/p>\n<p>Ce produit est id\u00e9al pour une utilisation quotidienne et r\u00e9pond parfaitement aux besoins des utilisateurs recherchant qualit\u00e9 et efficacit\u00e9.<\/p>\n<h3>Caract\u00e9ristiques principales<\/h3>\n<ul>\n<li>Conception robuste et durable<\/li>\n<li>Utilisation simple et intuitive<\/li>\n<li>Performance fiable<\/li>\n<li>Excellent rapport qualit\u00e9-prix<\/li>\n<\/ul>","protected":false},"excerpt":{"rendered":"<p>Lenovo Legion Pro 7i Gen 10 Ordinateur portable de jeu 16&Prime; (mod\u00e8le 2025) Intel Core Ultra 9 275HX 24C, NVIDIA GeForce RTX 5090 24 Go, 64 Go de RAM, 2 To (1 To + 1 To) NVMe SSD, 16&Prime; WQXGA OLED 500 nits &#8211; produit de qualit\u00e9 con\u00e7u pour un usage quotidien, offrant performance et fiabilit\u00e9.<\/p>","protected":false},"featured_media":77685,"comment_status":"open","ping_status":"closed","template":"","meta":[],"product_brand":[],"product_cat":[305],"product_tag":[306],"class_list":{"0":"post-78335","1":"product","2":"type-product","3":"status-publish","4":"has-post-thumbnail","6":"product_cat-informatique","7":"product_tag-ordinateur-portable","9":"first","10":"instock","11":"shipping-taxable","12":"product-type-external"},"_links":{"self":[{"href":"https:\/\/joutia.shop\/en\/wp-json\/wp\/v2\/product\/78335","targetHints":{"allow":["GET"]}}],"collection":[{"href":"https:\/\/joutia.shop\/en\/wp-json\/wp\/v2\/product"}],"about":[{"href":"https:\/\/joutia.shop\/en\/wp-json\/wp\/v2\/types\/product"}],"replies":[{"embeddable":true,"href":"https:\/\/joutia.shop\/en\/wp-json\/wp\/v2\/comments?post=78335"}],"wp:featuredmedia":[{"embeddable":true,"href":"https:\/\/joutia.shop\/en\/wp-json\/wp\/v2\/media\/77685"}],"wp:attachment":[{"href":"https:\/\/joutia.shop\/en\/wp-json\/wp\/v2\/media?parent=78335"}],"wp:term":[{"taxonomy":"product_brand","embeddable":true,"href":"https:\/\/joutia.shop\/en\/wp-json\/wp\/v2\/product_brand?post=78335"},{"taxonomy":"product_cat","embeddable":true,"href":"https:\/\/joutia.shop\/en\/wp-json\/wp\/v2\/product_cat?post=78335"},{"taxonomy":"product_tag","embeddable":true,"href":"https:\/\/joutia.shop\/en\/wp-json\/wp\/v2\/product_tag?post=78335"}],"curies":[{"name":"wp","href":"https:\/\/api.w.org\/{rel}","templated":true}]}}