{"id":77291,"date":"2026-03-12T22:59:19","date_gmt":"2026-03-12T22:59:19","guid":{"rendered":"https:\/\/joutia.shop\/?post_type=product&#038;p=77291"},"modified":"2026-03-12T22:59:20","modified_gmt":"2026-03-12T22:59:20","slug":"canon-pixma-ts9550a-imprimante-multifonction-jet-dencre-couleur-format-a3-et-a4-5-encres-separees-wifi-lan-2-chargeurs-de-papier-impression-recto-verso-noir","status":"publish","type":"product","link":"https:\/\/joutia.shop\/en\/product\/canon-pixma-ts9550a-imprimante-multifonction-jet-dencre-couleur-format-a3-et-a4-5-encres-separees-wifi-lan-2-chargeurs-de-papier-impression-recto-verso-noir\/","title":{"rendered":"Canon PIXMA TS9550a Color Inkjet Multifunction Printer A3 and A4 (5 separate inks, WiFi, LAN, 2 paper feeders, duplex printing) Black"},"content":{"rendered":"<h2>Canon PIXMA TS9550a Color Inkjet Multifunction Printer A3 and A4 (5 separate inks, WiFi, LAN, 2 paper feeders, duplex printing) Black<\/h2>\n<p>Le produit <strong>Canon PIXMA TS9550a Color Inkjet Multifunction Printer A3 and A4 (5 separate inks, WiFi, LAN, 2 paper feeders, duplex printing) Black<\/strong> est con\u00e7u pour offrir performance et fiabilit\u00e9.<\/p>\n<p>Ce produit est id\u00e9al pour une utilisation quotidienne et r\u00e9pond parfaitement aux besoins des utilisateurs recherchant qualit\u00e9 et efficacit\u00e9.<\/p>\n<h3>Caract\u00e9ristiques principales<\/h3>\n<ul>\n<li>Conception robuste<\/li>\n<li>Utilisation simple<\/li>\n<li>Performance fiable<\/li>\n<\/ul>","protected":false},"excerpt":{"rendered":"<p>Canon PIXMA TS9550a Imprimante Multifonction Jet d\u2019Encre Couleur Format A3 et A4 (5 encres s\u00e9par\u00e9es, WiFi, LAN, 2 chargeurs de Papier, Impression Recto Verso) Noir &#8211; produit de qualit\u00e9 con\u00e7u pour un usage quotidien.<\/p>","protected":false},"featured_media":75771,"comment_status":"open","ping_status":"closed","template":"","meta":[],"product_brand":[],"product_cat":[305],"product_tag":[336],"class_list":{"0":"post-77291","1":"product","2":"type-product","3":"status-publish","4":"has-post-thumbnail","6":"product_cat-informatique","7":"product_tag-imprimante","9":"first","10":"instock","11":"shipping-taxable","12":"product-type-external"},"_links":{"self":[{"href":"https:\/\/joutia.shop\/en\/wp-json\/wp\/v2\/product\/77291","targetHints":{"allow":["GET"]}}],"collection":[{"href":"https:\/\/joutia.shop\/en\/wp-json\/wp\/v2\/product"}],"about":[{"href":"https:\/\/joutia.shop\/en\/wp-json\/wp\/v2\/types\/product"}],"replies":[{"embeddable":true,"href":"https:\/\/joutia.shop\/en\/wp-json\/wp\/v2\/comments?post=77291"}],"wp:featuredmedia":[{"embeddable":true,"href":"https:\/\/joutia.shop\/en\/wp-json\/wp\/v2\/media\/75771"}],"wp:attachment":[{"href":"https:\/\/joutia.shop\/en\/wp-json\/wp\/v2\/media?parent=77291"}],"wp:term":[{"taxonomy":"product_brand","embeddable":true,"href":"https:\/\/joutia.shop\/en\/wp-json\/wp\/v2\/product_brand?post=77291"},{"taxonomy":"product_cat","embeddable":true,"href":"https:\/\/joutia.shop\/en\/wp-json\/wp\/v2\/product_cat?post=77291"},{"taxonomy":"product_tag","embeddable":true,"href":"https:\/\/joutia.shop\/en\/wp-json\/wp\/v2\/product_tag?post=77291"}],"curies":[{"name":"wp","href":"https:\/\/api.w.org\/{rel}","templated":true}]}}