{"id":77290,"date":"2026-03-12T22:59:19","date_gmt":"2026-03-12T22:59:19","guid":{"rendered":"https:\/\/joutia.shop\/?post_type=product&#038;p=77290"},"modified":"2026-03-12T22:59:20","modified_gmt":"2026-03-12T22:59:20","slug":"hp-deskjet-2920-89f97b-imprimante-multifonction-jet-dencre-a4-couleur-recto-verso-manuel-75-ppm-wi-fi-3-mois-dinstantink-inclus-noire-2","status":"publish","type":"product","link":"https:\/\/joutia.shop\/en\/product\/hp-deskjet-2920-89f97b-imprimante-multifonction-jet-dencre-a4-couleur-recto-verso-manuel-75-ppm-wi-fi-3-mois-dinstantink-inclus-noire-2\/","title":{"rendered":"HP DeskJet 2920, 89F97B, Multifunction Printer, Inkjet A4 Color, Manual Duplex, 7.5 ppm, Wi-FI, 3 Months InstantInk Included, Black"},"content":{"rendered":"<h2>HP DeskJet 2920, 89F97B, Multifunction Printer, Inkjet A4 Color, Manual Duplex, 7.5 ppm, Wi-FI, 3 Months InstantInk Included, Black<\/h2>\n<p>Le produit <strong>HP DeskJet 2920, 89F97B, Multifunction Printer, Inkjet A4 Color, Manual Duplex, 7.5 ppm, Wi-FI, 3 Months InstantInk Included, Black<\/strong> est con\u00e7u pour offrir performance et fiabilit\u00e9.<\/p>\n<p>Ce produit est id\u00e9al pour une utilisation quotidienne et r\u00e9pond parfaitement aux besoins des utilisateurs recherchant qualit\u00e9 et efficacit\u00e9.<\/p>\n<h3>Caract\u00e9ristiques principales<\/h3>\n<ul>\n<li>Conception robuste<\/li>\n<li>Utilisation simple<\/li>\n<li>Performance fiable<\/li>\n<\/ul>","protected":false},"excerpt":{"rendered":"<p>HP DeskJet 2920, 89F97B, Imprimante Multifonction, Jet d\u2019Encre A4 Couleur, Recto\/Verso Manuel, 7,5 ppm, Wi-FI, 3 Mois d&rsquo;InstantInk Inclus, Noire &#8211; produit de qualit\u00e9 con\u00e7u pour un usage quotidien.<\/p>","protected":false},"featured_media":75504,"comment_status":"open","ping_status":"closed","template":"","meta":[],"product_brand":[],"product_cat":[305],"product_tag":[336],"class_list":{"0":"post-77290","1":"product","2":"type-product","3":"status-publish","4":"has-post-thumbnail","6":"product_cat-informatique","7":"product_tag-imprimante","9":"first","10":"instock","11":"shipping-taxable","12":"product-type-external"},"_links":{"self":[{"href":"https:\/\/joutia.shop\/en\/wp-json\/wp\/v2\/product\/77290","targetHints":{"allow":["GET"]}}],"collection":[{"href":"https:\/\/joutia.shop\/en\/wp-json\/wp\/v2\/product"}],"about":[{"href":"https:\/\/joutia.shop\/en\/wp-json\/wp\/v2\/types\/product"}],"replies":[{"embeddable":true,"href":"https:\/\/joutia.shop\/en\/wp-json\/wp\/v2\/comments?post=77290"}],"wp:featuredmedia":[{"embeddable":true,"href":"https:\/\/joutia.shop\/en\/wp-json\/wp\/v2\/media\/75504"}],"wp:attachment":[{"href":"https:\/\/joutia.shop\/en\/wp-json\/wp\/v2\/media?parent=77290"}],"wp:term":[{"taxonomy":"product_brand","embeddable":true,"href":"https:\/\/joutia.shop\/en\/wp-json\/wp\/v2\/product_brand?post=77290"},{"taxonomy":"product_cat","embeddable":true,"href":"https:\/\/joutia.shop\/en\/wp-json\/wp\/v2\/product_cat?post=77290"},{"taxonomy":"product_tag","embeddable":true,"href":"https:\/\/joutia.shop\/en\/wp-json\/wp\/v2\/product_tag?post=77290"}],"curies":[{"name":"wp","href":"https:\/\/api.w.org\/{rel}","templated":true}]}}