{"id":77289,"date":"2026-03-12T22:59:19","date_gmt":"2026-03-12T22:59:19","guid":{"rendered":"https:\/\/joutia.shop\/?post_type=product&#038;p=77289"},"modified":"2026-03-12T22:59:20","modified_gmt":"2026-03-12T22:59:20","slug":"mfc-j5340dwe-imprimante-jet-dencre-couleur-multifonction-sans-fil-professionnelle-a4-a3-incluant-un-essai-gratuit-de-4-mois-au-forfait-ecopro","status":"publish","type":"product","link":"https:\/\/joutia.shop\/en\/product\/mfc-j5340dwe-imprimante-jet-dencre-couleur-multifonction-sans-fil-professionnelle-a4-a3-incluant-un-essai-gratuit-de-4-mois-au-forfait-ecopro\/","title":{"rendered":"MFC-J5340DWE - Professional A4\/A3 wireless multifunction color inkjet printer including 4-month free trial of EcoPro package"},"content":{"rendered":"<h2>MFC-J5340DWE - Professional A4\/A3 wireless multifunction color inkjet printer including 4-month free trial of EcoPro package<\/h2>\n<p>Le produit <strong>MFC-J5340DWE - Professional A4\/A3 wireless multifunction color inkjet printer including 4-month free trial of EcoPro package<\/strong> est con\u00e7u pour offrir performance et fiabilit\u00e9.<\/p>\n<p>Ce produit est id\u00e9al pour une utilisation quotidienne et r\u00e9pond parfaitement aux besoins des utilisateurs recherchant qualit\u00e9 et efficacit\u00e9.<\/p>\n<h3>Caract\u00e9ristiques principales<\/h3>\n<ul>\n<li>Conception robuste<\/li>\n<li>Utilisation simple<\/li>\n<li>Performance fiable<\/li>\n<\/ul>","protected":false},"excerpt":{"rendered":"<p>MFC-J5340DWE &#8211; Imprimante jet d&rsquo;encre couleur multifonction sans fil professionnelle A4\/A3 incluant un essai gratuit de 4 mois au forfait EcoPro &#8211; produit de qualit\u00e9 con\u00e7u pour un usage quotidien.<\/p>","protected":false},"featured_media":75426,"comment_status":"open","ping_status":"closed","template":"","meta":[],"product_brand":[],"product_cat":[305],"product_tag":[336],"class_list":{"0":"post-77289","1":"product","2":"type-product","3":"status-publish","4":"has-post-thumbnail","6":"product_cat-informatique","7":"product_tag-imprimante","9":"first","10":"instock","11":"shipping-taxable","12":"product-type-external"},"_links":{"self":[{"href":"https:\/\/joutia.shop\/en\/wp-json\/wp\/v2\/product\/77289","targetHints":{"allow":["GET"]}}],"collection":[{"href":"https:\/\/joutia.shop\/en\/wp-json\/wp\/v2\/product"}],"about":[{"href":"https:\/\/joutia.shop\/en\/wp-json\/wp\/v2\/types\/product"}],"replies":[{"embeddable":true,"href":"https:\/\/joutia.shop\/en\/wp-json\/wp\/v2\/comments?post=77289"}],"wp:featuredmedia":[{"embeddable":true,"href":"https:\/\/joutia.shop\/en\/wp-json\/wp\/v2\/media\/75426"}],"wp:attachment":[{"href":"https:\/\/joutia.shop\/en\/wp-json\/wp\/v2\/media?parent=77289"}],"wp:term":[{"taxonomy":"product_brand","embeddable":true,"href":"https:\/\/joutia.shop\/en\/wp-json\/wp\/v2\/product_brand?post=77289"},{"taxonomy":"product_cat","embeddable":true,"href":"https:\/\/joutia.shop\/en\/wp-json\/wp\/v2\/product_cat?post=77289"},{"taxonomy":"product_tag","embeddable":true,"href":"https:\/\/joutia.shop\/en\/wp-json\/wp\/v2\/product_tag?post=77289"}],"curies":[{"name":"wp","href":"https:\/\/api.w.org\/{rel}","templated":true}]}}