{"id":77288,"date":"2026-03-12T22:59:18","date_gmt":"2026-03-12T22:59:18","guid":{"rendered":"https:\/\/joutia.shop\/?post_type=product&#038;p=77288"},"modified":"2026-03-12T22:59:19","modified_gmt":"2026-03-12T22:59:19","slug":"brother-mfc-j6955dw-imprimante-multifonction-jet-dencre-couleur-a3-professionnelle-recto-verso-automatique-wifi-et-usb-impressions-economiques-et-de-haute-qualite-jusqua-30-ipm","status":"publish","type":"product","link":"https:\/\/joutia.shop\/en\/product\/brother-mfc-j6955dw-imprimante-multifonction-jet-dencre-couleur-a3-professionnelle-recto-verso-automatique-wifi-et-usb-impressions-economiques-et-de-haute-qualite-jusqua-30-ipm\/","title":{"rendered":"Brother MFC-J6955DW &#8211; Imprimante Multifonction Jet d&rsquo;encre Couleur A3 Professionnelle &#8211; Recto Verso Automatique &#8211; WiFi et USB &#8211; Impressions \u00e9conomiques et de Haute qualit\u00e9 jusqu&rsquo;\u00e0 30 ipm"},"content":{"rendered":"<h2>Brother MFC-J6955DW &#8211; Imprimante Multifonction Jet d&rsquo;encre Couleur A3 Professionnelle &#8211; Recto Verso Automatique &#8211; WiFi et USB &#8211; Impressions \u00e9conomiques et de Haute qualit\u00e9 jusqu&rsquo;\u00e0 30 ipm<\/h2>\n<p>Le produit <strong>Brother MFC-J6955DW &#8211; Imprimante Multifonction Jet d&rsquo;encre Couleur A3 Professionnelle &#8211; Recto Verso Automatique &#8211; WiFi et USB &#8211; Impressions \u00e9conomiques et de Haute qualit\u00e9 jusqu&rsquo;\u00e0 30 ipm<\/strong> est con\u00e7u pour offrir performance et fiabilit\u00e9.<\/p>\n<p>Ce produit est id\u00e9al pour une utilisation quotidienne et r\u00e9pond parfaitement aux besoins des utilisateurs recherchant qualit\u00e9 et efficacit\u00e9.<\/p>\n<h3>Caract\u00e9ristiques principales<\/h3>\n<ul>\n<li>Conception robuste<\/li>\n<li>Utilisation simple<\/li>\n<li>Performance fiable<\/li>\n<\/ul>","protected":false},"excerpt":{"rendered":"<p>Brother MFC-J6955DW &#8211; Imprimante Multifonction Jet d&rsquo;encre Couleur A3 Professionnelle &#8211; Recto Verso Automatique &#8211; WiFi et USB &#8211; Impressions \u00e9conomiques et de Haute qualit\u00e9 jusqu&rsquo;\u00e0 30 ipm &#8211; produit de qualit\u00e9 con\u00e7u pour un usage quotidien.<\/p>","protected":false},"featured_media":75978,"comment_status":"open","ping_status":"closed","template":"","meta":[],"product_brand":[],"product_cat":[305],"product_tag":[336],"class_list":{"0":"post-77288","1":"product","2":"type-product","3":"status-publish","4":"has-post-thumbnail","6":"product_cat-informatique","7":"product_tag-imprimante","9":"first","10":"instock","11":"shipping-taxable","12":"product-type-external"},"_links":{"self":[{"href":"https:\/\/joutia.shop\/en\/wp-json\/wp\/v2\/product\/77288","targetHints":{"allow":["GET"]}}],"collection":[{"href":"https:\/\/joutia.shop\/en\/wp-json\/wp\/v2\/product"}],"about":[{"href":"https:\/\/joutia.shop\/en\/wp-json\/wp\/v2\/types\/product"}],"replies":[{"embeddable":true,"href":"https:\/\/joutia.shop\/en\/wp-json\/wp\/v2\/comments?post=77288"}],"wp:featuredmedia":[{"embeddable":true,"href":"https:\/\/joutia.shop\/en\/wp-json\/wp\/v2\/media\/75978"}],"wp:attachment":[{"href":"https:\/\/joutia.shop\/en\/wp-json\/wp\/v2\/media?parent=77288"}],"wp:term":[{"taxonomy":"product_brand","embeddable":true,"href":"https:\/\/joutia.shop\/en\/wp-json\/wp\/v2\/product_brand?post=77288"},{"taxonomy":"product_cat","embeddable":true,"href":"https:\/\/joutia.shop\/en\/wp-json\/wp\/v2\/product_cat?post=77288"},{"taxonomy":"product_tag","embeddable":true,"href":"https:\/\/joutia.shop\/en\/wp-json\/wp\/v2\/product_tag?post=77288"}],"curies":[{"name":"wp","href":"https:\/\/api.w.org\/{rel}","templated":true}]}}