{"id":77280,"date":"2026-03-12T22:59:13","date_gmt":"2026-03-12T22:59:13","guid":{"rendered":"https:\/\/joutia.shop\/?post_type=product&#038;p=77280"},"modified":"2026-03-12T22:59:16","modified_gmt":"2026-03-12T22:59:16","slug":"brother-mfc-j6540dw-imprimante-multifonction-4-en-1-impression-copie-scan-fax-jet-dencre-couleur-a4-a3-bacs-de-250-feuilles-wifi-direct","status":"publish","type":"product","link":"https:\/\/joutia.shop\/en\/product\/brother-mfc-j6540dw-imprimante-multifonction-4-en-1-impression-copie-scan-fax-jet-dencre-couleur-a4-a3-bacs-de-250-feuilles-wifi-direct\/","title":{"rendered":"Brother MFC-J6540DW &#8211; Imprimante Multifonction 4 en 1 (Impression\/Copie\/Scan\/Fax) &#8211; Jet d&rsquo;encre Couleur &#8211; A4\/A3 &#8211; Bacs de 250 Feuilles &#8211; Wifi Direct"},"content":{"rendered":"<h2>Brother MFC-J6540DW &#8211; Imprimante Multifonction 4 en 1 (Impression\/Copie\/Scan\/Fax) &#8211; Jet d&rsquo;encre Couleur &#8211; A4\/A3 &#8211; Bacs de 250 Feuilles &#8211; Wifi Direct<\/h2>\n<p>Le produit <strong>Brother MFC-J6540DW &#8211; Imprimante Multifonction 4 en 1 (Impression\/Copie\/Scan\/Fax) &#8211; Jet d&rsquo;encre Couleur &#8211; A4\/A3 &#8211; Bacs de 250 Feuilles &#8211; Wifi Direct<\/strong> est con\u00e7u pour offrir performance et fiabilit\u00e9.<\/p>\n<p>Ce produit est id\u00e9al pour une utilisation quotidienne et r\u00e9pond parfaitement aux besoins des utilisateurs recherchant qualit\u00e9 et efficacit\u00e9.<\/p>\n<h3>Caract\u00e9ristiques principales<\/h3>\n<ul>\n<li>Conception robuste<\/li>\n<li>Utilisation simple<\/li>\n<li>Performance fiable<\/li>\n<\/ul>","protected":false},"excerpt":{"rendered":"<p>Brother MFC-J6540DW &#8211; Imprimante Multifonction 4 en 1 (Impression\/Copie\/Scan\/Fax) &#8211; Jet d&rsquo;encre Couleur &#8211; A4\/A3 &#8211; Bacs de 250 Feuilles &#8211; Wifi Direct &#8211; produit de qualit\u00e9 con\u00e7u pour un usage quotidien.<\/p>","protected":false},"featured_media":75718,"comment_status":"open","ping_status":"closed","template":"","meta":[],"product_brand":[],"product_cat":[305],"product_tag":[336],"class_list":{"0":"post-77280","1":"product","2":"type-product","3":"status-publish","4":"has-post-thumbnail","6":"product_cat-informatique","7":"product_tag-imprimante","9":"first","10":"instock","11":"shipping-taxable","12":"product-type-external"},"_links":{"self":[{"href":"https:\/\/joutia.shop\/en\/wp-json\/wp\/v2\/product\/77280","targetHints":{"allow":["GET"]}}],"collection":[{"href":"https:\/\/joutia.shop\/en\/wp-json\/wp\/v2\/product"}],"about":[{"href":"https:\/\/joutia.shop\/en\/wp-json\/wp\/v2\/types\/product"}],"replies":[{"embeddable":true,"href":"https:\/\/joutia.shop\/en\/wp-json\/wp\/v2\/comments?post=77280"}],"wp:featuredmedia":[{"embeddable":true,"href":"https:\/\/joutia.shop\/en\/wp-json\/wp\/v2\/media\/75718"}],"wp:attachment":[{"href":"https:\/\/joutia.shop\/en\/wp-json\/wp\/v2\/media?parent=77280"}],"wp:term":[{"taxonomy":"product_brand","embeddable":true,"href":"https:\/\/joutia.shop\/en\/wp-json\/wp\/v2\/product_brand?post=77280"},{"taxonomy":"product_cat","embeddable":true,"href":"https:\/\/joutia.shop\/en\/wp-json\/wp\/v2\/product_cat?post=77280"},{"taxonomy":"product_tag","embeddable":true,"href":"https:\/\/joutia.shop\/en\/wp-json\/wp\/v2\/product_tag?post=77280"}],"curies":[{"name":"wp","href":"https:\/\/api.w.org\/{rel}","templated":true}]}}