{"id":77271,"date":"2026-03-12T22:59:13","date_gmt":"2026-03-12T22:59:13","guid":{"rendered":"https:\/\/joutia.shop\/?post_type=product&#038;p=77271"},"modified":"2026-03-12T22:59:15","modified_gmt":"2026-03-12T22:59:15","slug":"hp-envy-photo-7930-imprimante-multifonction-jet-dencre-couleur-a4-wi-fi-double-bande-impression-recto-verso-automatique-adf-de-35-feuilles-bac-photo-3-mois-dinstant-ink-blanch","status":"publish","type":"product","link":"https:\/\/joutia.shop\/en\/product\/hp-envy-photo-7930-imprimante-multifonction-jet-dencre-couleur-a4-wi-fi-double-bande-impression-recto-verso-automatique-adf-de-35-feuilles-bac-photo-3-mois-dinstant-ink-blanch\/","title":{"rendered":"HP Envy Photo 7930, imprimante Multifonction Jet d\u2019Encre Couleur A4, Wi-FI Double Bande, Impression Recto Verso Automatique, ADF de 35 Feuilles, bac Photo, 3 Mois d\u2019Instant Ink, Blanche"},"content":{"rendered":"<h2>HP Envy Photo 7930, imprimante Multifonction Jet d\u2019Encre Couleur A4, Wi-FI Double Bande, Impression Recto Verso Automatique, ADF de 35 Feuilles, bac Photo, 3 Mois d\u2019Instant Ink, Blanche<\/h2>\n<p>Le produit <strong>HP Envy Photo 7930, imprimante Multifonction Jet d\u2019Encre Couleur A4, Wi-FI Double Bande, Impression Recto Verso Automatique, ADF de 35 Feuilles, bac Photo, 3 Mois d\u2019Instant Ink, Blanche<\/strong> est con\u00e7u pour offrir performance et fiabilit\u00e9.<\/p>\n<p>Ce produit est id\u00e9al pour une utilisation quotidienne et r\u00e9pond parfaitement aux besoins des utilisateurs recherchant qualit\u00e9 et efficacit\u00e9.<\/p>\n<h3>Caract\u00e9ristiques principales<\/h3>\n<ul>\n<li>Conception robuste<\/li>\n<li>Utilisation simple<\/li>\n<li>Performance fiable<\/li>\n<\/ul>","protected":false},"excerpt":{"rendered":"<p>HP Envy Photo 7930, imprimante Multifonction Jet d\u2019Encre Couleur A4, Wi-FI Double Bande, Impression Recto Verso Automatique, ADF de 35 Feuilles, bac Photo, 3 Mois d\u2019Instant Ink, Blanche &#8211; produit de qualit\u00e9 con\u00e7u pour un usage quotidien.<\/p>","protected":false},"featured_media":75693,"comment_status":"open","ping_status":"closed","template":"","meta":[],"product_brand":[],"product_cat":[305],"product_tag":[336],"class_list":{"0":"post-77271","1":"product","2":"type-product","3":"status-publish","4":"has-post-thumbnail","6":"product_cat-informatique","7":"product_tag-imprimante","9":"first","10":"instock","11":"shipping-taxable","12":"product-type-external"},"_links":{"self":[{"href":"https:\/\/joutia.shop\/en\/wp-json\/wp\/v2\/product\/77271","targetHints":{"allow":["GET"]}}],"collection":[{"href":"https:\/\/joutia.shop\/en\/wp-json\/wp\/v2\/product"}],"about":[{"href":"https:\/\/joutia.shop\/en\/wp-json\/wp\/v2\/types\/product"}],"replies":[{"embeddable":true,"href":"https:\/\/joutia.shop\/en\/wp-json\/wp\/v2\/comments?post=77271"}],"wp:featuredmedia":[{"embeddable":true,"href":"https:\/\/joutia.shop\/en\/wp-json\/wp\/v2\/media\/75693"}],"wp:attachment":[{"href":"https:\/\/joutia.shop\/en\/wp-json\/wp\/v2\/media?parent=77271"}],"wp:term":[{"taxonomy":"product_brand","embeddable":true,"href":"https:\/\/joutia.shop\/en\/wp-json\/wp\/v2\/product_brand?post=77271"},{"taxonomy":"product_cat","embeddable":true,"href":"https:\/\/joutia.shop\/en\/wp-json\/wp\/v2\/product_cat?post=77271"},{"taxonomy":"product_tag","embeddable":true,"href":"https:\/\/joutia.shop\/en\/wp-json\/wp\/v2\/product_tag?post=77271"}],"curies":[{"name":"wp","href":"https:\/\/api.w.org\/{rel}","templated":true}]}}