{"id":77270,"date":"2026-03-12T22:59:13","date_gmt":"2026-03-12T22:59:13","guid":{"rendered":"https:\/\/joutia.shop\/?post_type=product&#038;p=77270"},"modified":"2026-03-12T22:59:15","modified_gmt":"2026-03-12T22:59:15","slug":"ecotank-et-2840-imprimante-a-reservoir-dencre-multifonction-a4-wi-fi-avec-un-stock-dencre-jusqua-3-ans","status":"publish","type":"product","link":"https:\/\/joutia.shop\/en\/product\/ecotank-et-2840-imprimante-a-reservoir-dencre-multifonction-a4-wi-fi-avec-un-stock-dencre-jusqua-3-ans\/","title":{"rendered":"EcoTank ET-2840 Imprimante \u00e0 r\u00e9servoir d&rsquo;encre Multifonction A4 Wi-FI avec Un Stock d&rsquo;encre jusqu&rsquo;\u00e0 3 Ans"},"content":{"rendered":"<h2>EcoTank ET-2840 Imprimante \u00e0 r\u00e9servoir d&rsquo;encre Multifonction A4 Wi-FI avec Un Stock d&rsquo;encre jusqu&rsquo;\u00e0 3 Ans<\/h2>\n<p>Le produit <strong>EcoTank ET-2840 Imprimante \u00e0 r\u00e9servoir d&rsquo;encre Multifonction A4 Wi-FI avec Un Stock d&rsquo;encre jusqu&rsquo;\u00e0 3 Ans<\/strong> est con\u00e7u pour offrir performance et fiabilit\u00e9.<\/p>\n<p>Ce produit est id\u00e9al pour une utilisation quotidienne et r\u00e9pond parfaitement aux besoins des utilisateurs recherchant qualit\u00e9 et efficacit\u00e9.<\/p>\n<h3>Caract\u00e9ristiques principales<\/h3>\n<ul>\n<li>Conception robuste<\/li>\n<li>Utilisation simple<\/li>\n<li>Performance fiable<\/li>\n<\/ul>","protected":false},"excerpt":{"rendered":"<p>EcoTank ET-2840 Imprimante \u00e0 r\u00e9servoir d&rsquo;encre Multifonction A4 Wi-FI avec Un Stock d&rsquo;encre jusqu&rsquo;\u00e0 3 Ans &#8211; produit de qualit\u00e9 con\u00e7u pour un usage quotidien.<\/p>","protected":false},"featured_media":76010,"comment_status":"open","ping_status":"closed","template":"","meta":[],"product_brand":[],"product_cat":[305],"product_tag":[336],"class_list":{"0":"post-77270","1":"product","2":"type-product","3":"status-publish","4":"has-post-thumbnail","6":"product_cat-informatique","7":"product_tag-imprimante","9":"first","10":"instock","11":"shipping-taxable","12":"product-type-external"},"_links":{"self":[{"href":"https:\/\/joutia.shop\/en\/wp-json\/wp\/v2\/product\/77270","targetHints":{"allow":["GET"]}}],"collection":[{"href":"https:\/\/joutia.shop\/en\/wp-json\/wp\/v2\/product"}],"about":[{"href":"https:\/\/joutia.shop\/en\/wp-json\/wp\/v2\/types\/product"}],"replies":[{"embeddable":true,"href":"https:\/\/joutia.shop\/en\/wp-json\/wp\/v2\/comments?post=77270"}],"wp:featuredmedia":[{"embeddable":true,"href":"https:\/\/joutia.shop\/en\/wp-json\/wp\/v2\/media\/76010"}],"wp:attachment":[{"href":"https:\/\/joutia.shop\/en\/wp-json\/wp\/v2\/media?parent=77270"}],"wp:term":[{"taxonomy":"product_brand","embeddable":true,"href":"https:\/\/joutia.shop\/en\/wp-json\/wp\/v2\/product_brand?post=77270"},{"taxonomy":"product_cat","embeddable":true,"href":"https:\/\/joutia.shop\/en\/wp-json\/wp\/v2\/product_cat?post=77270"},{"taxonomy":"product_tag","embeddable":true,"href":"https:\/\/joutia.shop\/en\/wp-json\/wp\/v2\/product_tag?post=77270"}],"curies":[{"name":"wp","href":"https:\/\/api.w.org\/{rel}","templated":true}]}}