{"id":77269,"date":"2026-03-12T22:59:12","date_gmt":"2026-03-12T22:59:12","guid":{"rendered":"https:\/\/joutia.shop\/?post_type=product&#038;p=77269"},"modified":"2026-03-12T22:59:15","modified_gmt":"2026-03-12T22:59:15","slug":"phezer-mini-imprimante-a-jet-dencre-mise-a-jour-254-mm-1-pouce-pour-tous-les-materiaux-pc11-1-25-langues-avec-cartouche-dencre-dispositif-de-marquage-de-poche-intelligent-pour","status":"publish","type":"product","link":"https:\/\/joutia.shop\/en\/product\/phezer-mini-imprimante-a-jet-dencre-mise-a-jour-254-mm-1-pouce-pour-tous-les-materiaux-pc11-1-25-langues-avec-cartouche-dencre-dispositif-de-marquage-de-poche-intelligent-pour\/","title":{"rendered":"Phezer &#8211; Mini imprimante \u00e0 Jet d&rsquo;encre Mise \u00e0 Jour 25,4 mm \/ 1 Pouce pour Tous Les mat\u00e9riaux PC11-1, 25 Langues, avec Cartouche d&rsquo;encre, Dispositif de marquage de Poche Intelligent pour"},"content":{"rendered":"<h2>Phezer &#8211; Mini imprimante \u00e0 Jet d&rsquo;encre Mise \u00e0 Jour 25,4 mm \/ 1 Pouce pour Tous Les mat\u00e9riaux PC11-1, 25 Langues, avec Cartouche d&rsquo;encre, Dispositif de marquage de Poche Intelligent pour<\/h2>\n<p>Le produit <strong>Phezer &#8211; Mini imprimante \u00e0 Jet d&rsquo;encre Mise \u00e0 Jour 25,4 mm \/ 1 Pouce pour Tous Les mat\u00e9riaux PC11-1, 25 Langues, avec Cartouche d&rsquo;encre, Dispositif de marquage de Poche Intelligent pour<\/strong> est con\u00e7u pour offrir performance et fiabilit\u00e9.<\/p>\n<p>Ce produit est id\u00e9al pour une utilisation quotidienne et r\u00e9pond parfaitement aux besoins des utilisateurs recherchant qualit\u00e9 et efficacit\u00e9.<\/p>\n<h3>Caract\u00e9ristiques principales<\/h3>\n<ul>\n<li>Conception robuste<\/li>\n<li>Utilisation simple<\/li>\n<li>Performance fiable<\/li>\n<\/ul>","protected":false},"excerpt":{"rendered":"<p>Phezer &#8211; Mini imprimante \u00e0 Jet d&rsquo;encre Mise \u00e0 Jour 25,4 mm \/ 1 Pouce pour Tous Les mat\u00e9riaux PC11-1, 25 Langues, avec Cartouche d&rsquo;encre, Dispositif de marquage de Poche Intelligent pour &#8211; produit de qualit\u00e9 con\u00e7u pour un usage quotidien.<\/p>","protected":false},"featured_media":75900,"comment_status":"open","ping_status":"closed","template":"","meta":[],"product_brand":[],"product_cat":[305],"product_tag":[336],"class_list":{"0":"post-77269","1":"product","2":"type-product","3":"status-publish","4":"has-post-thumbnail","6":"product_cat-informatique","7":"product_tag-imprimante","9":"first","10":"instock","11":"shipping-taxable","12":"product-type-external"},"_links":{"self":[{"href":"https:\/\/joutia.shop\/en\/wp-json\/wp\/v2\/product\/77269","targetHints":{"allow":["GET"]}}],"collection":[{"href":"https:\/\/joutia.shop\/en\/wp-json\/wp\/v2\/product"}],"about":[{"href":"https:\/\/joutia.shop\/en\/wp-json\/wp\/v2\/types\/product"}],"replies":[{"embeddable":true,"href":"https:\/\/joutia.shop\/en\/wp-json\/wp\/v2\/comments?post=77269"}],"wp:featuredmedia":[{"embeddable":true,"href":"https:\/\/joutia.shop\/en\/wp-json\/wp\/v2\/media\/75900"}],"wp:attachment":[{"href":"https:\/\/joutia.shop\/en\/wp-json\/wp\/v2\/media?parent=77269"}],"wp:term":[{"taxonomy":"product_brand","embeddable":true,"href":"https:\/\/joutia.shop\/en\/wp-json\/wp\/v2\/product_brand?post=77269"},{"taxonomy":"product_cat","embeddable":true,"href":"https:\/\/joutia.shop\/en\/wp-json\/wp\/v2\/product_cat?post=77269"},{"taxonomy":"product_tag","embeddable":true,"href":"https:\/\/joutia.shop\/en\/wp-json\/wp\/v2\/product_tag?post=77269"}],"curies":[{"name":"wp","href":"https:\/\/api.w.org\/{rel}","templated":true}]}}