{"id":77266,"date":"2026-03-12T22:59:12","date_gmt":"2026-03-12T22:59:12","guid":{"rendered":"https:\/\/joutia.shop\/?post_type=product&#038;p=77266"},"modified":"2026-03-12T22:59:15","modified_gmt":"2026-03-12T22:59:15","slug":"tij127-imprimante-a-jet-dencre-portable-imprimante-portable-codeur-jet-dencre-mobile-pour-code-qr-code-barres-date-logo-texte-sur-nimporte-quelle-surface","status":"publish","type":"product","link":"https:\/\/joutia.shop\/en\/product\/tij127-imprimante-a-jet-dencre-portable-imprimante-portable-codeur-jet-dencre-mobile-pour-code-qr-code-barres-date-logo-texte-sur-nimporte-quelle-surface\/","title":{"rendered":"TIJ127 Imprimante \u00e0 Jet d&rsquo;encre Portable, Imprimante Portable, Codeur Jet d&rsquo;encre Mobile pour Code QR, Code-Barres, Date, Logo, Texte sur n&rsquo;importe Quelle Surface"},"content":{"rendered":"<h2>TIJ127 Imprimante \u00e0 Jet d&rsquo;encre Portable, Imprimante Portable, Codeur Jet d&rsquo;encre Mobile pour Code QR, Code-Barres, Date, Logo, Texte sur n&rsquo;importe Quelle Surface<\/h2>\n<p>Le produit <strong>TIJ127 Imprimante \u00e0 Jet d&rsquo;encre Portable, Imprimante Portable, Codeur Jet d&rsquo;encre Mobile pour Code QR, Code-Barres, Date, Logo, Texte sur n&rsquo;importe Quelle Surface<\/strong> est con\u00e7u pour offrir performance et fiabilit\u00e9.<\/p>\n<p>Ce produit est id\u00e9al pour une utilisation quotidienne et r\u00e9pond parfaitement aux besoins des utilisateurs recherchant qualit\u00e9 et efficacit\u00e9.<\/p>\n<h3>Caract\u00e9ristiques principales<\/h3>\n<ul>\n<li>Conception robuste<\/li>\n<li>Utilisation simple<\/li>\n<li>Performance fiable<\/li>\n<\/ul>","protected":false},"excerpt":{"rendered":"<p>TIJ127 Imprimante \u00e0 Jet d&rsquo;encre Portable, Imprimante Portable, Codeur Jet d&rsquo;encre Mobile pour Code QR, Code-Barres, Date, Logo, Texte sur n&rsquo;importe Quelle Surface &#8211; produit de qualit\u00e9 con\u00e7u pour un usage quotidien.<\/p>","protected":false},"featured_media":75486,"comment_status":"open","ping_status":"closed","template":"","meta":[],"product_brand":[],"product_cat":[305],"product_tag":[336],"class_list":{"0":"post-77266","1":"product","2":"type-product","3":"status-publish","4":"has-post-thumbnail","6":"product_cat-informatique","7":"product_tag-imprimante","9":"first","10":"instock","11":"shipping-taxable","12":"product-type-external"},"_links":{"self":[{"href":"https:\/\/joutia.shop\/en\/wp-json\/wp\/v2\/product\/77266","targetHints":{"allow":["GET"]}}],"collection":[{"href":"https:\/\/joutia.shop\/en\/wp-json\/wp\/v2\/product"}],"about":[{"href":"https:\/\/joutia.shop\/en\/wp-json\/wp\/v2\/types\/product"}],"replies":[{"embeddable":true,"href":"https:\/\/joutia.shop\/en\/wp-json\/wp\/v2\/comments?post=77266"}],"wp:featuredmedia":[{"embeddable":true,"href":"https:\/\/joutia.shop\/en\/wp-json\/wp\/v2\/media\/75486"}],"wp:attachment":[{"href":"https:\/\/joutia.shop\/en\/wp-json\/wp\/v2\/media?parent=77266"}],"wp:term":[{"taxonomy":"product_brand","embeddable":true,"href":"https:\/\/joutia.shop\/en\/wp-json\/wp\/v2\/product_brand?post=77266"},{"taxonomy":"product_cat","embeddable":true,"href":"https:\/\/joutia.shop\/en\/wp-json\/wp\/v2\/product_cat?post=77266"},{"taxonomy":"product_tag","embeddable":true,"href":"https:\/\/joutia.shop\/en\/wp-json\/wp\/v2\/product_tag?post=77266"}],"curies":[{"name":"wp","href":"https:\/\/api.w.org\/{rel}","templated":true}]}}