{"id":77238,"date":"2026-03-12T22:59:05","date_gmt":"2026-03-12T22:59:05","guid":{"rendered":"https:\/\/joutia.shop\/?post_type=product&#038;p=77238"},"modified":"2026-03-12T22:59:08","modified_gmt":"2026-03-12T22:59:08","slug":"cle-usb-8go-lot-de-5-flash-drive-cles-usb-2-0-memoire-stick-stockage-pivotantes-porte-clef-usb-u-disque-5-couleurs-melangeesrouge-vert-noir-bleu-violet","status":"publish","type":"product","link":"https:\/\/joutia.shop\/en\/product\/cle-usb-8go-lot-de-5-flash-drive-cles-usb-2-0-memoire-stick-stockage-pivotantes-porte-clef-usb-u-disque-5-couleurs-melangeesrouge-vert-noir-bleu-violet\/","title":{"rendered":"Cl\u00e9 USB 8Go Lot de 5 Flash Drive Cles USB 2.0 M\u00e9moire Stick Stockage Pivotantes Porte Clef USB U Disque (5 Couleurs M\u00e9lang\u00e9es:Rouge Vert Noir Bleu Violet)"},"content":{"rendered":"<h2>Cl\u00e9 USB 8Go Lot de 5 Flash Drive Cles USB 2.0 M\u00e9moire Stick Stockage Pivotantes Porte Clef USB U Disque (5 Couleurs M\u00e9lang\u00e9es:Rouge Vert Noir Bleu Violet)<\/h2>\n<p>Le produit <strong>Cl\u00e9 USB 8Go Lot de 5 Flash Drive Cles USB 2.0 M\u00e9moire Stick Stockage Pivotantes Porte Clef USB U Disque (5 Couleurs M\u00e9lang\u00e9es:Rouge Vert Noir Bleu Violet)<\/strong> est con\u00e7u pour offrir performance et fiabilit\u00e9.<\/p>\n<p>Ce produit est id\u00e9al pour une utilisation quotidienne et r\u00e9pond parfaitement aux besoins des utilisateurs recherchant qualit\u00e9 et efficacit\u00e9.<\/p>\n<h3>Caract\u00e9ristiques principales<\/h3>\n<ul>\n<li>Conception robuste<\/li>\n<li>Utilisation simple<\/li>\n<li>Performance fiable<\/li>\n<\/ul>","protected":false},"excerpt":{"rendered":"<p>Cl\u00e9 USB 8Go Lot de 5 Flash Drive Cles USB 2.0 M\u00e9moire Stick Stockage Pivotantes Porte Clef USB U Disque (5 Couleurs M\u00e9lang\u00e9es:Rouge Vert Noir Bleu Violet) &#8211; produit de qualit\u00e9 con\u00e7u pour un usage quotidien.<\/p>","protected":false},"featured_media":76188,"comment_status":"open","ping_status":"closed","template":"","meta":[],"product_brand":[],"product_cat":[305],"product_tag":[335],"class_list":{"0":"post-77238","1":"product","2":"type-product","3":"status-publish","4":"has-post-thumbnail","6":"product_cat-informatique","7":"product_tag-cle-usb","9":"first","10":"instock","11":"shipping-taxable","12":"product-type-external"},"_links":{"self":[{"href":"https:\/\/joutia.shop\/en\/wp-json\/wp\/v2\/product\/77238","targetHints":{"allow":["GET"]}}],"collection":[{"href":"https:\/\/joutia.shop\/en\/wp-json\/wp\/v2\/product"}],"about":[{"href":"https:\/\/joutia.shop\/en\/wp-json\/wp\/v2\/types\/product"}],"replies":[{"embeddable":true,"href":"https:\/\/joutia.shop\/en\/wp-json\/wp\/v2\/comments?post=77238"}],"wp:featuredmedia":[{"embeddable":true,"href":"https:\/\/joutia.shop\/en\/wp-json\/wp\/v2\/media\/76188"}],"wp:attachment":[{"href":"https:\/\/joutia.shop\/en\/wp-json\/wp\/v2\/media?parent=77238"}],"wp:term":[{"taxonomy":"product_brand","embeddable":true,"href":"https:\/\/joutia.shop\/en\/wp-json\/wp\/v2\/product_brand?post=77238"},{"taxonomy":"product_cat","embeddable":true,"href":"https:\/\/joutia.shop\/en\/wp-json\/wp\/v2\/product_cat?post=77238"},{"taxonomy":"product_tag","embeddable":true,"href":"https:\/\/joutia.shop\/en\/wp-json\/wp\/v2\/product_tag?post=77238"}],"curies":[{"name":"wp","href":"https:\/\/api.w.org\/{rel}","templated":true}]}}