{"id":77217,"date":"2026-03-12T22:59:00","date_gmt":"2026-03-12T22:59:00","guid":{"rendered":"https:\/\/joutia.shop\/?post_type=product&#038;p=77217"},"modified":"2026-03-12T22:59:02","modified_gmt":"2026-03-12T22:59:02","slug":"cle-usb-32-go-modele-de-medecin-mignon-memoire-stick-usb-2-0-flash-drive-pour-stockage-de-donnees-externe-vert","status":"publish","type":"product","link":"https:\/\/joutia.shop\/en\/product\/cle-usb-32-go-modele-de-medecin-mignon-memoire-stick-usb-2-0-flash-drive-pour-stockage-de-donnees-externe-vert\/","title":{"rendered":"Cl\u00e9 USB 32 Go Mod\u00e8le de M\u00e9decin Mignon M\u00e9moire Stick USB 2.0 Flash Drive pour Stockage de Donn\u00e9es Externe, Vert"},"content":{"rendered":"<h2>Cl\u00e9 USB 32 Go Mod\u00e8le de M\u00e9decin Mignon M\u00e9moire Stick USB 2.0 Flash Drive pour Stockage de Donn\u00e9es Externe, Vert<\/h2>\n<p>Le produit <strong>Cl\u00e9 USB 32 Go Mod\u00e8le de M\u00e9decin Mignon M\u00e9moire Stick USB 2.0 Flash Drive pour Stockage de Donn\u00e9es Externe, Vert<\/strong> est con\u00e7u pour offrir performance et fiabilit\u00e9.<\/p>\n<p>Ce produit est id\u00e9al pour une utilisation quotidienne et r\u00e9pond parfaitement aux besoins des utilisateurs recherchant qualit\u00e9 et efficacit\u00e9.<\/p>\n<h3>Caract\u00e9ristiques principales<\/h3>\n<ul>\n<li>Conception robuste<\/li>\n<li>Utilisation simple<\/li>\n<li>Performance fiable<\/li>\n<\/ul>","protected":false},"excerpt":{"rendered":"<p>Cl\u00e9 USB 32 Go Mod\u00e8le de M\u00e9decin Mignon M\u00e9moire Stick USB 2.0 Flash Drive pour Stockage de Donn\u00e9es Externe, Vert &#8211; produit de qualit\u00e9 con\u00e7u pour un usage quotidien.<\/p>","protected":false},"featured_media":75852,"comment_status":"open","ping_status":"closed","template":"","meta":[],"product_brand":[],"product_cat":[305],"product_tag":[335],"class_list":{"0":"post-77217","1":"product","2":"type-product","3":"status-publish","4":"has-post-thumbnail","6":"product_cat-informatique","7":"product_tag-cle-usb","9":"first","10":"instock","11":"shipping-taxable","12":"product-type-external"},"_links":{"self":[{"href":"https:\/\/joutia.shop\/en\/wp-json\/wp\/v2\/product\/77217","targetHints":{"allow":["GET"]}}],"collection":[{"href":"https:\/\/joutia.shop\/en\/wp-json\/wp\/v2\/product"}],"about":[{"href":"https:\/\/joutia.shop\/en\/wp-json\/wp\/v2\/types\/product"}],"replies":[{"embeddable":true,"href":"https:\/\/joutia.shop\/en\/wp-json\/wp\/v2\/comments?post=77217"}],"wp:featuredmedia":[{"embeddable":true,"href":"https:\/\/joutia.shop\/en\/wp-json\/wp\/v2\/media\/75852"}],"wp:attachment":[{"href":"https:\/\/joutia.shop\/en\/wp-json\/wp\/v2\/media?parent=77217"}],"wp:term":[{"taxonomy":"product_brand","embeddable":true,"href":"https:\/\/joutia.shop\/en\/wp-json\/wp\/v2\/product_brand?post=77217"},{"taxonomy":"product_cat","embeddable":true,"href":"https:\/\/joutia.shop\/en\/wp-json\/wp\/v2\/product_cat?post=77217"},{"taxonomy":"product_tag","embeddable":true,"href":"https:\/\/joutia.shop\/en\/wp-json\/wp\/v2\/product_tag?post=77217"}],"curies":[{"name":"wp","href":"https:\/\/api.w.org\/{rel}","templated":true}]}}