{"id":77205,"date":"2026-03-12T22:58:59","date_gmt":"2026-03-12T22:58:59","guid":{"rendered":"https:\/\/joutia.shop\/?post_type=product&#038;p=77205"},"modified":"2026-03-12T22:59:01","modified_gmt":"2026-03-12T22:59:01","slug":"cle-usb-upgrade-impermeable-cle-usb2-0-8-go-16-go-32go-64go-cles-usb-dessin-3d-mignon-stockage-de-donnees-haute-vitesse-memoire-stick-pendrive","status":"publish","type":"product","link":"https:\/\/joutia.shop\/en\/product\/cle-usb-upgrade-impermeable-cle-usb2-0-8-go-16-go-32go-64go-cles-usb-dessin-3d-mignon-stockage-de-donnees-haute-vitesse-memoire-stick-pendrive\/","title":{"rendered":"Cl\u00e9 USB, Upgrade imperm\u00e9able cl\u00e9 USB2.0, 8 Go \/ 16 Go \/ 32Go \/ 64Go Cles USB Dessin 3D Mignon Stockage de donn\u00e9es Haute Vitesse M\u00e9moire Stick Pendrive"},"content":{"rendered":"<h2>Cl\u00e9 USB, Upgrade imperm\u00e9able cl\u00e9 USB2.0, 8 Go \/ 16 Go \/ 32Go \/ 64Go Cles USB Dessin 3D Mignon Stockage de donn\u00e9es Haute Vitesse M\u00e9moire Stick Pendrive<\/h2>\n<p>Le produit <strong>Cl\u00e9 USB, Upgrade imperm\u00e9able cl\u00e9 USB2.0, 8 Go \/ 16 Go \/ 32Go \/ 64Go Cles USB Dessin 3D Mignon Stockage de donn\u00e9es Haute Vitesse M\u00e9moire Stick Pendrive<\/strong> est con\u00e7u pour offrir performance et fiabilit\u00e9.<\/p>\n<p>Ce produit est id\u00e9al pour une utilisation quotidienne et r\u00e9pond parfaitement aux besoins des utilisateurs recherchant qualit\u00e9 et efficacit\u00e9.<\/p>\n<h3>Caract\u00e9ristiques principales<\/h3>\n<ul>\n<li>Conception robuste<\/li>\n<li>Utilisation simple<\/li>\n<li>Performance fiable<\/li>\n<\/ul>","protected":false},"excerpt":{"rendered":"<p>Cl\u00e9 USB, Upgrade imperm\u00e9able cl\u00e9 USB2.0, 8 Go \/ 16 Go \/ 32Go \/ 64Go Cles USB Dessin 3D Mignon Stockage de donn\u00e9es Haute Vitesse M\u00e9moire Stick Pendrive &#8211; produit de qualit\u00e9 con\u00e7u pour un usage quotidien.<\/p>","protected":false},"featured_media":75459,"comment_status":"open","ping_status":"closed","template":"","meta":[],"product_brand":[],"product_cat":[305],"product_tag":[335],"class_list":{"0":"post-77205","1":"product","2":"type-product","3":"status-publish","4":"has-post-thumbnail","6":"product_cat-informatique","7":"product_tag-cle-usb","9":"first","10":"instock","11":"shipping-taxable","12":"product-type-external"},"_links":{"self":[{"href":"https:\/\/joutia.shop\/en\/wp-json\/wp\/v2\/product\/77205","targetHints":{"allow":["GET"]}}],"collection":[{"href":"https:\/\/joutia.shop\/en\/wp-json\/wp\/v2\/product"}],"about":[{"href":"https:\/\/joutia.shop\/en\/wp-json\/wp\/v2\/types\/product"}],"replies":[{"embeddable":true,"href":"https:\/\/joutia.shop\/en\/wp-json\/wp\/v2\/comments?post=77205"}],"wp:featuredmedia":[{"embeddable":true,"href":"https:\/\/joutia.shop\/en\/wp-json\/wp\/v2\/media\/75459"}],"wp:attachment":[{"href":"https:\/\/joutia.shop\/en\/wp-json\/wp\/v2\/media?parent=77205"}],"wp:term":[{"taxonomy":"product_brand","embeddable":true,"href":"https:\/\/joutia.shop\/en\/wp-json\/wp\/v2\/product_brand?post=77205"},{"taxonomy":"product_cat","embeddable":true,"href":"https:\/\/joutia.shop\/en\/wp-json\/wp\/v2\/product_cat?post=77205"},{"taxonomy":"product_tag","embeddable":true,"href":"https:\/\/joutia.shop\/en\/wp-json\/wp\/v2\/product_tag?post=77205"}],"curies":[{"name":"wp","href":"https:\/\/api.w.org\/{rel}","templated":true}]}}