{"id":77203,"date":"2026-03-12T22:58:59","date_gmt":"2026-03-12T22:58:59","guid":{"rendered":"https:\/\/joutia.shop\/?post_type=product&#038;p=77203"},"modified":"2026-03-12T22:59:01","modified_gmt":"2026-03-12T22:59:01","slug":"etui-pour-cle-usb-materiau-souple-organiseur-de-voyage-pour-cle-usb-sac-daccessoires-electroniques-portables-pour-cle-usb-avec-10-emplacements-noir-usb-drive-case-10-slots-compacte","status":"publish","type":"product","link":"https:\/\/joutia.shop\/en\/product\/etui-pour-cle-usb-materiau-souple-organiseur-de-voyage-pour-cle-usb-sac-daccessoires-electroniques-portables-pour-cle-usb-avec-10-emplacements-noir-usb-drive-case-10-slots-compacte\/","title":{"rendered":"\u00c9tui pour cl\u00e9 USB &#8211; Mat\u00e9riau Souple &#8211; Organiseur de Voyage pour cl\u00e9 USB &#8211; Sac d&rsquo;accessoires \u00e9lectroniques Portables pour cl\u00e9 USB avec 10 emplacements, Noir, USB Drive Case 10 Slots, Compacte"},"content":{"rendered":"<h2>\u00c9tui pour cl\u00e9 USB &#8211; Mat\u00e9riau Souple &#8211; Organiseur de Voyage pour cl\u00e9 USB &#8211; Sac d&rsquo;accessoires \u00e9lectroniques Portables pour cl\u00e9 USB avec 10 emplacements, Noir, USB Drive Case 10 Slots, Compacte<\/h2>\n<p>Le produit <strong>\u00c9tui pour cl\u00e9 USB &#8211; Mat\u00e9riau Souple &#8211; Organiseur de Voyage pour cl\u00e9 USB &#8211; Sac d&rsquo;accessoires \u00e9lectroniques Portables pour cl\u00e9 USB avec 10 emplacements, Noir, USB Drive Case 10 Slots, Compacte<\/strong> est con\u00e7u pour offrir performance et fiabilit\u00e9.<\/p>\n<p>Ce produit est id\u00e9al pour une utilisation quotidienne et r\u00e9pond parfaitement aux besoins des utilisateurs recherchant qualit\u00e9 et efficacit\u00e9.<\/p>\n<h3>Caract\u00e9ristiques principales<\/h3>\n<ul>\n<li>Conception robuste<\/li>\n<li>Utilisation simple<\/li>\n<li>Performance fiable<\/li>\n<\/ul>","protected":false},"excerpt":{"rendered":"<p>\u00c9tui pour cl\u00e9 USB &#8211; Mat\u00e9riau Souple &#8211; Organiseur de Voyage pour cl\u00e9 USB &#8211; Sac d&rsquo;accessoires \u00e9lectroniques Portables pour cl\u00e9 USB avec 10 emplacements, Noir, USB Drive Case 10 Slots, Compacte &#8211; produit de qualit\u00e9 con\u00e7u pour un usage quotidien.<\/p>","protected":false},"featured_media":75490,"comment_status":"open","ping_status":"closed","template":"","meta":[],"product_brand":[],"product_cat":[305],"product_tag":[335],"class_list":{"0":"post-77203","1":"product","2":"type-product","3":"status-publish","4":"has-post-thumbnail","6":"product_cat-informatique","7":"product_tag-cle-usb","9":"first","10":"instock","11":"shipping-taxable","12":"product-type-external"},"_links":{"self":[{"href":"https:\/\/joutia.shop\/en\/wp-json\/wp\/v2\/product\/77203","targetHints":{"allow":["GET"]}}],"collection":[{"href":"https:\/\/joutia.shop\/en\/wp-json\/wp\/v2\/product"}],"about":[{"href":"https:\/\/joutia.shop\/en\/wp-json\/wp\/v2\/types\/product"}],"replies":[{"embeddable":true,"href":"https:\/\/joutia.shop\/en\/wp-json\/wp\/v2\/comments?post=77203"}],"wp:featuredmedia":[{"embeddable":true,"href":"https:\/\/joutia.shop\/en\/wp-json\/wp\/v2\/media\/75490"}],"wp:attachment":[{"href":"https:\/\/joutia.shop\/en\/wp-json\/wp\/v2\/media?parent=77203"}],"wp:term":[{"taxonomy":"product_brand","embeddable":true,"href":"https:\/\/joutia.shop\/en\/wp-json\/wp\/v2\/product_brand?post=77203"},{"taxonomy":"product_cat","embeddable":true,"href":"https:\/\/joutia.shop\/en\/wp-json\/wp\/v2\/product_cat?post=77203"},{"taxonomy":"product_tag","embeddable":true,"href":"https:\/\/joutia.shop\/en\/wp-json\/wp\/v2\/product_tag?post=77203"}],"curies":[{"name":"wp","href":"https:\/\/api.w.org\/{rel}","templated":true}]}}